{"id":2,"date":"2011-10-27T19:30:34","date_gmt":"2011-10-27T19:30:34","guid":{"rendered":"https:\/\/saiak.com\/?page_id=2"},"modified":"2023-12-18T19:55:31","modified_gmt":"2023-12-18T19:55:31","slug":"saiak-elkartea","status":"publish","type":"page","link":"https:\/\/saiak.com\/eu\/saiak-elkartea\/","title":{"rendered":"Saiak elkartea"},"content":{"rendered":"<p>[et_pb_section fb_built=&#8221;1&#8243; _builder_version=&#8221;4.16&#8243; custom_padding=&#8221;30px|0px|30px|0px|true|false&#8221; global_colors_info=&#8221;{}&#8221;][et_pb_row column_structure=&#8221;3_4,1_4&#8243; _builder_version=&#8221;4.16&#8243; custom_padding=&#8221;0|0px|27px|0px|false|false&#8221; global_colors_info=&#8221;{}&#8221;][et_pb_column type=&#8221;3_4&#8243; _builder_version=&#8221;4.16&#8243; custom_padding=&#8221;|||&#8221; global_colors_info=&#8221;{}&#8221; custom_padding__hover=&#8221;|||&#8221;][et_pb_text _builder_version=&#8221;4.16&#8243; _dynamic_attributes=&#8221;content&#8221; text_font=&#8221;Acme|300|||||||&#8221; text_text_color=&#8221;#00333f&#8221; text_font_size=&#8221;36px&#8221; text_letter_spacing=&#8221;2px&#8221; header_font=&#8221;||||||||&#8221; header_text_color=&#8221;#0c71c3&#8243; header_2_font=&#8221;||||||||&#8221; header_3_font=&#8221;||||||||&#8221; text_line_height_tablet=&#8221;&#8221; text_line_height_phone=&#8221;&#8221; text_line_height_last_edited=&#8221;on|phone&#8221; global_colors_info=&#8221;{}&#8221;]@ET-DC@eyJkeW5hbWljIjp0cnVlLCJjb250ZW50IjoicG9zdF90aXRsZSIsInNldHRpbmdzIjp7ImJlZm9yZSI6IiIsImFmdGVyIjoiIn19@[\/et_pb_text][et_pb_text _builder_version=&#8221;4.16&#8243; _dynamic_attributes=&#8221;content&#8221; text_font=&#8221;|600|||||||&#8221; text_text_color=&#8221;#00333f&#8221; text_font_size=&#8221;18px&#8221; header_font=&#8221;||||||||&#8221; global_colors_info=&#8221;{}&#8221;]@ET-DC@eyJkeW5hbWljIjp0cnVlLCJjb250ZW50IjoicG9zdF9leGNlcnB0Iiwic2V0dGluZ3MiOnsiYmVmb3JlIjoiIiwiYWZ0ZXIiOiIiLCJ3b3JkcyI6IiIsInJlYWRfbW9yZV9sYWJlbCI6IiJ9fQ==@[\/et_pb_text][et_pb_image src=&#8221;https:\/\/saiak.com\/files\/2019\/01\/archive-saiak-014-andre.jpg&#8221; alt=&#8221;Arrano sugejalea \u00a9 Alain Pagoaga&#8221; title_text=&#8221;Arrano sugejalea \u00a9 Alain Pagoaga&#8221; align_tablet=&#8221;center&#8221; align_phone=&#8221;center&#8221; align_last_edited=&#8221;on|desktop&#8221; _builder_version=&#8221;4.17.1&#8243; global_colors_info=&#8221;{}&#8221;][\/et_pb_image][et_pb_text _builder_version=&#8221;4.16&#8243; text_font=&#8221;||||||||&#8221; text_font_size=&#8221;16px&#8221; global_colors_info=&#8221;{}&#8221;]<\/p>\n<h1>Elkartearen zeregina<\/h1>\n<p>Orohar bioaniztasunaren zaintzeko xedearekin, xorien eta beraien biziguneen babesteko gisan lan egiten du SAIAK elkarteak:<\/p>\n<ul>\n<li>Naturaren ezagutza baita jendartearen eta izadiaren arteko kultura trukaketak bultzatuko dituzten ikerketak eramanez<\/li>\n<li>Sentsibilisazio ekintzak eta tokian tokiko inbentarioak segurtatuz<\/li>\n<\/ul>\n<p>Hala eta guztiz ere <strong>xori harraparien eta beraien biziguneen aldeko ekintzak daramatza bereziki SAIAK-ek lurraldeko eragileen arteko trukaketaz errextuz<\/strong>.<\/p>\n<p>Bide batez, honela, bioaniztasuna zaintzen eta baloratzen parte hartu nahi du, azken finean natura eta kultura ondarearen transmisioan eraginez.<\/p>\n<p>1980 eta 1990.eko hamarkadetan SAIAK-ek komunikazio, informazio eta dibulgazio ekimenak burutu ditu, hemengo laborariei eta nagusiki ikasleei zuzenduz. <br \/>Hortarako erakusketak eta mintzaldiak antolatu ditu eskoletan eta oporguneetan, programa bereziren baitan.<br \/>Animazio horiek kideek edo zerbitzu zibikoa elkartean egiten zuten langileek beren gain hartzen zituzten.<br \/>2004an aipatzekoa da SAIAK-ek Artzaingoaren etxearen animazioan (Irati) parte hartu zuela, erakusketa bat eskainiz eta bisita gidatuak segurtatuz.<\/p>\n<p>Gaur egun elkartearen funtsezko lana ondoko espezieen kondaketan eta segipenean oinarritzen da: ugatza, sai zuria, sai arrea, arrano beltza, hontz handia, belatz handia.<br \/>Halere, gaur egun eramaten ditugun ekintza gehienak ugatza, sai zuria eta sai arreari begira bideratuak dira Frantziar estadoaren mailako plan berezi batzuen baitan, estadoak berak, Europar Batasunak edo lurraldeko elkargoek diruztaturik.<\/p>\n<h1>Funtzionamendua<\/h1>\n<p>Elkartearen lana espezie-koordinatzaileek antolatzen dute.<br \/>Ondoko espezie bakoitzak bere koordinatzailea dauka: ugatza, sai zuria, sai arrea, arrano beltza, belatz handia, hontz handia.<br \/>Koordinatzaileak behaketei esker bildu informazioak batzen eta artxibatzen ditu. Prospekzioak antolatzen ditu eta espezie bakoitzari dagozkion bilkuretan parte hartzen du.<br \/>Estado mailako planen arabera segituak diren espezieentzat (ugatza, sai zuria eta sai arrea) SAIAK-ek bere kideek egin behaketen berri ematen dio Akitania Berriko DREAL erakundeari (Frantziako Ingurumen ministeritzaren delegazioa), azken honek datu horiek txertatzen dizkielarik koordinatzen dituen europar, nazioarteko edota tokian tokiko programei.<\/p>\n<h1>Elkartearen ekintza nagusiak<\/h1>\n<h2>Harrapari handien kondaketa eta erreprodukzioaren segipena<\/h2>\n<p>Lan horiek populazioen eboluzio demografikoaren segitzea dute helburu (emendatzeak, apaltzeak edota egonkortasunaren neurtzeko).<\/p>\n<p>Zientzialariek finkatutako protokoloaren araberako datu-bilketa horrek espezien kontserbazio egoera zehazten laguntzen du,<\/p>\n<p>Urtez urte SAIAK elkateak jakinduria handia gorde ahal izan du tokiz toki egindako behaketei esker. Parerik gabeko esperientzia honetan bermatuz Ipar Euskal Herriko harraparien populazioen egoeraren ebaluaketaren eta azterketaren egiteko gai gira.<br \/>Oroitaraz dezagun 1979an lehenak izan girela gure lurraldean sai arreen inbentoriak abiarazten.<br \/>Geroztik urtero burutu dira, lagin modura, hautatutako leku jakin batzuetan.<\/p>\n<h2>Ipar Euskal Herriko sai zurien bi lotegietan kondaketak<\/h2>\n<p>1991. urteaz geroztik egiten ditu SAIAK-ek kondaketa horiek ONCFS erakundearekin partzuergoan, Hegalaldia elkartea eta behatzaile independenteak partaide.<br \/>2005ean bigarren lotegi bat aurkitua izan zen, lehenetik 7 kilometrora.<\/p>\n<p>\u201cIparraldeko sai zurien lotegiak: jarraipen telemetrikoa\u201d izeneko egitasmo bat eramaten dugu une honetan hainbat erakunderen laguntzarekin: Euskal hiri elkargoa \/ Leader Euskal mendia, Akitania Berriko eskualdea, Pirinio Atlantikoetako departamendua, CGET Pirinioak eta DREAL Akitania Berria.<\/p>\n<h2>Ugatzarendako neguko bazkaguneak (1994-2018)<\/h2>\n<p>Bazkatze horiek \u201cHezur hausle \u2013 Casseur d&#8217;os\u201d sarearen baitan gauzatu dira (FIR lehenik eta ondotik \u201cPirinioak bizirik &#8211; Pyr\u00e9n\u00e9es vivantes\u201d \/ LPO koordinakundeak kudeaturik).<br \/>\u201cLife Ugatza 1994\u201d programaren haritik helburu desberdinak zituen:<\/p>\n<ul>\n<li>Xori gazteak erakartzea eta neguko biziraupenaren lauzkatzea Iparraldean bazka bilketa errextuz<\/li>\n<li>Populazioaren emendatzea egokiak zitezkeen eremuetan bikote berriak kokaraziz<\/li>\n<li>Erreproduzitzeko zailtasunak zituzten bikoteen ugalketarako gaitasunaren sendotzea<\/li>\n<\/ul>\n<p>Gure lurraldeari zegokionez helburu nagusia bertan erreproduzitzen ziren bikoteen laguntzea zen, janaria segurtatuz, erregularki.<\/p>\n<h2>Arrano beltza Ipar Euskal Herrian<\/h2>\n<p>10 urteko behaketei eta erreprodukzio segipenari esker harrapari horren ugalketarako parametroak eta elikatze-ohiturak hobeki ezagutzen ditugu orain.<\/p>\n<h2>Eraztunak jartzen sai zuri gazteei<\/h2>\n<p>2018an hasi den ekintza hau proba gisa burutu da ondoko urratsetako metodologiaren finkatzeko eta behar logistikoen finkatzeko. 2019an gauzatuko da egiazki.<\/p>\n<h2>Artikuluak ornitologia aldizkarietan edota argitalpen berezietan<\/h2>\n<p>Hainbat artikulu argitaratu ditugu.<\/p>\n<h2>Jakinduria partekatzen sentsibilisazioa bultzatuz<\/h2>\n<p>Ipar Euskal Herriko harrapari desberdinen segipen zientifikoaz gain SAIAK-ek betidanik nahi izan ditu tokian tokiko jendeekin eta nolaz ez laborariekin harremanak atxiki, jakintzen partekatzeko eta informazioen trukatzeko.<br \/>Nahi hori dela-eta parte hartzen dugu mendiaz egin daitezkeen erabilpen anitzen inguruko eztabaidetan. Hori dena jakinez giza-ihardueren biderkatzea (artzaintza, turismoa, kirolak, ihizia\u2026) eta bioaniztasunaren babestea ez datozela bat askotan eta erabiltzaile desberdinenen arteko gatazkak sor daitezkeela.<\/p>\n<p>[\/et_pb_text][\/et_pb_column][et_pb_column type=&#8221;1_4&#8243; _builder_version=&#8221;4.16&#8243; custom_padding=&#8221;|||&#8221; global_colors_info=&#8221;{}&#8221; custom_padding__hover=&#8221;|||&#8221;][et_pb_blurb title=&#8221;Izan zaitez kide!&#8221; image=&#8221;https:\/\/saiak.com\/files\/2019\/01\/12132997526_bfbe1cc26e_o-andre-1.jpg&#8221; _builder_version=&#8221;4.16&#8243; animation=&#8221;off&#8221; global_colors_info=&#8221;{}&#8221;]<\/p>\n<p>Saiak elkarteko kide izanez, parte hartzen duzu Euskal Herriko ondare naturalaren zainketan eta, bide beretik, harraparien mundu harrigarria hobeki ezagutzeko parada duzu.<\/p>\n<p>[\/et_pb_blurb][et_pb_button button_url=&#8221;https:\/\/saiak.com\/saiak-elkartea\/izan-bazkide\/&#8221; button_text=&#8221;Izan kide&#8221; _builder_version=&#8221;4.16&#8243; custom_button=&#8221;on&#8221; button_text_size=&#8221;16px&#8221; button_text_color=&#8221;#00457a&#8221; button_border_width=&#8221;2px&#8221; button_border_radius=&#8221;6px&#8221; button_font=&#8221;||||||||&#8221; button_icon=&#8221;&#x6c;||divi||400&#8243; button_icon_placement=&#8221;left&#8221; button_on_hover=&#8221;off&#8221; global_colors_info=&#8221;{}&#8221;][\/et_pb_button][\/et_pb_column][\/et_pb_row][\/et_pb_section]<\/p>\n","protected":false},"excerpt":{"rendered":"<p>SAIAK irabazi asmorik gabeko elkartea da (1901eko frantses legearen araberakoa), interes amankomunekoa. Leon eta Jean Curutcharry-k sortu zuten Baigorrin (Baxenabarre), 1979an. Geroztik elkartea erroturik egon da beti Garazi eta Baigorri aldean, kide anitz bilduz eskualde horietan.<br \/>\nOrotara 50 bat bazkidez osatua da gaur egun SAIAK.<\/p>\n","protected":false},"author":5,"featured_media":35,"parent":0,"menu_order":0,"comment_status":"closed","ping_status":"closed","template":"","meta":{"_et_pb_use_builder":"on","_et_pb_old_content":"<!--:eu--><strong>Saiak 1901 legearen araberako elkarte bat da. Bere xedeek bat egiten dute izadiaren zaintzeari buruzko Frantziako estadoko 1976ko uztailaren 10eko legearekin.<\/strong>\r\n\r\nHelburutzat du harraparien ezagutzea eta zaintzea, informazio eta ekintza batzuen bidez, Euskal herrian. Garazi et Baigorri inguruetan bereziki jarria den elkartea da, 50 bat kiderekin.\r\n\r\n1980-1990 urteetan, komunikazio, informazio eta sentsibilizazio lanak eraman ditu, laborari eta artzainen artean, baita eskoletan. Hala nola, erakusketa eta konferentziak eskoletan eta opor guneetan, programa berezi batzuen baitan kokaturik.\r\n\r\nEkintza horiek elkarte kideek berek bete dituzte edo elkarteko langileek, zerbitzu zibila betetzen zutelarik elkartearen zerbitzuko lan eginez.\r\n\r\n<strong>Gaur egun\u00a0Saiak elkartearen zeregin nagusia espezie batzuen segimenduan datza: ugatza, sai arrea, sai zuria, arrano beltza, miru gorria eta belatz handia bezalako espeziena bereziki. Aztertu eremua, nagusiki, Ipar Euskal Herriko mendialdea da.<\/strong>\r\n\r\nElkarteak bere lana egituratu du espezie koordinatzaile batzuen bitartez, ondoko harraparien segipena haien gain hartzen dutenak: ugatza, sai zuria, sai arrea, miru gorria, arrano beltza, belatz handia, hontz handia. Aztertu eremuetan bildu informazio zentratzen dute, ateraldiak antolatzen eta espezie bakoitzari buruzko biltzar desberdinetan parte hartzen.\r\n\r\nBiltzen ditugun informazioak helarazten dizkiogu beste erakunde eta antolakunde batzuei, hala nola, LPO eta DIREN, zeinek integratzen baitituzte programa nazionaletan, europarretan edo nazio artekoetan, nazio mailako koordinatzaile gisa. Egitura ofizial horien laguntzaile den oinarrizko kate begia da beraz Saiak elkartea.\r\n\r\nBestalde, Saiak elkarteak Ugatzaren bazkatzea ere antolatzen du, Hegalaldia elkartearekin elkarlanean. Hegalaldiak kudeatzen du fauna basaren zaintze zentroa Uztaritzen. Ekintza berezi hori, espezie horren berreskurapen planaren baitan kokatzen da, LPO-k baita Estatuko zerbitzuek DIREN akitaniako egituraren bidez koordinatzen dutena.\r\n\r\nBer gisan, Saiak elkarteak, mugaz bi aldetako ugatzaren kondaketan parte hartzen du, eta, noiztenka, informazio eta komunikazio ekintza batzuetan.\r\n\r\nGaur egun Saiak elkarteak dinamika berri batean kokatu nahi du bere lana, kide berriak, ahalaz gazteak, beregana erakarriz.<!--:--><!--:fr--><strong>Saiak est une association loi 1901 \u00e0 but non lucratif, agr\u00e9\u00e9e au titre de l\u2019article 40 de la loi du 10\/07\/1976 relative \u00e0 la protection de la nature.<\/strong>\r\n\r\nSes objectifs sont la connaissance et la protection des rapaces par des actions d\u2019information et d\u2019intervention sur le terrain en Pays Basque. L\u2019association conserve un fort ancrage en territoires de Cize et Baigorri parmi sa cinquantaine d\u2019adh\u00e9rents.\r\n\r\nAnt\u00e9rieurement, elle a men\u00e9 des actions de communication, d\u2019information et de sensibilisation aupr\u00e8s des \u00e9leveurs et des scolaires telles que expositions et conf\u00e9rences dans les \u00e9coles et les centres de vacances dans le cadre de programmes particuliers.\r\n\r\nElles \u00e9taient r\u00e9alis\u00e9es soit par les adh\u00e9rents eux-m\u00eames, soit par des salari\u00e9s effectuant un service civil dans le cadre de l\u2019association. Elle a particip\u00e9 \u00e0 l\u2019animation de la Maison du Pastoralisme durant la saison estivale 2004 en mettant \u00e0 disposition un animateur et une exposition.\r\n\r\n<strong>Les actions de Saiak sont aujourd'hui concentr\u00e9es sur le suivi de reproduction des esp\u00e8ces suivantes : Gypa\u00e8te barbu, Vautour percnopt\u00e8re, Vautour fauve, Aigle royal, Milan royal et Faucon p\u00e8lerin. Le territoire \u00e9tudi\u00e9 est la zone de montagne basque et son pi\u00e9mont.<\/strong>\r\n\r\nL'association a organis\u00e9 son fonctionnement autour de coordinateurs Esp\u00e8ces : Gypa\u00e8te, Percnopt\u00e8re, Vautour fauve, Milan royal, Aigle royal, Faucon p\u00e8lerin, Hibou Grand-duc. Ils recueillent les informations relev\u00e9es sur le terrain, organisent la prospection et participent aux r\u00e9unions relatives aux esp\u00e8ces concern\u00e9es.\r\n\r\nSaiak transmet les donn\u00e9es recueillies \u00e0 des organismes tels que la L.P.O. ou la DIREN qui les int\u00e8grent dans les programmes nationaux, europ\u00e9ens ou internationaux qu'ils coordonnent \u00e0 l'\u00e9chelle nationale. L'association sert donc de relais local \u00e0 ces structures officielles.\r\n\r\nSaiak organise \u00e9galement le nourrissage sp\u00e9cifique du Gypa\u00e8te barbu avec la collaboration de l\u2019association HEGALALDIA, qui g\u00e8re le centre de sauvegarde de la faune sauvage \u00e0 Ustaritz. Cette action s\u2019effectue dans le cadre du Plan national de restauration de l\u2019esp\u00e8ce, coordonn\u00e9 par la Ligue pour la Protection des Oiseaux et pilot\u00e9 par les services de l\u2019Etat, en l\u2019occurrence la DIREN Aquitaine.\r\nDans ce m\u00eame contexte, l\u2019association SAIAK participe aux comptages transfrontaliers de Gypa\u00e8te barbu et ponctuellement, \u00e0 des actions d'information et de communication.<!--:-->","_et_gb_content_width":"","ngg_post_thumbnail":0,"footnotes":""},"class_list":["post-2","page","type-page","status-publish","has-post-thumbnail","hentry"],"yoast_head":"<!-- This site is optimized with the Yoast SEO plugin v27.4 - https:\/\/yoast.com\/product\/yoast-seo-wordpress\/ -->\n<title>Saiak elkartea &#060; SAIAK<\/title>\n<meta name=\"robots\" content=\"index, follow, max-snippet:-1, max-image-preview:large, max-video-preview:-1\" \/>\n<link rel=\"canonical\" href=\"https:\/\/saiak.com\/eu\/saiak-elkartea\/\" \/>\n<meta property=\"og:locale\" content=\"eu_ES\" \/>\n<meta property=\"og:type\" content=\"article\" \/>\n<meta property=\"og:title\" content=\"Saiak elkartea &#060; SAIAK\" \/>\n<meta property=\"og:description\" content=\"SAIAK irabazi asmorik gabeko elkartea da (1901eko frantses legearen araberakoa), interes amankomunekoa. Leon eta Jean Curutcharry-k sortu zuten Baigorrin (Baxenabarre), 1979an. Geroztik elkartea erroturik egon da beti Garazi eta Baigorri aldean, kide anitz bilduz eskualde horietan. Orotara 50 bat bazkidez osatua da gaur egun SAIAK.\" \/>\n<meta property=\"og:url\" content=\"https:\/\/saiak.com\/eu\/saiak-elkartea\/\" \/>\n<meta property=\"og:site_name\" content=\"SAIAK\" \/>\n<meta property=\"article:modified_time\" content=\"2023-12-18T19:55:31+00:00\" \/>\n<meta property=\"og:image\" content=\"https:\/\/saiak.com\/files\/2011\/11\/Archive-Saiak-020-e1547919796356.jpg\" \/>\n\t<meta property=\"og:image:width\" content=\"900\" \/>\n\t<meta property=\"og:image:height\" content=\"606\" \/>\n\t<meta property=\"og:image:type\" content=\"image\/jpeg\" \/>\n<meta name=\"twitter:label1\" content=\"Est. reading time\" \/>\n\t<meta name=\"twitter:data1\" content=\"5 minutes\" \/>\n<script type=\"application\/ld+json\" class=\"yoast-schema-graph\">{\"@context\":\"https:\\\/\\\/schema.org\",\"@graph\":[{\"@type\":\"WebPage\",\"@id\":\"https:\\\/\\\/saiak.com\\\/eu\\\/saiak-elkartea\\\/\",\"url\":\"https:\\\/\\\/saiak.com\\\/eu\\\/saiak-elkartea\\\/\",\"name\":\"Saiak elkartea &#060; SAIAK\",\"isPartOf\":{\"@id\":\"https:\\\/\\\/saiak.com\\\/eu\\\/#website\"},\"primaryImageOfPage\":{\"@id\":\"https:\\\/\\\/saiak.com\\\/eu\\\/saiak-elkartea\\\/#primaryimage\"},\"image\":{\"@id\":\"https:\\\/\\\/saiak.com\\\/eu\\\/saiak-elkartea\\\/#primaryimage\"},\"thumbnailUrl\":\"https:\\\/\\\/saiak.com\\\/files\\\/2011\\\/11\\\/Archive-Saiak-020-e1547919796356.jpg\",\"datePublished\":\"2011-10-27T19:30:34+00:00\",\"dateModified\":\"2023-12-18T19:55:31+00:00\",\"breadcrumb\":{\"@id\":\"https:\\\/\\\/saiak.com\\\/eu\\\/saiak-elkartea\\\/#breadcrumb\"},\"inLanguage\":\"eu-ES\",\"potentialAction\":[{\"@type\":\"ReadAction\",\"target\":[\"https:\\\/\\\/saiak.com\\\/eu\\\/saiak-elkartea\\\/\"]}]},{\"@type\":\"ImageObject\",\"inLanguage\":\"eu-ES\",\"@id\":\"https:\\\/\\\/saiak.com\\\/eu\\\/saiak-elkartea\\\/#primaryimage\",\"url\":\"https:\\\/\\\/saiak.com\\\/files\\\/2011\\\/11\\\/Archive-Saiak-020-e1547919796356.jpg\",\"contentUrl\":\"https:\\\/\\\/saiak.com\\\/files\\\/2011\\\/11\\\/Archive-Saiak-020-e1547919796356.jpg\",\"width\":900,\"height\":606,\"caption\":\"Membres de Saiak sur le terrain en plein hiver (Photo : Alain Pagoaga)\"},{\"@type\":\"BreadcrumbList\",\"@id\":\"https:\\\/\\\/saiak.com\\\/eu\\\/saiak-elkartea\\\/#breadcrumb\",\"itemListElement\":[{\"@type\":\"ListItem\",\"position\":1,\"name\":\"\",\"item\":\"https:\\\/\\\/saiak.com\\\/eu\\\/\"},{\"@type\":\"ListItem\",\"position\":2,\"name\":\"Saiak elkartea\"}]},{\"@type\":\"WebSite\",\"@id\":\"https:\\\/\\\/saiak.com\\\/eu\\\/#website\",\"url\":\"https:\\\/\\\/saiak.com\\\/eu\\\/\",\"name\":\"SAIAK\",\"description\":\"Euskal Herriko harraparien ikerketa eta zainketa | \u00c9tude et protection des rapaces en Pays Basque\",\"potentialAction\":[{\"@type\":\"SearchAction\",\"target\":{\"@type\":\"EntryPoint\",\"urlTemplate\":\"https:\\\/\\\/saiak.com\\\/eu\\\/?s={search_term_string}\"},\"query-input\":{\"@type\":\"PropertyValueSpecification\",\"valueRequired\":true,\"valueName\":\"search_term_string\"}}],\"inLanguage\":\"eu-ES\"}]}<\/script>\n<!-- \/ Yoast SEO plugin. -->","yoast_head_json":{"title":"Saiak elkartea &#060; SAIAK","robots":{"index":"index","follow":"follow","max-snippet":"max-snippet:-1","max-image-preview":"max-image-preview:large","max-video-preview":"max-video-preview:-1"},"canonical":"https:\/\/saiak.com\/eu\/saiak-elkartea\/","og_locale":"eu_ES","og_type":"article","og_title":"Saiak elkartea &#060; SAIAK","og_description":"SAIAK irabazi asmorik gabeko elkartea da (1901eko frantses legearen araberakoa), interes amankomunekoa. Leon eta Jean Curutcharry-k sortu zuten Baigorrin (Baxenabarre), 1979an. Geroztik elkartea erroturik egon da beti Garazi eta Baigorri aldean, kide anitz bilduz eskualde horietan. Orotara 50 bat bazkidez osatua da gaur egun SAIAK.","og_url":"https:\/\/saiak.com\/eu\/saiak-elkartea\/","og_site_name":"SAIAK","article_modified_time":"2023-12-18T19:55:31+00:00","og_image":[{"width":900,"height":606,"url":"https:\/\/saiak.com\/files\/2011\/11\/Archive-Saiak-020-e1547919796356.jpg","type":"image\/jpeg"}],"twitter_misc":{"Est. reading time":"5 minutes"},"schema":{"@context":"https:\/\/schema.org","@graph":[{"@type":"WebPage","@id":"https:\/\/saiak.com\/eu\/saiak-elkartea\/","url":"https:\/\/saiak.com\/eu\/saiak-elkartea\/","name":"Saiak elkartea &#060; SAIAK","isPartOf":{"@id":"https:\/\/saiak.com\/eu\/#website"},"primaryImageOfPage":{"@id":"https:\/\/saiak.com\/eu\/saiak-elkartea\/#primaryimage"},"image":{"@id":"https:\/\/saiak.com\/eu\/saiak-elkartea\/#primaryimage"},"thumbnailUrl":"https:\/\/saiak.com\/files\/2011\/11\/Archive-Saiak-020-e1547919796356.jpg","datePublished":"2011-10-27T19:30:34+00:00","dateModified":"2023-12-18T19:55:31+00:00","breadcrumb":{"@id":"https:\/\/saiak.com\/eu\/saiak-elkartea\/#breadcrumb"},"inLanguage":"eu-ES","potentialAction":[{"@type":"ReadAction","target":["https:\/\/saiak.com\/eu\/saiak-elkartea\/"]}]},{"@type":"ImageObject","inLanguage":"eu-ES","@id":"https:\/\/saiak.com\/eu\/saiak-elkartea\/#primaryimage","url":"https:\/\/saiak.com\/files\/2011\/11\/Archive-Saiak-020-e1547919796356.jpg","contentUrl":"https:\/\/saiak.com\/files\/2011\/11\/Archive-Saiak-020-e1547919796356.jpg","width":900,"height":606,"caption":"Membres de Saiak sur le terrain en plein hiver (Photo : Alain Pagoaga)"},{"@type":"BreadcrumbList","@id":"https:\/\/saiak.com\/eu\/saiak-elkartea\/#breadcrumb","itemListElement":[{"@type":"ListItem","position":1,"name":"","item":"https:\/\/saiak.com\/eu\/"},{"@type":"ListItem","position":2,"name":"Saiak elkartea"}]},{"@type":"WebSite","@id":"https:\/\/saiak.com\/eu\/#website","url":"https:\/\/saiak.com\/eu\/","name":"SAIAK","description":"Euskal Herriko harraparien ikerketa eta zainketa | \u00c9tude et protection des rapaces en Pays Basque","potentialAction":[{"@type":"SearchAction","target":{"@type":"EntryPoint","urlTemplate":"https:\/\/saiak.com\/eu\/?s={search_term_string}"},"query-input":{"@type":"PropertyValueSpecification","valueRequired":true,"valueName":"search_term_string"}}],"inLanguage":"eu-ES"}]}},"_links":{"self":[{"href":"https:\/\/saiak.com\/eu\/wp-json\/wp\/v2\/pages\/2\/"}],"collection":[{"href":"https:\/\/saiak.com\/eu\/wp-json\/wp\/v2\/pages\/"}],"about":[{"href":"https:\/\/saiak.com\/eu\/wp-json\/wp\/v2\/types\/page\/"}],"author":[{"embeddable":true,"href":"https:\/\/saiak.com\/eu\/wp-json\/wp\/v2\/users\/5\/"}],"replies":[{"embeddable":true,"href":"https:\/\/saiak.com\/eu\/wp-json\/wp\/v2\/comments\/?post=2"}],"version-history":[{"count":34,"href":"https:\/\/saiak.com\/eu\/wp-json\/wp\/v2\/pages\/2\/revisions\/"}],"predecessor-version":[{"id":4105,"href":"https:\/\/saiak.com\/eu\/wp-json\/wp\/v2\/pages\/2\/revisions\/4105\/"}],"wp:featuredmedia":[{"embeddable":true,"href":"https:\/\/saiak.com\/eu\/wp-json\/wp\/v2\/media\/35\/"}],"wp:attachment":[{"href":"https:\/\/saiak.com\/eu\/wp-json\/wp\/v2\/media\/?parent=2"}],"curies":[{"name":"wp","href":"https:\/\/api.w.org\/{rel}","templated":true}]}}