{"id":237,"date":"2011-11-22T19:25:46","date_gmt":"2011-11-22T19:25:46","guid":{"rendered":"https:\/\/saiak.com\/?page_id=237"},"modified":"2021-01-11T12:17:33","modified_gmt":"2021-01-11T12:17:33","slug":"sai-zuria","status":"publish","type":"page","link":"https:\/\/saiak.com\/eu\/ikertu-espezieak\/sai-zuria\/","title":{"rendered":"Sai zuria"},"content":{"rendered":"<p>[et_pb_section fb_built=&#8221;1&#8243; _builder_version=&#8221;3.22&#8243; custom_padding=&#8221;30px|0px|30px|0px|true|false&#8221;][et_pb_row column_structure=&#8221;3_4,1_4&#8243; _builder_version=&#8221;3.25&#8243; custom_padding=&#8221;0|0px|27px|0px|false|false&#8221;][et_pb_column type=&#8221;3_4&#8243; _builder_version=&#8221;3.25&#8243; custom_padding=&#8221;|||&#8221; custom_padding__hover=&#8221;|||&#8221;][et_pb_text _builder_version=&#8221;3.27.4&#8243; _dynamic_attributes=&#8221;content&#8221; text_font=&#8221;Acme|300|||||||&#8221; text_text_color=&#8221;#00333f&#8221; text_font_size=&#8221;36px&#8221; text_letter_spacing=&#8221;2px&#8221; header_font=&#8221;||||||||&#8221; header_text_color=&#8221;#0c71c3&#8243; header_2_font=&#8221;||||||||&#8221; header_3_font=&#8221;||||||||&#8221; text_line_height_tablet=&#8221;&#8221; text_line_height_phone=&#8221;&#8221; text_line_height_last_edited=&#8221;on|phone&#8221;]@ET-DC@eyJkeW5hbWljIjp0cnVlLCJjb250ZW50IjoicG9zdF90aXRsZSIsInNldHRpbmdzIjp7ImJlZm9yZSI6IiIsImFmdGVyIjoiIn19@[\/et_pb_text][et_pb_text _builder_version=&#8221;3.27.4&#8243; _dynamic_attributes=&#8221;content&#8221; text_font=&#8221;|600|||||||&#8221; text_text_color=&#8221;#00333f&#8221; text_font_size=&#8221;18px&#8221; header_font=&#8221;||||||||&#8221;]@ET-DC@eyJkeW5hbWljIjp0cnVlLCJjb250ZW50IjoicG9zdF9leGNlcnB0Iiwic2V0dGluZ3MiOnsiYmVmb3JlIjoiIiwiYWZ0ZXIiOiIiLCJ3b3JkcyI6IiIsInJlYWRfbW9yZV9sYWJlbCI6IiJ9fQ==@[\/et_pb_text][et_pb_image src=&#8221;https:\/\/saiak.com\/files\/2019\/01\/mg_9245-pagoaga-1.jpg&#8221; alt=&#8221;Sai arrea \u00a9 Alain Pagoaga&#8221; title_text=&#8221;Sai arrea \u00a9 Alain Pagoaga&#8221; align_tablet=&#8221;center&#8221; align_phone=&#8221;&#8221; align_last_edited=&#8221;on|desktop&#8221; _builder_version=&#8221;3.23&#8243;][\/et_pb_image][et_pb_text _builder_version=&#8221;3.27.4&#8243; text_font=&#8221;||||||||&#8221; text_font_size=&#8221;16px&#8221;]<\/p>\n<p>Ondorioz sai zuria mendian agertzen zenean behiak borturako bidean ematen ahal omen ziren. Txomin Peillen etnologoak \u201cemazte xuria\u201d izendatzea \u201cMari\u201d euskaldunen jainkotsaren itxuraldaketa batekin lotzen du. Horrek azalduko luke duela gutti arte bertako biztanleek xori horrentzat \u2013 eta beste harrapari nekrofagoentzat \u2013 zuten errespetua.<\/p>\n<p>Udan, sai zuria han edo hemen bildu anitz porroskaz asetzen da (hilotzak, erditze hondarrak, insekto ttipiak, kakak\u2026). Haratustel bati lotzen denean, bere moko finari esker beste harrapariek bildu ahal ez dituzten guziak garbitzen ditu.<\/p>\n<p>Pirinioetan ez bada horrelakorik ikusi ere, hasteko Afrikan frogatu izan da harriak botatzen ahal dituela ostruken bezalako arraultzen hausteko eta haietaz elikatzeko. Tresna batez baliatzen ahal den txori arraroen taldean sartzen da ondorioz.<\/p>\n<p>Frantzian, sai mota hau bakandua da. Gaur egun, 67 bikote zenbatuak dira Frantziako hegoaldean (Pirinioetan eta Proventza eskualdean), hauen erdia baino gehiago Pirineo Atlantiarretako departamenduan dagoelarik.<\/p>\n<p>Biziki arraroa eta tokiko artzaingoari lotua, espezie hau hurbiletik segitua da eta Frantziak kudeatzen duen populazioen arraberritze planean sartzen da.<\/p>\n<p>[\/et_pb_text][et_pb_testimonial portrait_url=&#8221;https:\/\/saiak.com\/files\/2019\/01\/per-dsc-0299-curutcharry-pagoaga.jpg&#8221; quote_icon=&#8221;off&#8221; _builder_version=&#8221;4.7.7&#8243; hover_enabled=&#8221;0&#8243; saved_tabs=&#8221;all&#8221; sticky_enabled=&#8221;0&#8243;]<\/p>\n<h1>Sai zuriaren ezagutzeko fitxak<\/h1>\n<p>SAIAK elkarteak dohainik eskura ahal diren sai zuriari buruzko 6 fitxa ekoiztu ditu. Hemendik eskura daitezke PDF formatuan. Espezie horrek kulturan utzi dituen oroimenak eta aztarnak, haren biologia baita haren migrazioa hobeki ezagutzeko baliagarriak izanen direlakoan.<br \/> Bistan dena, ardura, Ipar Euskal Herriko testuinguruan kokatu ditugu emandako azalpenak, fokus batzuen bitartez.<\/p>\n<ol>\n<li><a href=\"https:\/\/saiak.com\/files\/2021\/01\/sai-zuria-saiak-1.pdf\">Sai zuriaren aztarnei jarraiki Euskal Herrian<\/a><\/li>\n<li><a href=\"https:\/\/saiak.com\/files\/2021\/01\/sai-zuria-saiak-2.pdf\">Sai zuria Euskal Herrian<\/a><\/li>\n<li><a href=\"https:\/\/saiak.com\/files\/2021\/01\/sai-zuria-saiak-3.pdf\">Lo egiteko tokiak sai zuria lagunkina delako marka<\/a><\/li>\n<li><a href=\"https:\/\/saiak.com\/files\/2021\/01\/sai-zuria-saiak-4.pdf\">Sai zuriaren migrazioa: bi bidaia arriskutsu<\/a><\/li>\n<li><a href=\"https:\/\/saiak.com\/files\/2021\/01\/sai-zuria-saiak-5.pdf\">Sai zuriaren migrazioa: negu denborako mehatxuak<\/a><\/li>\n<li><a href=\"https:\/\/saiak.com\/files\/2021\/01\/sai-zuria-saiak-6.pdf\">Errobi izeneko sai zuri gaztearen lehen negua pasatzea.\u00a0Afrikara joateko lehen migrazioa\u2026<\/a><\/li>\n<\/ol>\n<p>Behako bat eman ere <a href=\"https:\/\/saiak.com\/eu\/dokumentuak\/\">SAIAK elkarteak banatzen dituen newsletter<\/a>-ei sai zuriaz daramagun segipenari jarraitzeko.<\/p>\n<p>[\/et_pb_testimonial][et_pb_text _builder_version=&#8221;3.27.4&#8243; text_font=&#8221;Acme||||||||&#8221; text_font_size=&#8221;22px&#8221; header_font=&#8221;Acme||||||||&#8221; header_2_font=&#8221;||||||||&#8221; custom_margin=&#8221;||&#8221; custom_padding=&#8221;20px||&#8221; saved_tabs=&#8221;all&#8221;]<\/p>\n<p>Argazkiak<\/p>\n<p>[\/et_pb_text][et_pb_gallery gallery_ids=&#8221;2914,2912,2910,2908,2906,2904,2902,2900,2898,2896,2770,2570,2568&#8243; posts_number=&#8221;14&#8243; show_title_and_caption=&#8221;off&#8221; show_pagination=&#8221;off&#8221; zoom_icon_color=&#8221;#ffffff&#8221; hover_overlay_color=&#8221;rgba(0,0,0,0)&#8221; hover_icon=&#8221;%%51%%&#8221; _builder_version=&#8221;3.19.4&#8243; max_width=&#8221;100%&#8221; global_module=&#8221;1145&#8243; saved_tabs=&#8221;all&#8221;][\/et_pb_gallery][\/et_pb_column][et_pb_column type=&#8221;1_4&#8243; _builder_version=&#8221;3.25&#8243; custom_padding=&#8221;|||&#8221; custom_padding__hover=&#8221;|||&#8221;][et_pb_text _builder_version=&#8221;3.27.4&#8243;]<\/p>\n<h2>Nortasun agiria<\/h2>\n<p><strong>Izen zientifikoa:<\/strong>\u00a0Neophron percnopterus<br \/><strong>Euskara:<\/strong>\u00a0Sai zuria<br \/><strong>Frantsesa:<\/strong>\u00a0Percnopt\u00e8re d\u2019Egypte<br \/><strong>Gaztelera:<\/strong>\u00a0Alimoche<br \/><strong>Inglesa:<\/strong>\u00a0Egyptian vulture<\/p>\n<p><strong>Handitasuna:\u00a0<\/strong>55 \u2013 65 cm<br \/><strong>Hego-luzera:<\/strong>\u00a01m55 \u2013 1m80<br \/><strong>Pisua:<\/strong>\u00a01,6 \u2013 2,4 kg<\/p>\n<p><strong>Kontserbazio egoera:<\/strong>\u00a0Babestua den espeziea. Frantziako zerrenda gorrian xori iraungaitzen eta zaintzekoen artean agertzen da.<\/p>\n<p>[\/et_pb_text][\/et_pb_column][\/et_pb_row][\/et_pb_section]<\/p>\n","protected":false},"excerpt":{"rendered":"<p>Sai zuria Europako sairik ttipiena da. Osoki iragailea da ; Afrika tropikalean negutzen du, urritik otsailera. Zuberoako basaburuko artzainek \u00ab Behi bidetako emazte xuria \u00bb izen goitia emana diote. Izan ere tokiko laborarientzat azken elurteen eta neguko bukaeraren iragarlea da aspaldidanik.<\/p>\n","protected":false},"author":5,"featured_media":422,"parent":18,"menu_order":4,"comment_status":"closed","ping_status":"closed","template":"","meta":{"_et_pb_use_builder":"on","_et_pb_old_content":"<strong>Sai zuria Europako sairik ttipiena da. Osoki iragailea da ; Afrika tropikalean negutzen du, urritik otsailera. Zuberoako basaburuko artzainek \u00ab Behi bidetako emazte xuria \u00bb izen goitia emana diote. Izan ere tokiko laborarientzat azken elurteen eta neguko bukaeraren iragarlea da aspaldidanik.<\/strong>\r\n\r\nOndorioz sai zuria mendian agertzen zenean behiak borturako bidean ematen ahal omen ziren. Txomin Peillen etnologoak \u201cemazte xuria\u201d izendatzea \u201cMari\u201d euskaldunen jainkotsaren itxuraldaketa batekin lotzen du. Horrek azalduko luke duela gutti arte bertako biztanleek xori horrentzat \u2013 eta beste harrapari nekrofagoentzat - zuten errespetua.\r\n\r\nUdan, sai zuria han edo hemen bildu anitz porroskaz asetzen da (hilotzak, erditze hondarrak, insekto ttipiak, kakak...). Haratustel bati lotzen denean, bere moko finari esker beste harrapariek bildu ahal ez dituzten guziak garbitzen ditu.\r\n\r\nPirinioetan ez bada horrelakorik ikusi ere, hasteko Afrikan frogatu izan da harriak botatzen ahal dituela ostruken bezalako arraultzen hausteko eta haietaz elikatzeko. Tresna batez baliatzen ahal den txori arraroen taldean sartzen da ondorioz.\r\n\r\n<object width=\"420\" height=\"365\" classid=\"clsid:d27cdb6e-ae6d-11cf-96b8-444553540000\" codebase=\"http:\/\/download.macromedia.com\/pub\/shockwave\/cabs\/flash\/swflash.cab#version=6,0,40,0\"><param name=\"src\" value=\"http:\/\/www.dailymotion.com\/swf\/k1Mz1fGyKXnwwcGRM8&amp;related=0\"><param name=\"allowfullscreen\" value=\"true\"><param name=\"allowscriptaccess\" value=\"always\"><embed width=\"420\" height=\"365\" type=\"application\/x-shockwave-flash\" src=\"http:\/\/www.dailymotion.com\/swf\/k1Mz1fGyKXnwwcGRM8&amp;related=0\" allowfullscreen=\"allowfullscreen\" allowscriptaccess=\"always\"><\/object>\r\nSai zuria kafiran - Iturria: Pyr\u00e9n\u00e9es vivantes - La falaise aux Vautours (Aste-B\u00e9on)\r\n\r\nFrantzian, sai mota hau bakandua da. Gaur egun, 67 bikote zenbatuak dira Frantziako hegoaldean (Pirinioetan eta Proventza eskualdean), hauen erdia baino gehiago Pirineo Atlantiarretako departamenduan dagoelarik.\r\n\r\nBiziki arraroa eta tokiko artzaingoari lotua, espezie hau hurbiletik segitua da eta Frantziak kudeatzen duen populazioen arraberritze planean sartzen da.\r\n<h2>Nortasun agiria<\/h2>\r\n<strong>Izen zientifikoa:<\/strong>&nbsp;Neophron percnopterus\r\n<strong>Euskara:<\/strong>&nbsp;Sai zuria\r\n<strong>Frantsesa:<\/strong>&nbsp;Percnopt\u00e8re d\u2019Egypte\r\n<strong>Gaztelera:<\/strong>&nbsp;Alimoche\r\n<strong>Inglesa:<\/strong>&nbsp;Egyptian vulture\r\n\r\n<strong>Handitasuna:&nbsp;<\/strong>55 \u2013 65 cm\r\n<strong>Hego-luzera:<\/strong>&nbsp;1m55 \u2013 1m80\r\n<strong>Pisua:<\/strong>&nbsp;1,6 \u2013 2,4 kg\r\n\r\n<strong>Kontserbazio egoera:<\/strong>&nbsp;Babestua den espeziea. Frantziako zerrenda gorrian xori iraungaitzen eta zaintzekoen artean agertzen da.\r\n<h2>Xehetasunak<\/h2>\r\n<ul>\r\n \t<li><a href=\"http:\/\/www.pourdespyreneesvivantes.fr\/\" target=\"_self\">http:\/\/www.pourdespyreneesvivantes.fr<\/a><\/li>\r\n \t<li><a href=\"http:\/\/www.euskalnatura.net\/index.php?option=com_content&amp;task=view&amp;id=684&amp;Itemid=1\" target=\"_self\">http:\/\/www.euskalnatura.net<\/a><\/li>\r\n \t<li><a href=\"http:\/\/percnoptere.lpo.fr\/\" target=\"_self\">http:\/\/percnoptere.lpo.fr<\/a><\/li>\r\n<\/ul>","_et_gb_content_width":"","ngg_post_thumbnail":0,"footnotes":""},"class_list":["post-237","page","type-page","status-publish","has-post-thumbnail","hentry"],"yoast_head":"<!-- This site is optimized with the Yoast SEO plugin v27.4 - https:\/\/yoast.com\/product\/yoast-seo-wordpress\/ -->\n<title>Sai zuria &#060; SAIAK<\/title>\n<meta name=\"robots\" content=\"index, follow, max-snippet:-1, max-image-preview:large, max-video-preview:-1\" \/>\n<link rel=\"canonical\" href=\"https:\/\/saiak.com\/eu\/ikertu-espezieak\/sai-zuria\/\" \/>\n<meta property=\"og:locale\" content=\"eu_ES\" \/>\n<meta property=\"og:type\" content=\"article\" \/>\n<meta property=\"og:title\" content=\"Sai zuria &#060; SAIAK\" \/>\n<meta property=\"og:description\" content=\"Sai zuria Europako sairik ttipiena da. Osoki iragailea da ; Afrika tropikalean negutzen du, urritik otsailera. Zuberoako basaburuko artzainek \u00ab Behi bidetako emazte xuria \u00bb izen goitia emana diote. Izan ere tokiko laborarientzat azken elurteen eta neguko bukaeraren iragarlea da aspaldidanik.\" \/>\n<meta property=\"og:url\" content=\"https:\/\/saiak.com\/eu\/ikertu-espezieak\/sai-zuria\/\" \/>\n<meta property=\"og:site_name\" content=\"SAIAK\" \/>\n<meta property=\"article:modified_time\" content=\"2021-01-11T12:17:33+00:00\" \/>\n<meta property=\"og:image\" content=\"https:\/\/saiak.com\/files\/2012\/07\/perc5.jpg\" \/>\n\t<meta property=\"og:image:width\" content=\"1726\" \/>\n\t<meta property=\"og:image:height\" content=\"1181\" \/>\n\t<meta property=\"og:image:type\" content=\"image\/jpeg\" \/>\n<meta name=\"twitter:label1\" content=\"Est. reading time\" \/>\n\t<meta name=\"twitter:data1\" content=\"3 minutes\" \/>\n<script type=\"application\/ld+json\" class=\"yoast-schema-graph\">{\"@context\":\"https:\\\/\\\/schema.org\",\"@graph\":[{\"@type\":\"WebPage\",\"@id\":\"https:\\\/\\\/saiak.com\\\/eu\\\/ikertu-espezieak\\\/sai-zuria\\\/\",\"url\":\"https:\\\/\\\/saiak.com\\\/eu\\\/ikertu-espezieak\\\/sai-zuria\\\/\",\"name\":\"Sai zuria &#060; SAIAK\",\"isPartOf\":{\"@id\":\"https:\\\/\\\/saiak.com\\\/eu\\\/#website\"},\"primaryImageOfPage\":{\"@id\":\"https:\\\/\\\/saiak.com\\\/eu\\\/ikertu-espezieak\\\/sai-zuria\\\/#primaryimage\"},\"image\":{\"@id\":\"https:\\\/\\\/saiak.com\\\/eu\\\/ikertu-espezieak\\\/sai-zuria\\\/#primaryimage\"},\"thumbnailUrl\":\"https:\\\/\\\/saiak.com\\\/files\\\/2012\\\/07\\\/perc5.jpg\",\"datePublished\":\"2011-11-22T19:25:46+00:00\",\"dateModified\":\"2021-01-11T12:17:33+00:00\",\"breadcrumb\":{\"@id\":\"https:\\\/\\\/saiak.com\\\/eu\\\/ikertu-espezieak\\\/sai-zuria\\\/#breadcrumb\"},\"inLanguage\":\"eu-ES\",\"potentialAction\":[{\"@type\":\"ReadAction\",\"target\":[\"https:\\\/\\\/saiak.com\\\/eu\\\/ikertu-espezieak\\\/sai-zuria\\\/\"]}]},{\"@type\":\"ImageObject\",\"inLanguage\":\"eu-ES\",\"@id\":\"https:\\\/\\\/saiak.com\\\/eu\\\/ikertu-espezieak\\\/sai-zuria\\\/#primaryimage\",\"url\":\"https:\\\/\\\/saiak.com\\\/files\\\/2012\\\/07\\\/perc5.jpg\",\"contentUrl\":\"https:\\\/\\\/saiak.com\\\/files\\\/2012\\\/07\\\/perc5.jpg\",\"width\":1726,\"height\":1181},{\"@type\":\"BreadcrumbList\",\"@id\":\"https:\\\/\\\/saiak.com\\\/eu\\\/ikertu-espezieak\\\/sai-zuria\\\/#breadcrumb\",\"itemListElement\":[{\"@type\":\"ListItem\",\"position\":1,\"name\":\"\",\"item\":\"https:\\\/\\\/saiak.com\\\/eu\\\/\"},{\"@type\":\"ListItem\",\"position\":2,\"name\":\"Saiak elkarteak ikertzen dituen espezieak\",\"item\":\"https:\\\/\\\/saiak.com\\\/eu\\\/ikertu-espezieak\\\/\"},{\"@type\":\"ListItem\",\"position\":3,\"name\":\"Sai zuria\"}]},{\"@type\":\"WebSite\",\"@id\":\"https:\\\/\\\/saiak.com\\\/eu\\\/#website\",\"url\":\"https:\\\/\\\/saiak.com\\\/eu\\\/\",\"name\":\"SAIAK\",\"description\":\"Euskal Herriko harraparien ikerketa eta zainketa | \u00c9tude et protection des rapaces en Pays Basque\",\"potentialAction\":[{\"@type\":\"SearchAction\",\"target\":{\"@type\":\"EntryPoint\",\"urlTemplate\":\"https:\\\/\\\/saiak.com\\\/eu\\\/?s={search_term_string}\"},\"query-input\":{\"@type\":\"PropertyValueSpecification\",\"valueRequired\":true,\"valueName\":\"search_term_string\"}}],\"inLanguage\":\"eu-ES\"}]}<\/script>\n<!-- \/ Yoast SEO plugin. -->","yoast_head_json":{"title":"Sai zuria &#060; SAIAK","robots":{"index":"index","follow":"follow","max-snippet":"max-snippet:-1","max-image-preview":"max-image-preview:large","max-video-preview":"max-video-preview:-1"},"canonical":"https:\/\/saiak.com\/eu\/ikertu-espezieak\/sai-zuria\/","og_locale":"eu_ES","og_type":"article","og_title":"Sai zuria &#060; SAIAK","og_description":"Sai zuria Europako sairik ttipiena da. Osoki iragailea da ; Afrika tropikalean negutzen du, urritik otsailera. Zuberoako basaburuko artzainek \u00ab Behi bidetako emazte xuria \u00bb izen goitia emana diote. Izan ere tokiko laborarientzat azken elurteen eta neguko bukaeraren iragarlea da aspaldidanik.","og_url":"https:\/\/saiak.com\/eu\/ikertu-espezieak\/sai-zuria\/","og_site_name":"SAIAK","article_modified_time":"2021-01-11T12:17:33+00:00","og_image":[{"width":1726,"height":1181,"url":"https:\/\/saiak.com\/files\/2012\/07\/perc5.jpg","type":"image\/jpeg"}],"twitter_misc":{"Est. reading time":"3 minutes"},"schema":{"@context":"https:\/\/schema.org","@graph":[{"@type":"WebPage","@id":"https:\/\/saiak.com\/eu\/ikertu-espezieak\/sai-zuria\/","url":"https:\/\/saiak.com\/eu\/ikertu-espezieak\/sai-zuria\/","name":"Sai zuria &#060; SAIAK","isPartOf":{"@id":"https:\/\/saiak.com\/eu\/#website"},"primaryImageOfPage":{"@id":"https:\/\/saiak.com\/eu\/ikertu-espezieak\/sai-zuria\/#primaryimage"},"image":{"@id":"https:\/\/saiak.com\/eu\/ikertu-espezieak\/sai-zuria\/#primaryimage"},"thumbnailUrl":"https:\/\/saiak.com\/files\/2012\/07\/perc5.jpg","datePublished":"2011-11-22T19:25:46+00:00","dateModified":"2021-01-11T12:17:33+00:00","breadcrumb":{"@id":"https:\/\/saiak.com\/eu\/ikertu-espezieak\/sai-zuria\/#breadcrumb"},"inLanguage":"eu-ES","potentialAction":[{"@type":"ReadAction","target":["https:\/\/saiak.com\/eu\/ikertu-espezieak\/sai-zuria\/"]}]},{"@type":"ImageObject","inLanguage":"eu-ES","@id":"https:\/\/saiak.com\/eu\/ikertu-espezieak\/sai-zuria\/#primaryimage","url":"https:\/\/saiak.com\/files\/2012\/07\/perc5.jpg","contentUrl":"https:\/\/saiak.com\/files\/2012\/07\/perc5.jpg","width":1726,"height":1181},{"@type":"BreadcrumbList","@id":"https:\/\/saiak.com\/eu\/ikertu-espezieak\/sai-zuria\/#breadcrumb","itemListElement":[{"@type":"ListItem","position":1,"name":"","item":"https:\/\/saiak.com\/eu\/"},{"@type":"ListItem","position":2,"name":"Saiak elkarteak ikertzen dituen espezieak","item":"https:\/\/saiak.com\/eu\/ikertu-espezieak\/"},{"@type":"ListItem","position":3,"name":"Sai zuria"}]},{"@type":"WebSite","@id":"https:\/\/saiak.com\/eu\/#website","url":"https:\/\/saiak.com\/eu\/","name":"SAIAK","description":"Euskal Herriko harraparien ikerketa eta zainketa | \u00c9tude et protection des rapaces en Pays Basque","potentialAction":[{"@type":"SearchAction","target":{"@type":"EntryPoint","urlTemplate":"https:\/\/saiak.com\/eu\/?s={search_term_string}"},"query-input":{"@type":"PropertyValueSpecification","valueRequired":true,"valueName":"search_term_string"}}],"inLanguage":"eu-ES"}]}},"_links":{"self":[{"href":"https:\/\/saiak.com\/eu\/wp-json\/wp\/v2\/pages\/237\/"}],"collection":[{"href":"https:\/\/saiak.com\/eu\/wp-json\/wp\/v2\/pages\/"}],"about":[{"href":"https:\/\/saiak.com\/eu\/wp-json\/wp\/v2\/types\/page\/"}],"author":[{"embeddable":true,"href":"https:\/\/saiak.com\/eu\/wp-json\/wp\/v2\/users\/5\/"}],"replies":[{"embeddable":true,"href":"https:\/\/saiak.com\/eu\/wp-json\/wp\/v2\/comments\/?post=237"}],"version-history":[{"count":15,"href":"https:\/\/saiak.com\/eu\/wp-json\/wp\/v2\/pages\/237\/revisions\/"}],"predecessor-version":[{"id":3946,"href":"https:\/\/saiak.com\/eu\/wp-json\/wp\/v2\/pages\/237\/revisions\/3946\/"}],"up":[{"embeddable":true,"href":"https:\/\/saiak.com\/eu\/wp-json\/wp\/v2\/pages\/18\/"}],"wp:featuredmedia":[{"embeddable":true,"href":"https:\/\/saiak.com\/eu\/wp-json\/wp\/v2\/media\/422\/"}],"wp:attachment":[{"href":"https:\/\/saiak.com\/eu\/wp-json\/wp\/v2\/media\/?parent=237"}],"curies":[{"name":"wp","href":"https:\/\/api.w.org\/{rel}","templated":true}]}}