{"id":406,"date":"2012-07-29T08:37:29","date_gmt":"2012-07-29T08:37:29","guid":{"rendered":"https:\/\/saiak.com\/?page_id=406"},"modified":"2023-02-22T12:24:57","modified_gmt":"2023-02-22T12:24:57","slug":"dokumentuak","status":"publish","type":"page","link":"https:\/\/saiak.com\/eu\/dokumentuak\/","title":{"rendered":"Dokumentuak"},"content":{"rendered":"<p>[et_pb_section fb_built=&#8221;1&#8243; _builder_version=&#8221;4.16&#8243; custom_padding=&#8221;30px|0px|30px|0px|true|false&#8221; global_colors_info=&#8221;{}&#8221;][et_pb_row column_structure=&#8221;3_4,1_4&#8243; _builder_version=&#8221;4.16&#8243; custom_padding=&#8221;0|0px|27px|0px|false|false&#8221; global_colors_info=&#8221;{}&#8221;][et_pb_column type=&#8221;3_4&#8243; _builder_version=&#8221;4.16&#8243; custom_padding=&#8221;|||&#8221; global_colors_info=&#8221;{}&#8221; custom_padding__hover=&#8221;|||&#8221;][et_pb_text _builder_version=&#8221;4.16&#8243; _dynamic_attributes=&#8221;content&#8221; text_font=&#8221;Acme|300|||||||&#8221; text_text_color=&#8221;#00333f&#8221; text_font_size=&#8221;36px&#8221; text_letter_spacing=&#8221;2px&#8221; header_font=&#8221;||||||||&#8221; header_text_color=&#8221;#0c71c3&#8243; header_2_font=&#8221;||||||||&#8221; header_3_font=&#8221;||||||||&#8221; text_line_height_tablet=&#8221;&#8221; text_line_height_phone=&#8221;&#8221; text_line_height_last_edited=&#8221;on|phone&#8221; global_colors_info=&#8221;{}&#8221;]@ET-DC@eyJkeW5hbWljIjp0cnVlLCJjb250ZW50IjoicG9zdF90aXRsZSIsInNldHRpbmdzIjp7ImJlZm9yZSI6IiIsImFmdGVyIjoiIn19@[\/et_pb_text][et_pb_text _builder_version=&#8221;4.16&#8243; _dynamic_attributes=&#8221;content&#8221; text_font=&#8221;|600|||||||&#8221; text_text_color=&#8221;#00333f&#8221; text_font_size=&#8221;18px&#8221; header_font=&#8221;||||||||&#8221; global_colors_info=&#8221;{}&#8221;]@ET-DC@eyJkeW5hbWljIjp0cnVlLCJjb250ZW50IjoicG9zdF9leGNlcnB0Iiwic2V0dGluZ3MiOnsiYmVmb3JlIjoiIiwiYWZ0ZXIiOiIiLCJ3b3JkcyI6IiIsInJlYWRfbW9yZV9sYWJlbCI6IiJ9fQ==@[\/et_pb_text][et_pb_text _builder_version=&#8221;4.19.4&#8243; text_font=&#8221;||||||||&#8221; text_font_size=&#8221;16px&#8221; link_font=&#8221;||||||||&#8221; ul_font=&#8221;||||||||&#8221; hover_enabled=&#8221;0&#8243; global_colors_info=&#8221;{}&#8221; sticky_enabled=&#8221;0&#8243;]<\/p>\n<ul>\n<li>Clouet (M.) \u2013<span>\u00a0<\/span><a href=\"https:\/\/saiak.com\/files\/2023\/02\/suivi-telemetrique-vautour-fauve-m-clouet.pdf\">Suivi t\u00e9l\u00e9m\u00e9trique de vautours fauves au Pays Basque : mise en oeuvre et premiers r\u00e9sultats<\/a><span>\u00a0<\/span>(2022)<\/li>\n<li>Clouet (M.) &amp; Rebours (I.) 2019. &#8211; <a href=\"https:\/\/saiak.com\/files\/2020\/02\/alauda-87-pays-basque.pdf\">Grands rapaces du Pays Basque : situation actuelle<\/a>.<br \/><a href=\"https:\/\/seofalauda.wixsite.com\/seof\">Alauda<\/a> 87 (4).<\/li>\n<li>Clouet (M.), Gonzalez (L.), Laspreses (F.) &amp; Rebours (I.) 2015. &#8211; <a href=\"https:\/\/saiak.com\/files\/2019\/08\/aigle-royal-regime-pays-basque.pdf\">Le r\u00e9gime alimentaire de l&#8217;aigle royal (Aquila chrysaetos) en p\u00e9riode de reproduction dans le nord du Pays basque<\/a>.<br \/>Alauda 83 : 1-6.<\/li>\n<li>Clouet (M.), Rebours (I.) &amp; Gonzalez (L.) 2017. &#8211; <a href=\"https:\/\/saiak.com\/files\/2019\/08\/aigle-royal-reproduction-pays-basque.pdf\">Param\u00e8tres de reproduction de l\u2019Aigle royal (Aquila chrysaetos) au Pays basque nord : r\u00e9sultats sur une p\u00e9riode de 12 ans (2005-2016)<\/a>.<br \/>Le Casseur d\u2019os 17 : 95-101.<\/li>\n<li><a href=\"https:\/\/saiak.com\/files\/2013\/11\/dortoir-vautour-percnoptere-2013.pdf\">2013 &#8211; Sai zurien lotegien behaketa Ipar Euskal Herrian: interesak, mugak eta perspesktibak<\/a><br \/>Michel Clouet, Isabelle Rebours, Luc Gonzalez eta Saiak elkarteko behatzaileak (2013ko abendua)<\/li>\n<li><a href=\"https:\/\/saiak.com\/files\/2013\/09\/aigle-royal-pays-basque-2013.pdf\">2013, urte arras berezia Pirineoetako mendebaleko muturrean Arrano beltzaren ugalketari begira (&#8220;2013, une ann\u00e9e exceptionnelle pour la reproduction de l&#8217;Aigle royal \u00e0 l&#8217;extr\u00e9mit\u00e9 occidentale des Pyr\u00e9n\u00e9es&#8221;)<\/a><br \/>Michel Clouet &amp; Saiak elkarteko behatzaileak (2013ko iraila)<\/li>\n<li><a href=\"https:\/\/saiak.com\/files\/2013\/02\/Synth\u00e8se-Milan-royal-20121.pdf\">Miru gorriaren ugalketa Ipar Euskal Herrian (&#8220;Reproduction du milan royal au Pays basque &#8211; Synth\u00e8se 2012<\/a><br \/>Aur\u00e9lien Andr\u00e9 \u2013 Saiak elkartea (2013ko otsaila)<\/li>\n<li><a href=\"https:\/\/saiak.com\/files\/2011\/12\/reproduction_milan_royal_pays_basque_2011.pdf\">Miru gorriaren ugalketa Ipar Euskal Herrian (&#8220;Reproduction du milan royal au Pays basque &#8211; Synth\u00e8se 2011 \u2013 Bilan des connaissances&#8221;)<\/a><br \/>Aur\u00e9lien Andr\u00e9 \u2013 Saiak elkartea (2011ko abendua)<\/li>\n<\/ul>\n<p>[\/et_pb_text][et_pb_testimonial portrait_url=&#8221;https:\/\/saiak.com\/files\/2019\/01\/per-dsc-0299-curutcharry-pagoaga.jpg&#8221; quote_icon=&#8221;off&#8221; _builder_version=&#8221;4.16&#8243; saved_tabs=&#8221;all&#8221; global_colors_info=&#8221;{}&#8221;]<\/p>\n<h1>Sai zuriaren ezagutzeko fitxak<\/h1>\n<p>SAIAK elkarteak dohainik eskura ahal diren sai zuriari buruzko 6 fitxa ekoiztu ditu. Hemendik eskura daitezke PDF formatuan. Espezie horrek kulturan utzi dituen oroimenak eta aztarnak, haren biologia baita haren migrazioa hobeki ezagutzeko baliagarriak izanen direlakoan.<br \/> Bistan dena, ardura, Ipar Euskal Herriko testuinguruan kokatu ditugu emandako azalpenak, fokus batzuen bitartez.<\/p>\n<ol>\n<li><a href=\"https:\/\/saiak.com\/files\/2021\/01\/sai-zuria-saiak-1.pdf\">Sai zuriaren aztarnei jarraiki Euskal Herrian<\/a><\/li>\n<li><a href=\"https:\/\/saiak.com\/files\/2021\/01\/sai-zuria-saiak-2.pdf\">Sai zuria Euskal Herrian<\/a><\/li>\n<li><a href=\"https:\/\/saiak.com\/files\/2021\/01\/sai-zuria-saiak-3.pdf\">Lo egiteko tokiak sai zuria lagunkina delako marka<\/a><\/li>\n<li><a href=\"https:\/\/saiak.com\/files\/2021\/01\/sai-zuria-saiak-4.pdf\">Sai zuriaren migrazioa: bi bidaia arriskutsu<\/a><\/li>\n<li><a href=\"https:\/\/saiak.com\/files\/2021\/01\/sai-zuria-saiak-5.pdf\">Sai zuriaren migrazioa: negu denborako mehatxuak<\/a><\/li>\n<li><a href=\"https:\/\/saiak.com\/files\/2021\/01\/sai-zuria-saiak-6.pdf\">Errobi izeneko sai zuri gaztearen lehen negua pasatzea.\u00a0Afrikara joateko lehen migrazioa\u2026<\/a><\/li>\n<\/ol>\n<p>Behako bat eman ere <a href=\"https:\/\/saiak.com\/eu\/dokumentuak\/\">SAIAK elkarteak banatzen dituen newsletter<\/a>-ei sai zuriaz daramagun segipenari jarraitzeko.<\/p>\n<p>[\/et_pb_testimonial][\/et_pb_column][et_pb_column type=&#8221;1_4&#8243; _builder_version=&#8221;4.16&#8243; custom_padding=&#8221;|||&#8221; global_colors_info=&#8221;{}&#8221; custom_padding__hover=&#8221;|||&#8221;][\/et_pb_column][\/et_pb_row][\/et_pb_section]<\/p>\n","protected":false},"excerpt":{"rendered":"<p>Saiak elkarteak ekoiztu ikerlanak eta dokumentuak.<\/p>\n","protected":false},"author":5,"featured_media":430,"parent":0,"menu_order":0,"comment_status":"closed","ping_status":"closed","template":"","meta":{"_et_pb_use_builder":"on","_et_pb_old_content":"<strong>Saiak elkarteak ekoiztu ikerlanak eta dokumentuak.<\/strong>\r\n<ul>\r\n\t<li><a href=\"https:\/\/saiak.com\/files\/2013\/11\/dortoir-vautour-percnoptere-2013.pdf\">2013 - Sai zurien lotegien behaketa Ipar Euskal Herrian: interesak, mugak eta perspesktibak<\/a>\r\nMichel Clouet, Isabelle Rebours, Luc Gonzalez eta Saiak elkarteko behatzaileak (2013ko abendua)<\/li>\r\n\t<li><a href=\"https:\/\/saiak.com\/files\/2013\/09\/aigle-royal-pays-basque-2013.pdf\">2013, urte arras berezia Pirineoetako mendebaleko muturrean Arrano beltzaren ugalketari begira (\"2013, une ann\u00e9e exceptionnelle pour la reproduction de l'Aigle royal \u00e0 l'extr\u00e9mit\u00e9 occidentale des Pyr\u00e9n\u00e9es\")<\/a>\r\nMichel Clouet & Saiak elkarteko behatzaileak (2013ko iraila)<\/li>\r\n\t<li><a href=\"https:\/\/mediation-patrimoine.com\/saiakberria\/files\/2013\/02\/Synth\u00e8se-Milan-royal-20121.pdf\">Miru gorriaren ugalketa Ipar Euskal Herrian (\"Reproduction du milan royal au Pays basque - Synth\u00e8se 2012<\/a>\r\nAur\u00e9lien Andr\u00e9 \u2013 Saiak elkartea (2013ko otsaila)<\/li>\r\n\t<li><a href=\"https:\/\/saiak.com\/files\/2011\/12\/reproduction_milan_royal_pays_basque_2011.pdf\">Miru gorriaren ugalketa Ipar Euskal Herrian (\"Reproduction du milan royal au Pays basque - Synth\u00e8se 2011 \u2013 Bilan des connaissances\")<\/a>\r\nAur\u00e9lien Andr\u00e9 \u2013 Saiak elkartea (2011ko abendua)<\/li>\r\n<\/ul>","_et_gb_content_width":"","ngg_post_thumbnail":0,"footnotes":""},"class_list":["post-406","page","type-page","status-publish","has-post-thumbnail","hentry"],"yoast_head":"<!-- This site is optimized with the Yoast SEO plugin v27.3 - https:\/\/yoast.com\/product\/yoast-seo-wordpress\/ -->\n<title>Dokumentuak &#060; SAIAK<\/title>\n<meta name=\"robots\" content=\"index, follow, max-snippet:-1, max-image-preview:large, max-video-preview:-1\" \/>\n<link rel=\"canonical\" href=\"https:\/\/saiak.com\/eu\/dokumentuak\/\" \/>\n<meta property=\"og:locale\" content=\"eu_ES\" \/>\n<meta property=\"og:type\" content=\"article\" \/>\n<meta property=\"og:title\" content=\"Dokumentuak &#060; SAIAK\" \/>\n<meta property=\"og:description\" content=\"Saiak elkarteak ekoiztu ikerlanak eta dokumentuak.\" \/>\n<meta property=\"og:url\" content=\"https:\/\/saiak.com\/eu\/dokumentuak\/\" \/>\n<meta property=\"og:site_name\" content=\"SAIAK\" \/>\n<meta property=\"article:modified_time\" content=\"2023-02-22T12:24:57+00:00\" \/>\n<meta property=\"og:image\" content=\"https:\/\/saiak.com\/files\/2012\/07\/IMG_4087-750x500.jpg\" \/>\n\t<meta property=\"og:image:width\" content=\"750\" \/>\n\t<meta property=\"og:image:height\" content=\"500\" \/>\n\t<meta property=\"og:image:type\" content=\"image\/jpeg\" \/>\n<meta name=\"twitter:label1\" content=\"Est. reading time\" \/>\n\t<meta name=\"twitter:data1\" content=\"3 minutes\" \/>\n<script type=\"application\/ld+json\" class=\"yoast-schema-graph\">{\"@context\":\"https:\\\/\\\/schema.org\",\"@graph\":[{\"@type\":\"WebPage\",\"@id\":\"https:\\\/\\\/saiak.com\\\/eu\\\/dokumentuak\\\/\",\"url\":\"https:\\\/\\\/saiak.com\\\/eu\\\/dokumentuak\\\/\",\"name\":\"Dokumentuak &#060; SAIAK\",\"isPartOf\":{\"@id\":\"https:\\\/\\\/saiak.com\\\/fr\\\/#website\"},\"primaryImageOfPage\":{\"@id\":\"https:\\\/\\\/saiak.com\\\/eu\\\/dokumentuak\\\/#primaryimage\"},\"image\":{\"@id\":\"https:\\\/\\\/saiak.com\\\/eu\\\/dokumentuak\\\/#primaryimage\"},\"thumbnailUrl\":\"https:\\\/\\\/saiak.com\\\/files\\\/2012\\\/07\\\/IMG_4087.jpg\",\"datePublished\":\"2012-07-29T08:37:29+00:00\",\"dateModified\":\"2023-02-22T12:24:57+00:00\",\"breadcrumb\":{\"@id\":\"https:\\\/\\\/saiak.com\\\/eu\\\/dokumentuak\\\/#breadcrumb\"},\"inLanguage\":\"eu-ES\",\"potentialAction\":[{\"@type\":\"ReadAction\",\"target\":[\"https:\\\/\\\/saiak.com\\\/eu\\\/dokumentuak\\\/\"]}]},{\"@type\":\"ImageObject\",\"inLanguage\":\"eu-ES\",\"@id\":\"https:\\\/\\\/saiak.com\\\/eu\\\/dokumentuak\\\/#primaryimage\",\"url\":\"https:\\\/\\\/saiak.com\\\/files\\\/2012\\\/07\\\/IMG_4087.jpg\",\"contentUrl\":\"https:\\\/\\\/saiak.com\\\/files\\\/2012\\\/07\\\/IMG_4087.jpg\",\"width\":3739,\"height\":2493},{\"@type\":\"BreadcrumbList\",\"@id\":\"https:\\\/\\\/saiak.com\\\/eu\\\/dokumentuak\\\/#breadcrumb\",\"itemListElement\":[{\"@type\":\"ListItem\",\"position\":1,\"name\":\"\",\"item\":\"https:\\\/\\\/saiak.com\\\/eu\\\/\"},{\"@type\":\"ListItem\",\"position\":2,\"name\":\"Dokumentuak\"}]},{\"@type\":\"WebSite\",\"@id\":\"https:\\\/\\\/saiak.com\\\/fr\\\/#website\",\"url\":\"https:\\\/\\\/saiak.com\\\/fr\\\/\",\"name\":\"SAIAK\",\"description\":\"Euskal Herriko harraparien ikerketa eta zainketa | \u00c9tude et protection des rapaces en Pays Basque\",\"potentialAction\":[{\"@type\":\"SearchAction\",\"target\":{\"@type\":\"EntryPoint\",\"urlTemplate\":\"https:\\\/\\\/saiak.com\\\/fr\\\/?s={search_term_string}\"},\"query-input\":{\"@type\":\"PropertyValueSpecification\",\"valueRequired\":true,\"valueName\":\"search_term_string\"}}],\"inLanguage\":\"eu-ES\"}]}<\/script>\n<!-- \/ Yoast SEO plugin. -->","yoast_head_json":{"title":"Dokumentuak &#060; SAIAK","robots":{"index":"index","follow":"follow","max-snippet":"max-snippet:-1","max-image-preview":"max-image-preview:large","max-video-preview":"max-video-preview:-1"},"canonical":"https:\/\/saiak.com\/eu\/dokumentuak\/","og_locale":"eu_ES","og_type":"article","og_title":"Dokumentuak &#060; SAIAK","og_description":"Saiak elkarteak ekoiztu ikerlanak eta dokumentuak.","og_url":"https:\/\/saiak.com\/eu\/dokumentuak\/","og_site_name":"SAIAK","article_modified_time":"2023-02-22T12:24:57+00:00","og_image":[{"width":750,"height":500,"url":"https:\/\/saiak.com\/files\/2012\/07\/IMG_4087-750x500.jpg","type":"image\/jpeg"}],"twitter_misc":{"Est. reading time":"3 minutes"},"schema":{"@context":"https:\/\/schema.org","@graph":[{"@type":"WebPage","@id":"https:\/\/saiak.com\/eu\/dokumentuak\/","url":"https:\/\/saiak.com\/eu\/dokumentuak\/","name":"Dokumentuak &#060; SAIAK","isPartOf":{"@id":"https:\/\/saiak.com\/fr\/#website"},"primaryImageOfPage":{"@id":"https:\/\/saiak.com\/eu\/dokumentuak\/#primaryimage"},"image":{"@id":"https:\/\/saiak.com\/eu\/dokumentuak\/#primaryimage"},"thumbnailUrl":"https:\/\/saiak.com\/files\/2012\/07\/IMG_4087.jpg","datePublished":"2012-07-29T08:37:29+00:00","dateModified":"2023-02-22T12:24:57+00:00","breadcrumb":{"@id":"https:\/\/saiak.com\/eu\/dokumentuak\/#breadcrumb"},"inLanguage":"eu-ES","potentialAction":[{"@type":"ReadAction","target":["https:\/\/saiak.com\/eu\/dokumentuak\/"]}]},{"@type":"ImageObject","inLanguage":"eu-ES","@id":"https:\/\/saiak.com\/eu\/dokumentuak\/#primaryimage","url":"https:\/\/saiak.com\/files\/2012\/07\/IMG_4087.jpg","contentUrl":"https:\/\/saiak.com\/files\/2012\/07\/IMG_4087.jpg","width":3739,"height":2493},{"@type":"BreadcrumbList","@id":"https:\/\/saiak.com\/eu\/dokumentuak\/#breadcrumb","itemListElement":[{"@type":"ListItem","position":1,"name":"","item":"https:\/\/saiak.com\/eu\/"},{"@type":"ListItem","position":2,"name":"Dokumentuak"}]},{"@type":"WebSite","@id":"https:\/\/saiak.com\/fr\/#website","url":"https:\/\/saiak.com\/fr\/","name":"SAIAK","description":"Euskal Herriko harraparien ikerketa eta zainketa | \u00c9tude et protection des rapaces en Pays Basque","potentialAction":[{"@type":"SearchAction","target":{"@type":"EntryPoint","urlTemplate":"https:\/\/saiak.com\/fr\/?s={search_term_string}"},"query-input":{"@type":"PropertyValueSpecification","valueRequired":true,"valueName":"search_term_string"}}],"inLanguage":"eu-ES"}]}},"_links":{"self":[{"href":"https:\/\/saiak.com\/eu\/wp-json\/wp\/v2\/pages\/406\/"}],"collection":[{"href":"https:\/\/saiak.com\/eu\/wp-json\/wp\/v2\/pages\/"}],"about":[{"href":"https:\/\/saiak.com\/eu\/wp-json\/wp\/v2\/types\/page\/"}],"author":[{"embeddable":true,"href":"https:\/\/saiak.com\/eu\/wp-json\/wp\/v2\/users\/5\/"}],"replies":[{"embeddable":true,"href":"https:\/\/saiak.com\/eu\/wp-json\/wp\/v2\/comments\/?post=406"}],"version-history":[{"count":45,"href":"https:\/\/saiak.com\/eu\/wp-json\/wp\/v2\/pages\/406\/revisions\/"}],"predecessor-version":[{"id":4079,"href":"https:\/\/saiak.com\/eu\/wp-json\/wp\/v2\/pages\/406\/revisions\/4079\/"}],"wp:featuredmedia":[{"embeddable":true,"href":"https:\/\/saiak.com\/eu\/wp-json\/wp\/v2\/media\/430\/"}],"wp:attachment":[{"href":"https:\/\/saiak.com\/eu\/wp-json\/wp\/v2\/media\/?parent=406"}],"curies":[{"name":"wp","href":"https:\/\/api.w.org\/{rel}","templated":true}]}}