{"id":3694,"date":"2019-10-09T19:05:47","date_gmt":"2019-10-09T19:05:47","guid":{"rendered":"https:\/\/saiak.com\/?page_id=3694"},"modified":"2020-11-14T20:28:27","modified_gmt":"2020-11-14T20:28:27","slug":"suivi-telemetrique-des-vautours-percnopteres-des-dortoirs-du-pays-basque","status":"publish","type":"page","link":"https:\/\/saiak.com\/fr\/suivi-telemetrique-des-vautours-percnopteres-des-dortoirs-du-pays-basque\/","title":{"rendered":"Suivi t\u00e9l\u00e9m\u00e9trique des vautours percnopt\u00e8res des dortoirs du Pays Basque"},"content":{"rendered":"<p>[et_pb_section fb_built=\u00a0\u00bb1&Prime; _builder_version=\u00a0\u00bb3.22&Prime; custom_padding=\u00a0\u00bb30px|0px|30px|0px|true|false\u00a0\u00bb collapsed=\u00a0\u00bboff\u00a0\u00bb][et_pb_row column_structure=\u00a0\u00bb3_4,1_4&Prime; _builder_version=\u00a0\u00bb3.25&Prime; custom_padding=\u00a0\u00bb0|0px|27px|0px|false|false\u00a0\u00bb][et_pb_column type=\u00a0\u00bb3_4&Prime; _builder_version=\u00a0\u00bb3.25&Prime; custom_padding=\u00a0\u00bb|||\u00a0\u00bb custom_padding__hover=\u00a0\u00bb|||\u00a0\u00bb][et_pb_text _builder_version=\u00a0\u00bb3.27.4&Prime; _dynamic_attributes=\u00a0\u00bbcontent\u00a0\u00bb text_font=\u00a0\u00bbAcme|300|||||||\u00a0\u00bb text_text_color=\u00a0\u00bb#00333f\u00a0\u00bb text_font_size=\u00a0\u00bb36px\u00a0\u00bb text_letter_spacing=\u00a0\u00bb2px\u00a0\u00bb header_font=\u00a0\u00bb||||||||\u00a0\u00bb header_text_color=\u00a0\u00bb#0c71c3&Prime; header_2_font=\u00a0\u00bb||||||||\u00a0\u00bb header_3_font=\u00a0\u00bb||||||||\u00a0\u00bb text_line_height_tablet=\u00a0\u00bb\u00a0\u00bb text_line_height_phone=\u00a0\u00bb\u00a0\u00bb text_line_height_last_edited=\u00a0\u00bbon|phone\u00a0\u00bb]Suivi t\u00e9l\u00e9m\u00e9trique des vautours percnopt\u00e8res des dortoirs du Pays Basque[\/et_pb_text][et_pb_text _builder_version=\u00a0\u00bb3.27.4&Prime; _dynamic_attributes=\u00a0\u00bbcontent\u00a0\u00bb text_font=\u00a0\u00bb|600|||||||\u00a0\u00bb text_text_color=\u00a0\u00bb#00333f\u00a0\u00bb text_font_size=\u00a0\u00bb18px\u00a0\u00bb header_font=\u00a0\u00bb||||||||\u00a0\u00bb]Le vautour percnopt\u00e8re est un rapace n\u00e9crophage embl\u00e9matique de l\u2019\u00e9cosyst\u00e8me agro-pastoral et un bon indicateur \u00e9cologique. Sa r\u00e9partition en France se limite aux Pyr\u00e9n\u00e9es, au sud du Massif Central et aux Alpes du sud. C\u2019est un rapace migrateur qui hiverne habituellement en Afrique sub-saharienne.[\/et_pb_text][et_pb_image src=\u00a0\u00bbhttps:\/\/saiak.com\/files\/2019\/01\/per-dsc-0299-curutcharry-1.jpg\u00a0\u00bb alt=\u00a0\u00bbVautour percnopt\u00e8re \u00a9 Jean Curutcharry\u00a0\u00bb title_text=\u00a0\u00bbVautour percnopt\u00e8re \u00a9 Jean Curutcharry\u00a0\u00bb align_tablet=\u00a0\u00bbcenter\u00a0\u00bb align_phone=\u00a0\u00bb\u00a0\u00bb align_last_edited=\u00a0\u00bbon|desktop\u00a0\u00bb _builder_version=\u00a0\u00bb3.23&Prime;][\/et_pb_image][et_pb_text _builder_version=\u00a0\u00bb4.6.6&Prime; text_font=\u00a0\u00bb||||||||\u00a0\u00bb text_font_size=\u00a0\u00bb16px\u00a0\u00bb hover_enabled=\u00a0\u00bb0&Prime; sticky_enabled=\u00a0\u00bb0&Prime;]<\/p>\n<p>Le vautour percnopt\u00e8re est class\u00e9 dans les esp\u00e8ces menac\u00e9es (son statut de conservation en France, en Europe et au niveau mondial est consid\u00e9r\u00e9 comme \u00ab en danger d\u2019extinction (EN) \u00bb en raison d\u2019un d\u00e9clin rapide (&gt;50 % sur les 3 derni\u00e8res g\u00e9n\u00e9rations). Il est l\u2019objet d\u2019un nouveau plan national d\u2019actions (PNA) (2015-2024) \u00e0 l\u2019initiative du Minist\u00e8re de l\u2019Environnement, mis en \u0153uvre par la DREAL Nouvelle Aquitaine et dont l\u2019association Saiak est partenaire.<\/p>\n<p>Le Pays Basque abrite une des plus fortes densit\u00e9s de vautours percnopt\u00e8res et les deux seuls dortoirs connus en France (les rassemblements en dortoirs collectifs correspondent au caract\u00e8re gr\u00e9gaire de l\u2019esp\u00e8ce, ont un r\u00f4le important dans la dynamique de l\u2019esp\u00e8ce et repr\u00e9sentent un potentiel lieu d\u2019\u00e9changes entre les deux versants des Pyr\u00e9n\u00e9es). Cette situation est en relation avec l\u2019importance de l\u2019\u00e9levage et la dynamique du pastoralisme et conf\u00e8re au Pays Basque une responsabilit\u00e9 dans la conservation d\u2019une esp\u00e8ce par ailleurs peu connue.<br \/> <iframe loading=\"lazy\" src=\"https:\/\/player.vimeo.com\/video\/479218473?color=fa6609&amp;title=0&amp;byline=0&amp;portrait=0\" width=\"640\" height=\"360\" frameborder=\"0\" allow=\"autoplay; fullscreen\" allowfullscreen=\"\"><\/iframe><br \/> L\u2019association Saiak a archiv\u00e9 l\u2019historique des recensements et des suivis de reproduction de plusieurs esp\u00e8ces de grands rapaces dont le Vautour percnopt\u00e8re depuis 1979 et des contr\u00f4les r\u00e9guliers des dortoirs.<\/p>\n<p>Le Suivi t\u00e9l\u00e9m\u00e9trique des vautours percnopt\u00e8res des dortoirs du Pays Basque est un projet qui a \u00e9t\u00e9 pr\u00e9sent\u00e9 par Saiak le 13 d\u00e9cembre 2017 au Comit\u00e9 de programmation Leader Montagne basque.<br \/> Notre projet comporte un triple objectif d\u00e9ploy\u00e9 sur 3 ann\u00e9es :<\/p>\n<ul>\n<li><strong>Un objectif scientifique<\/strong> (am\u00e9liorer la connaissance de la biologie d\u2019une esp\u00e8ce encore peu connue)<\/li>\n<li><strong>Un objectif de conservation<\/strong> (contribuer \u00e0 am\u00e9liorer sa protection)<\/li>\n<li><strong>Un objectif de partage de connaissance et de sensibilisation<\/strong>.<\/li>\n<\/ul>\n<p>Ce projet a \u00e9t\u00e9 valid\u00e9 et financ\u00e9 par : Leader montagne basque \/ Communaut\u00e9 d\u2019agglom\u00e9ration Pays Basque, le Comit\u00e9 d\u00e9partemental 64, le Comit\u00e9 de massif Pyr\u00e9n\u00e9es \/ CGET, la R\u00e9gion Nouvelle Aquitaine.<\/p>\n<h1>En savoir plus<\/h1>\n<ul>\n<li><a href=\"https:\/\/saiak.com\/files\/2019\/10\/affiche-suivi.pdf\">Affiche de pr\u00e9sentation du projet<\/a> (PDF)<\/li>\n<li><a href=\"https:\/\/saiak.com\/files\/2019\/12\/saiak-newsletter-1.pdf\">Newsletter n\u00b01 de SAIAK &#8211; D\u00e9cembre 2019<\/a> (PDF)<\/li>\n<li><a href=\"https:\/\/saiak.com\/files\/2020\/03\/saiak-newsletter-2.pdf\">Newsletter n\u00b02 de SAIAK &#8211; Mars 2020<\/a> (PDF)<\/li>\n<li><a href=\"https:\/\/saiak.com\/files\/2020\/11\/saiak-newsletter-3.pdf\">Newsletter n\u00b03 de SAIAK &#8211; Novembre 2020<\/a> (PDF)<\/li>\n<li><a href=\"https:\/\/www.saiak.com\/fr\/2020\/11\/14\/itineraire-migratoire-dun-jeune-percnoptere\/\">\u00ab\u00a0Le p\u00e9riple de Pantxoa, jeune percnopt\u00e8re du Pays Basque traversant la M\u00e9diterran\u00e9e\u00a0\u00bb<\/a> (2020 &#8211; Animation 3D)<\/li>\n<\/ul>\n<p>&nbsp;<\/p>\n<p>[\/et_pb_text][et_pb_testimonial portrait_url=\u00a0\u00bbhttps:\/\/saiak.com\/files\/2019\/01\/per-dsc-0299-curutcharry-pagoaga.jpg\u00a0\u00bb quote_icon=\u00a0\u00bboff\u00a0\u00bb _builder_version=\u00a0\u00bb3.19.4&Prime; global_module=\u00a0\u00bb3847&Prime; saved_tabs=\u00a0\u00bball\u00a0\u00bb]<\/p>\n<h1>Les fiches de connaissance du Vautour percnopt\u00e8re<\/h1>\n<p>L&rsquo;association SAIAK a produit six fiches t\u00e9l\u00e9chargeables gratuitement au format PDF pour mieux conna\u00eetre, par exemple, l&#8217;empreinte culturelle, la biologie ou encore la migration du vautour percnopt\u00e8re. Avec un focus sp\u00e9cifique sur la pr\u00e9sence et le suivi de cette esp\u00e8ce en Pays Basque nord.<\/p>\n<ol>\n<li><a href=\"https:\/\/saiak.com\/files\/2020\/06\/vautour-percnoptere-saiak-1.pdf\">Sur les traces du Vautour percnopt\u00e8re au Pays Basque<\/a><\/li>\n<li><a href=\"https:\/\/saiak.com\/files\/2020\/06\/vautour-percnoptere-saiak-2.pdf\">Le Vautour percnopt\u00e8re au Pays Basque<\/a><\/li>\n<li><a href=\"https:\/\/saiak.com\/files\/2020\/06\/vautour-percnoptere-saiak-3.pdf\">Les dortoirs : t\u00e9moignages de la sociabilit\u00e9 des Vautours percnopt\u00e8res<\/a><\/li>\n<li><a href=\"https:\/\/saiak.com\/files\/2020\/06\/vautour-percnoptere-saiak-4.pdf\">La migration du Vautour percnopt\u00e8re : deux voyages dangereux<\/a><\/li>\n<li><a href=\"https:\/\/saiak.com\/files\/2020\/06\/vautour-percnoptere-saiak-5.pdf\">La migration du Vautour percnopt\u00e8re, menaces lors de l\u2019hivernage<\/a><\/li>\n<li><a href=\"https:\/\/saiak.com\/files\/2020\/06\/vautour-percnoptere-saiak-6.pdf\">Le premier hivernage d\u2019Errobi, jeune Vautour percnopt\u00e8re : premi\u00e8re migration vers l\u2019Afrique\u2026<\/a><\/li>\n<\/ol>\n<p>Consultez \u00e9galement <a href=\"https:\/\/www.saiak.com\/fr\/documents\/\">les newsletters de SAIAK<\/a> afin de suivre l&rsquo;actualit\u00e9 sp\u00e9cifique du suivi de cette esp\u00e8ce.<\/p>\n<p>[\/et_pb_testimonial][\/et_pb_column][et_pb_column type=\u00a0\u00bb1_4&Prime; _builder_version=\u00a0\u00bb3.25&Prime; custom_padding=\u00a0\u00bb|||\u00a0\u00bb custom_padding__hover=\u00a0\u00bb|||\u00a0\u00bb][et_pb_text _builder_version=\u00a0\u00bb3.27.4&Prime;]<\/p>\n<h2>Fiche d\u2019identit\u00e9<\/h2>\n<p><strong>Nom scientifique :<\/strong> Neophron percnopterus (Neophron \/ vautour et perknos \/ tach\u00e9 de noir et pter \/aile)<br \/>\n<strong>Euskara :<\/strong> Sai zuria \u2013 Zuberera (Urdatx) : Behi bideko emazte xuria<br \/>\n<strong>Fran\u00e7ais :<\/strong> Vautour percnopt\u00e8re ou Percnopt\u00e8re d\u2019\u00c9gypte ou Vautour d\u2019\u00c9gypte<br \/>\n<strong>Espagnol :<\/strong> Alimoche<br \/>\n<strong>Anglais :<\/strong> Egyptian vulture<\/p>\n<p><strong>Embranchement :<\/strong> Vert\u00e9br\u00e9s<br \/>\n<strong>Classe :<\/strong> Oiseaux<br \/>\n<strong>Ordre :<\/strong> Accipitriformes<br \/>\n<strong>Famille :<\/strong> Accipitridae<br \/>\n<strong>Genre :<\/strong> Neophron<br \/>\n<strong>Esp\u00e8ce :<\/strong> Percnopterus<\/p>\n<p><strong>Statut :<\/strong>&nbsp;Esp\u00e8ce prot\u00e9g\u00e9e. Class\u00e9e \u00ab&nbsp;Vuln\u00e9rable&nbsp;\u00bb sur la liste rouge des esp\u00e8ces menac\u00e9es et \u00e0 surveiller en France.<\/p>\n<h4>Il existe 3 sous-esp\u00e8ces<\/h4>\n<p><em>Neophron percnopterus percnopterus<\/em> est la sous-esp\u00e8ce que nous connaissons qui vit dans le Pal\u00e9arctique occidental.<br \/>\n<em>Neophron percnopterus ginginianus<\/em> occupe le continent asiatique sauf le nord-ouest et le N\u00e9pal. Il est de moindre taille avec un bec plus jaune que la sous-esp\u00e8ce pr\u00e9c\u00e9dente.<br \/>\n<em>Neophron percnopterus majorensis<\/em> est pr\u00e9sente dans l\u2019archipel des Canaries.<\/p>\n<p>&nbsp;<br \/>\n[\/et_pb_text][\/et_pb_column][\/et_pb_row][\/et_pb_section]<\/p>\n","protected":false},"excerpt":{"rendered":"<p>Suivi t\u00e9l\u00e9m\u00e9trique des vautours percnopt\u00e8res des dortoirs du Pays BasqueLe vautour percnopt\u00e8re est un rapace n\u00e9crophage embl\u00e9matique de l\u2019\u00e9cosyst\u00e8me agro-pastoral et un bon indicateur \u00e9cologique. Sa r\u00e9partition en France se limite aux Pyr\u00e9n\u00e9es, au sud du Massif Central et aux Alpes du sud. C\u2019est un rapace migrateur qui hiverne habituellement en Afrique sub-saharienne.Le vautour percnopt\u00e8re [&hellip;]<\/p>\n","protected":false},"author":5,"featured_media":2140,"parent":0,"menu_order":0,"comment_status":"closed","ping_status":"closed","template":"","meta":{"_et_pb_use_builder":"on","_et_pb_old_content":"","_et_gb_content_width":"","ngg_post_thumbnail":0,"footnotes":""},"class_list":["post-3694","page","type-page","status-publish","has-post-thumbnail","hentry"],"yoast_head":"<!-- This site is optimized with the Yoast SEO plugin v27.4 - https:\/\/yoast.com\/product\/yoast-seo-wordpress\/ -->\n<title>Suivi t\u00e9l\u00e9m\u00e9trique des vautours percnopt\u00e8res des dortoirs du Pays Basque &#060; SAIAK<\/title>\n<meta name=\"robots\" content=\"index, follow, max-snippet:-1, max-image-preview:large, max-video-preview:-1\" \/>\n<link rel=\"canonical\" href=\"https:\/\/saiak.com\/fr\/suivi-telemetrique-des-vautours-percnopteres-des-dortoirs-du-pays-basque\/\" \/>\n<meta property=\"og:locale\" content=\"fr_FR\" \/>\n<meta property=\"og:type\" content=\"article\" \/>\n<meta property=\"og:title\" content=\"Suivi t\u00e9l\u00e9m\u00e9trique des vautours percnopt\u00e8res des dortoirs du Pays Basque &#060; SAIAK\" \/>\n<meta property=\"og:description\" content=\"Suivi t\u00e9l\u00e9m\u00e9trique des vautours percnopt\u00e8res des dortoirs du Pays BasqueLe vautour percnopt\u00e8re est un rapace n\u00e9crophage embl\u00e9matique de l\u2019\u00e9cosyst\u00e8me agro-pastoral et un bon indicateur \u00e9cologique. Sa r\u00e9partition en France se limite aux Pyr\u00e9n\u00e9es, au sud du Massif Central et aux Alpes du sud. C\u2019est un rapace migrateur qui hiverne habituellement en Afrique sub-saharienne.Le vautour percnopt\u00e8re [&hellip;]\" \/>\n<meta property=\"og:url\" content=\"https:\/\/saiak.com\/fr\/suivi-telemetrique-des-vautours-percnopteres-des-dortoirs-du-pays-basque\/\" \/>\n<meta property=\"og:site_name\" content=\"SAIAK\" \/>\n<meta property=\"article:modified_time\" content=\"2020-11-14T20:28:27+00:00\" \/>\n<meta property=\"og:image\" content=\"https:\/\/saiak.com\/files\/2019\/01\/mg_7337-pagoaga.jpg\" \/>\n\t<meta property=\"og:image:width\" content=\"900\" \/>\n\t<meta property=\"og:image:height\" content=\"600\" \/>\n\t<meta property=\"og:image:type\" content=\"image\/jpeg\" \/>\n<meta name=\"twitter:label1\" content=\"Dur\u00e9e de lecture estim\u00e9e\" \/>\n\t<meta name=\"twitter:data1\" content=\"5 minutes\" \/>\n<script type=\"application\/ld+json\" class=\"yoast-schema-graph\">{\"@context\":\"https:\\\/\\\/schema.org\",\"@graph\":[{\"@type\":\"WebPage\",\"@id\":\"https:\\\/\\\/saiak.com\\\/fr\\\/suivi-telemetrique-des-vautours-percnopteres-des-dortoirs-du-pays-basque\\\/\",\"url\":\"https:\\\/\\\/saiak.com\\\/fr\\\/suivi-telemetrique-des-vautours-percnopteres-des-dortoirs-du-pays-basque\\\/\",\"name\":\"Suivi t\u00e9l\u00e9m\u00e9trique des vautours percnopt\u00e8res des dortoirs du Pays Basque &#060; SAIAK\",\"isPartOf\":{\"@id\":\"https:\\\/\\\/saiak.com\\\/eu\\\/#website\"},\"primaryImageOfPage\":{\"@id\":\"https:\\\/\\\/saiak.com\\\/fr\\\/suivi-telemetrique-des-vautours-percnopteres-des-dortoirs-du-pays-basque\\\/#primaryimage\"},\"image\":{\"@id\":\"https:\\\/\\\/saiak.com\\\/fr\\\/suivi-telemetrique-des-vautours-percnopteres-des-dortoirs-du-pays-basque\\\/#primaryimage\"},\"thumbnailUrl\":\"https:\\\/\\\/saiak.com\\\/files\\\/2019\\\/01\\\/mg_7337-pagoaga.jpg\",\"datePublished\":\"2019-10-09T19:05:47+00:00\",\"dateModified\":\"2020-11-14T20:28:27+00:00\",\"breadcrumb\":{\"@id\":\"https:\\\/\\\/saiak.com\\\/fr\\\/suivi-telemetrique-des-vautours-percnopteres-des-dortoirs-du-pays-basque\\\/#breadcrumb\"},\"inLanguage\":\"fr-FR\",\"potentialAction\":[{\"@type\":\"ReadAction\",\"target\":[\"https:\\\/\\\/saiak.com\\\/fr\\\/suivi-telemetrique-des-vautours-percnopteres-des-dortoirs-du-pays-basque\\\/\"]}]},{\"@type\":\"ImageObject\",\"inLanguage\":\"fr-FR\",\"@id\":\"https:\\\/\\\/saiak.com\\\/fr\\\/suivi-telemetrique-des-vautours-percnopteres-des-dortoirs-du-pays-basque\\\/#primaryimage\",\"url\":\"https:\\\/\\\/saiak.com\\\/files\\\/2019\\\/01\\\/mg_7337-pagoaga.jpg\",\"contentUrl\":\"https:\\\/\\\/saiak.com\\\/files\\\/2019\\\/01\\\/mg_7337-pagoaga.jpg\",\"width\":900,\"height\":600},{\"@type\":\"BreadcrumbList\",\"@id\":\"https:\\\/\\\/saiak.com\\\/fr\\\/suivi-telemetrique-des-vautours-percnopteres-des-dortoirs-du-pays-basque\\\/#breadcrumb\",\"itemListElement\":[{\"@type\":\"ListItem\",\"position\":1,\"name\":\"\",\"item\":\"https:\\\/\\\/saiak.com\\\/fr\\\/\"},{\"@type\":\"ListItem\",\"position\":2,\"name\":\"Suivi t\u00e9l\u00e9m\u00e9trique des vautours percnopt\u00e8res des dortoirs du Pays Basque\"}]},{\"@type\":\"WebSite\",\"@id\":\"https:\\\/\\\/saiak.com\\\/eu\\\/#website\",\"url\":\"https:\\\/\\\/saiak.com\\\/eu\\\/\",\"name\":\"SAIAK\",\"description\":\"Euskal Herriko harraparien ikerketa eta zainketa | \u00c9tude et protection des rapaces en Pays Basque\",\"potentialAction\":[{\"@type\":\"SearchAction\",\"target\":{\"@type\":\"EntryPoint\",\"urlTemplate\":\"https:\\\/\\\/saiak.com\\\/eu\\\/?s={search_term_string}\"},\"query-input\":{\"@type\":\"PropertyValueSpecification\",\"valueRequired\":true,\"valueName\":\"search_term_string\"}}],\"inLanguage\":\"fr-FR\"}]}<\/script>\n<!-- \/ Yoast SEO plugin. -->","yoast_head_json":{"title":"Suivi t\u00e9l\u00e9m\u00e9trique des vautours percnopt\u00e8res des dortoirs du Pays Basque &#060; SAIAK","robots":{"index":"index","follow":"follow","max-snippet":"max-snippet:-1","max-image-preview":"max-image-preview:large","max-video-preview":"max-video-preview:-1"},"canonical":"https:\/\/saiak.com\/fr\/suivi-telemetrique-des-vautours-percnopteres-des-dortoirs-du-pays-basque\/","og_locale":"fr_FR","og_type":"article","og_title":"Suivi t\u00e9l\u00e9m\u00e9trique des vautours percnopt\u00e8res des dortoirs du Pays Basque &#060; SAIAK","og_description":"Suivi t\u00e9l\u00e9m\u00e9trique des vautours percnopt\u00e8res des dortoirs du Pays BasqueLe vautour percnopt\u00e8re est un rapace n\u00e9crophage embl\u00e9matique de l\u2019\u00e9cosyst\u00e8me agro-pastoral et un bon indicateur \u00e9cologique. Sa r\u00e9partition en France se limite aux Pyr\u00e9n\u00e9es, au sud du Massif Central et aux Alpes du sud. C\u2019est un rapace migrateur qui hiverne habituellement en Afrique sub-saharienne.Le vautour percnopt\u00e8re [&hellip;]","og_url":"https:\/\/saiak.com\/fr\/suivi-telemetrique-des-vautours-percnopteres-des-dortoirs-du-pays-basque\/","og_site_name":"SAIAK","article_modified_time":"2020-11-14T20:28:27+00:00","og_image":[{"width":900,"height":600,"url":"https:\/\/saiak.com\/files\/2019\/01\/mg_7337-pagoaga.jpg","type":"image\/jpeg"}],"twitter_misc":{"Dur\u00e9e de lecture estim\u00e9e":"5 minutes"},"schema":{"@context":"https:\/\/schema.org","@graph":[{"@type":"WebPage","@id":"https:\/\/saiak.com\/fr\/suivi-telemetrique-des-vautours-percnopteres-des-dortoirs-du-pays-basque\/","url":"https:\/\/saiak.com\/fr\/suivi-telemetrique-des-vautours-percnopteres-des-dortoirs-du-pays-basque\/","name":"Suivi t\u00e9l\u00e9m\u00e9trique des vautours percnopt\u00e8res des dortoirs du Pays Basque &#060; SAIAK","isPartOf":{"@id":"https:\/\/saiak.com\/eu\/#website"},"primaryImageOfPage":{"@id":"https:\/\/saiak.com\/fr\/suivi-telemetrique-des-vautours-percnopteres-des-dortoirs-du-pays-basque\/#primaryimage"},"image":{"@id":"https:\/\/saiak.com\/fr\/suivi-telemetrique-des-vautours-percnopteres-des-dortoirs-du-pays-basque\/#primaryimage"},"thumbnailUrl":"https:\/\/saiak.com\/files\/2019\/01\/mg_7337-pagoaga.jpg","datePublished":"2019-10-09T19:05:47+00:00","dateModified":"2020-11-14T20:28:27+00:00","breadcrumb":{"@id":"https:\/\/saiak.com\/fr\/suivi-telemetrique-des-vautours-percnopteres-des-dortoirs-du-pays-basque\/#breadcrumb"},"inLanguage":"fr-FR","potentialAction":[{"@type":"ReadAction","target":["https:\/\/saiak.com\/fr\/suivi-telemetrique-des-vautours-percnopteres-des-dortoirs-du-pays-basque\/"]}]},{"@type":"ImageObject","inLanguage":"fr-FR","@id":"https:\/\/saiak.com\/fr\/suivi-telemetrique-des-vautours-percnopteres-des-dortoirs-du-pays-basque\/#primaryimage","url":"https:\/\/saiak.com\/files\/2019\/01\/mg_7337-pagoaga.jpg","contentUrl":"https:\/\/saiak.com\/files\/2019\/01\/mg_7337-pagoaga.jpg","width":900,"height":600},{"@type":"BreadcrumbList","@id":"https:\/\/saiak.com\/fr\/suivi-telemetrique-des-vautours-percnopteres-des-dortoirs-du-pays-basque\/#breadcrumb","itemListElement":[{"@type":"ListItem","position":1,"name":"","item":"https:\/\/saiak.com\/fr\/"},{"@type":"ListItem","position":2,"name":"Suivi t\u00e9l\u00e9m\u00e9trique des vautours percnopt\u00e8res des dortoirs du Pays Basque"}]},{"@type":"WebSite","@id":"https:\/\/saiak.com\/eu\/#website","url":"https:\/\/saiak.com\/eu\/","name":"SAIAK","description":"Euskal Herriko harraparien ikerketa eta zainketa | \u00c9tude et protection des rapaces en Pays Basque","potentialAction":[{"@type":"SearchAction","target":{"@type":"EntryPoint","urlTemplate":"https:\/\/saiak.com\/eu\/?s={search_term_string}"},"query-input":{"@type":"PropertyValueSpecification","valueRequired":true,"valueName":"search_term_string"}}],"inLanguage":"fr-FR"}]}},"_links":{"self":[{"href":"https:\/\/saiak.com\/fr\/wp-json\/wp\/v2\/pages\/3694\/"}],"collection":[{"href":"https:\/\/saiak.com\/fr\/wp-json\/wp\/v2\/pages\/"}],"about":[{"href":"https:\/\/saiak.com\/fr\/wp-json\/wp\/v2\/types\/page\/"}],"author":[{"embeddable":true,"href":"https:\/\/saiak.com\/fr\/wp-json\/wp\/v2\/users\/5\/"}],"replies":[{"embeddable":true,"href":"https:\/\/saiak.com\/fr\/wp-json\/wp\/v2\/comments\/?post=3694"}],"version-history":[{"count":18,"href":"https:\/\/saiak.com\/fr\/wp-json\/wp\/v2\/pages\/3694\/revisions\/"}],"predecessor-version":[{"id":3915,"href":"https:\/\/saiak.com\/fr\/wp-json\/wp\/v2\/pages\/3694\/revisions\/3915\/"}],"wp:featuredmedia":[{"embeddable":true,"href":"https:\/\/saiak.com\/fr\/wp-json\/wp\/v2\/media\/2140\/"}],"wp:attachment":[{"href":"https:\/\/saiak.com\/fr\/wp-json\/wp\/v2\/media\/?parent=3694"}],"curies":[{"name":"wp","href":"https:\/\/api.w.org\/{rel}","templated":true}]}}