{"id":699,"date":"2011-10-27T19:30:34","date_gmt":"2011-10-27T19:30:34","guid":{"rendered":"https:\/\/saiak.com\/lassociation-saiak\/"},"modified":"2020-01-03T21:40:55","modified_gmt":"2020-01-03T21:40:55","slug":"lassociation-saiak","status":"publish","type":"page","link":"https:\/\/saiak.com\/fr\/lassociation-saiak\/","title":{"rendered":"L&rsquo;association Saiak"},"content":{"rendered":"<p>[et_pb_section fb_built=\u00a0\u00bb1&Prime; _builder_version=\u00a0\u00bb3.19&Prime; custom_padding=\u00a0\u00bb30px|0px|30px|0px|true|false\u00a0\u00bb][et_pb_row custom_padding=\u00a0\u00bb0|0px|27px|0px|false|false\u00a0\u00bb _builder_version=\u00a0\u00bb3.19&Prime;][et_pb_column type=\u00a0\u00bb3_4&Prime; _builder_version=\u00a0\u00bb3.19&Prime; parallax=\u00a0\u00bboff\u00a0\u00bb parallax_method=\u00a0\u00bbon\u00a0\u00bb][et_pb_text _builder_version=\u00a0\u00bb3.19.4&Prime; text_font=\u00a0\u00bbAcme|300|||||||\u00a0\u00bb text_text_color=\u00a0\u00bb#00333f\u00a0\u00bb text_font_size=\u00a0\u00bb36px\u00a0\u00bb text_letter_spacing=\u00a0\u00bb2px\u00a0\u00bb text_line_height_last_edited=\u00a0\u00bbon|phone\u00a0\u00bb header_font=\u00a0\u00bb||||||||\u00a0\u00bb header_text_color=\u00a0\u00bb#0c71c3&Prime; header_2_font=\u00a0\u00bb||||||||\u00a0\u00bb header_3_font=\u00a0\u00bb||||||||\u00a0\u00bb]<\/p>\n<p>L&rsquo;association Saiak<\/p>\n<p>[\/et_pb_text][et_pb_text _builder_version=\u00a0\u00bb3.19.4&Prime; text_font=\u00a0\u00bb|600|||||||\u00a0\u00bb text_text_color=\u00a0\u00bb#00333f\u00a0\u00bb text_font_size=\u00a0\u00bb18px\u00a0\u00bb header_font=\u00a0\u00bb||||||||\u00a0\u00bb]<\/p>\n<p>SAIAK est une association loi 1901 \u00e0 but non lucratif, d\u2019int\u00e9r\u00eat g\u00e9n\u00e9ral. Elle&nbsp;a \u00e9t\u00e9 fond\u00e9e en 1979 par L\u00e9on et Jean Curutcharry \u00e0 Baigorri (Saint-Etienne-de-Ba\u00efgorry). L\u2019association conserve ainsi un fort ancrage en territoires de Cize et Baigorri parmi sa cinquantaine d\u2019adh\u00e9rents.<\/p>\n<p>[\/et_pb_text][et_pb_image src=\u00a0\u00bbhttps:\/\/saiak.com\/files\/2019\/01\/archive-saiak-014-andre.jpg\u00a0\u00bb alt=\u00a0\u00bbObservateurs de SAIAK &#8211; Ann\u00e9es 1980-1990 \u00a9 Alain Pagoaga\u00a0\u00bb title_text=\u00a0\u00bbObservateurs de SAIAK &#8211; Ann\u00e9es 1980-1990 \u00a9 Alain Pagoaga\u00a0\u00bb _builder_version=\u00a0\u00bb3.19.4&Prime;][\/et_pb_image][et_pb_text _builder_version=\u00a0\u00bb3.19.4&Prime; text_font=\u00a0\u00bb||||||||\u00a0\u00bb text_font_size=\u00a0\u00bb16px\u00a0\u00bb header_font=\u00a0\u00bb||||||||\u00a0\u00bb]<\/p>\n<h1>Objet de l&rsquo;association<\/h1>\n<p>SAIAK a pour objet d\u2019agir en faveur de la biodiversit\u00e9 et pour la protection des oiseaux et de leurs habitats<\/p>\n<ul>\n<li>par toutes \u00e9tudes concourant \u00e0 l\u2019am\u00e9lioration de leur connaissance ou pouvant favoriser les \u00e9changes culturels relatifs au lien entre l\u2019Homme et la Nature ;<\/li>\n<li>par des actions de sensibilisation et des interventions sur le terrain ;<\/li>\n<\/ul>\n<p><strong>Plus sp\u00e9cifiquement SAIAK s&rsquo;attache \u00e0 agir en faveur des rapaces et particuli\u00e8rement de leurs habitats li\u00e9s au pastoralisme&nbsp;<\/strong> tout en favorisant les \u00e9changes entre les diff\u00e9rents acteurs du territoire, contribuant ainsi \u00e0 la pr\u00e9servation et \u00e0 la valorisation de la biodiversit\u00e9, du patrimoine naturel et culturel du Pays Basque.<\/p>\n<p>Durant les ann\u00e9es 80 et 90, SAIAK a men\u00e9 des actions de communication, d\u2019information et de sensibilisation aupr\u00e8s des \u00e9leveurs et surtout des scolaires avec des expositions et des conf\u00e9rences dans les \u00e9coles et les centres de vacances dans le cadre de programmes particuliers.<br \/>\nElles \u00e9taient r\u00e9alis\u00e9es soit par les adh\u00e9rents eux-m\u00eames, soit par des salari\u00e9s effectuant un service civil dans le cadre de l\u2019association. SAIAK a particip\u00e9 \u00e0 l\u2019animation de la Maison du Pastoralisme (Irati &#8211; Iraty) durant la saison estivale 2004 en mettant \u00e0 disposition un animateur et une exposition.<\/p>\n<p>Aujourd\u2019hui les actions de SAIAK se d\u00e9veloppent particuli\u00e8rement sur les recensements et les suivis de reproduction des esp\u00e8ces suivantes : Gypa\u00e8te barbu, Vautour percnopt\u00e8re, Vautour fauve, Aigle royal, Hibou Grand-duc et Faucon p\u00e8lerin sur la montagne basque et son pi\u00e9mont.<br \/>\nLa plupart des actions concernant les 3 premi\u00e8res esp\u00e8ces cit\u00e9es plus haut sont men\u00e9es dans le cadre de Plans nationaux d\u2019Actions et b\u00e9n\u00e9ficient du soutien financier de l\u2019Etat, de l\u2019Europe et\/ou des collectivit\u00e9s territoriales.<\/p>\n<h1>Fonctionnement<\/h1>\n<p>L\u2019association organise ses actions autour de coordinateurs Esp\u00e8ces : Gypa\u00e8te barbu, Vautour percnopt\u00e8re, Vautour fauve, Aigle royal, Faucon p\u00e8lerin, Hibou Grand-duc. Ils recueillent et archivent les informations relev\u00e9es sur le terrain, organisent les prospections et participent aux r\u00e9unions relatives aux esp\u00e8ces concern\u00e9es.<br \/>\nPour les esp\u00e8ces sous Plan nationaux d\u2019actions telles que Gypa\u00e8te barbu, Vautour percnopt\u00e8re et Vautour fauve, Saiak transmet les donn\u00e9es recueillies par ses membres au Pays Basque, \u00e0 la DREAL Nouvelle Aquitaine qui les int\u00e8grent dans les programmes nationaux, europ\u00e9ens ou internationaux qu\u2019elle coordonne \u00e0 l\u2019\u00e9chelle r\u00e9gionale ou nationale.<\/p>\n<h1>Principales actions de l\u2019association<\/h1>\n<h2>Recensements et suivis de reproduction des grands rapaces<\/h2>\n<p>Ils ont pour objectif de suivre l\u2019\u00e9volution d\u00e9mographique de ces populations (augmentation, diminution ou stabilit\u00e9). Les donn\u00e9es recueillies \u2013 suivant un protocole valid\u00e9 par les scientifiques (CNRS) \u2013 servent \u00e0 pr\u00e9ciser le statut de conservation de ces esp\u00e8ces. SAIAK a ainsi accumul\u00e9 une solide connaissance du terrain et a d\u00e9velopp\u00e9 des comp\u00e9tences uniques pour \u00e9valuer et analyser l\u2019\u00e9tat des populations de rapaces au Pays Basque. En 1979, notre association a \u00e9t\u00e9 la premi\u00e8re \u00e0 initier \u2013 sur ce territoire \u2013 les inventaires du Vautour fauve, ceux-ci sont poursuivis chaque ann\u00e9e sous forme de \u00ab recensements sur sites \u00e9chantillons \u00bb.<\/p>\n<h2>Comptages des effectifs du Vautour percnopt\u00e8re sur les 2 dortoirs au Pays Basque<\/h2>\n<p>Ces comptages sont effectu\u00e9s depuis 1991 par SAIAK puis en collaboration avec l\u2019ONCFS, Hegalaldia et des observateurs ind\u00e9pendants. En 2005 un second dortoir a \u00e9t\u00e9 d\u00e9couvert \u00e0 7 km du premier.<br \/>\nActuellement SAIAK m\u00e8ne une action \u00ab Suivi t\u00e9l\u00e9m\u00e9trique des vautours percnopt\u00e8res des dortoirs du Pays Basque \u00bb avec l\u2019aide financi\u00e8re de la Communaut\u00e9 d\u2019Agglom\u00e9ration Pays Basque (CAPB) \/ Leader Montagne basque, la R\u00e9gion Nouvelle Aquitaine, le Conseil d\u00e9partemental des Pyr\u00e9n\u00e9es-Atlantiques, le Commissariat g\u00e9n\u00e9ral \u00e0 l\u2019Egalit\u00e9 des Territoires (CGET Pyr\u00e9n\u00e9es) et la Direction r\u00e9gionale de l\u2019Environnement, de l\u2019Am\u00e9nagement et du Logement (DREAL) Nouvelle Aquitaine.<\/p>\n<h2>Placettes d\u2019alimentation sp\u00e9cifique pour le Gypa\u00e8te barbu en hiver de 1994 \u00e0 2018<\/h2>\n<p>Ces nourrissages ont \u00e9t\u00e9 effectu\u00e9s dans le cadre du R\u00e9seau Casseur d\u2019Os (FIR puis Pyr\u00e9n\u00e9es vivantes \/ LPO). Ils avaient pour objectifs dans le programme Life Gypa\u00e8te barbu 1994 \u2013 1998&nbsp;:&nbsp;<\/p>\n<ul>\n<li>\u00ab&nbsp;d\u2019attirer les jeunes oiseaux et augmenter leur survie hivernale sur le versant nord en facilitant leur recherche de nourriture&nbsp;;<\/li>\n<li>augmenter la population en fixant de nouveaux couples \u00e0 la recherche de territoire sur les secteurs potentiels inoccup\u00e9s&nbsp;;<\/li>\n<li>augmenter les capacit\u00e9s reproductrices potentielles des couples qui se reproduisent mal&nbsp;\u00bb.<\/li>\n<\/ul>\n<p>Au Pays Basque, le principal objectif \u00e9tait de soutenir les couples nicheurs en leur fournissant une nourriture sure et r\u00e9guli\u00e8re.<\/p>\n<h2>\u00c9tude de l\u2019\u00e9cologie de l\u2019Aigle royal au Pays Basque<\/h2>\n<p>Dix ann\u00e9es de prospections et de suivis de nidification nous ont permis d\u2019\u00e9tudier l\u2019\u00e9volution des param\u00e8tres de reproduction et d\u2019analyser le r\u00e9gime alimentaire des couples d\u2019aigles royaux singuliers par leur habitat dans la montagne pastorale.<\/p>\n<h2>Participation aux baguages des jeunes vautours percnopt\u00e8res<\/h2>\n<p>Cette op\u00e9ration n\u2019a d\u00e9but\u00e9 qu\u2019en 2018 et elle a simplement permis d\u2019effectuer les rep\u00e9rages et d\u2019\u00e9valuer les besoins logistiques. Elle est effective en 2019.<\/p>\n<h2>Publications dans des revues sp\u00e9cialis\u00e9es \/ ornithologiques<\/h2>\n<p>Plusieurs articles de membres de SAIAK ont \u00e9t\u00e9 publi\u00e9s dans des revues sp\u00e9cialis\u00e9es.&nbsp;<\/p>\n<h2>Partage de connaissances et sensibilisation<\/h2>\n<p>Au-del\u00e0 des suivis scientifiques des diff\u00e9rentes esp\u00e8ces de rapaces pr\u00e9sentes au Pays Basque, SAIAK a toujours eu \u00e0 c\u0153ur de partager ses connaissances et d\u2019\u00e9changer avec les habitants des territoires fr\u00e9quent\u00e9s par les rapaces n\u00e9crophages, en particulier avec le monde paysan.<br \/>\nSAIAK participe aux d\u00e9bats concernant les diff\u00e9rents usages de la montagne. Les nombreuses activit\u00e9s humaines (\u00e9levage, tourisme, sports, chasse\u2026) et la pr\u00e9servation de la biodiversit\u00e9 g\u00e9n\u00e8rent des conflits entre les diff\u00e9rents usagers.<\/p>\n<p>[\/et_pb_text][\/et_pb_column][et_pb_column type=\u00a0\u00bb1_4&Prime; _builder_version=\u00a0\u00bb3.19&Prime; parallax=\u00a0\u00bboff\u00a0\u00bb parallax_method=\u00a0\u00bbon\u00a0\u00bb][et_pb_blurb title=\u00a0\u00bbDevenez membre !\u00a0\u00bb image=\u00a0\u00bbhttps:\/\/saiak.com\/files\/2019\/01\/12132997526_bfbe1cc26e_o-andre-1.jpg\u00a0\u00bb _builder_version=\u00a0\u00bb3.19.4&Prime; animation=\u00a0\u00bboff\u00a0\u00bb]<\/p>\n<p>Adh\u00e9rer \u00e0 Saiak c\u2019est participer \u00e0 la pr\u00e9servation du patrimoine naturel du Pays Basque en ayant l\u2019opportunit\u00e9 de mieux conna\u00eetre le monde fascinant des rapaces.<\/p>\n<p>[\/et_pb_blurb][et_pb_button button_url=\u00a0\u00bbhttps:\/\/saiak.com\/fr\/lassociation-saiak\/devenir-membre\/\u00a0\u00bb button_text=\u00a0\u00bbDevenir membre\u00a0\u00bb _builder_version=\u00a0\u00bb3.19.4&Prime; custom_button=\u00a0\u00bbon\u00a0\u00bb button_text_size=\u00a0\u00bb16px\u00a0\u00bb button_text_color=\u00a0\u00bb#00457a\u00a0\u00bb button_border_width=\u00a0\u00bb2px\u00a0\u00bb button_border_radius=\u00a0\u00bb6px\u00a0\u00bb button_font=\u00a0\u00bb||||||||\u00a0\u00bb button_icon=\u00a0\u00bb%%75%%\u00a0\u00bb button_icon_placement=\u00a0\u00bbleft\u00a0\u00bb button_on_hover=\u00a0\u00bboff\u00a0\u00bb][\/et_pb_button][\/et_pb_column][\/et_pb_row][\/et_pb_section]<\/p>\n","protected":false},"excerpt":{"rendered":"<p>Saiak est une association loi 1901 \u00e0 but non lucratif, agr\u00e9\u00e9e au titre de l\u2019article 40 de la loi du 10\/07\/1976 relative \u00e0 la protection de la nature.<\/p>\n","protected":false},"author":5,"featured_media":800,"parent":0,"menu_order":0,"comment_status":"closed","ping_status":"closed","template":"","meta":{"_et_pb_use_builder":"on","_et_pb_old_content":"<!--:eu--><strong>Saiak 1901 legearen araberako elkarte bat da. Bere xedeek bat egiten dute izadiaren zaintzeari buruzko Frantziako estadoko 1976ko uztailaren 10eko legearekin.<\/strong>\r\n\r\nHelburutzat du harraparien ezagutzea eta zaintzea, informazio eta ekintza batzuen bidez, Euskal herrian. Garazi et Baigorri inguruetan bereziki jarria den elkartea da, 50 bat kiderekin.\r\n\r\n1980-1990 urteetan, komunikazio, informazio eta sentsibilizazio lanak eraman ditu, laborari eta artzainen artean, baita eskoletan. Hala nola, erakusketa eta konferentziak eskoletan eta opor guneetan, programa berezi batzuen baitan kokaturik.\r\n\r\nEkintza horiek elkarte kideek berek bete dituzte edo elkarteko langileek, zerbitzu zibila betetzen zutelarik elkartearen zerbitzuko lan eginez.\r\n\r\n<strong>Gaur egun\u00a0Saiak elkartearen zeregin nagusia espezie batzuen segimenduan datza: ugatza, sai arrea, sai zuria, arrano beltza, miru gorria eta belatz handia bezalako espeziena bereziki. Aztertu eremua, nagusiki, Ipar Euskal Herriko mendialdea da.<\/strong>\r\n\r\nElkarteak bere lana egituratu du espezie koordinatzaile batzuen bitartez, ondoko harraparien segipena haien gain hartzen dutenak: ugatza, sai zuria, sai arrea, miru gorria, arrano beltza, belatz handia, hontz handia. Aztertu eremuetan bildu informazio zentratzen dute, ateraldiak antolatzen eta espezie bakoitzari buruzko biltzar desberdinetan parte hartzen.\r\n\r\nBiltzen ditugun informazioak helarazten dizkiogu beste erakunde eta antolakunde batzuei, hala nola, LPO eta DIREN, zeinek integratzen baitituzte programa nazionaletan, europarretan edo nazio artekoetan, nazio mailako koordinatzaile gisa. Egitura ofizial horien laguntzaile den oinarrizko kate begia da beraz Saiak elkartea.\r\n\r\nBestalde, Saiak elkarteak Ugatzaren bazkatzea ere antolatzen du, Hegalaldia elkartearekin elkarlanean. Hegalaldiak kudeatzen du fauna basaren zaintze zentroa Uztaritzen. Ekintza berezi hori, espezie horren berreskurapen planaren baitan kokatzen da, LPO-k baita Estatuko zerbitzuek DIREN akitaniako egituraren bidez koordinatzen dutena.\r\n\r\nBer gisan, Saiak elkarteak, mugaz bi aldetako ugatzaren kondaketan parte hartzen du, eta, noiztenka, informazio eta komunikazio ekintza batzuetan.\r\n\r\nGaur egun Saiak elkarteak dinamika berri batean kokatu nahi du bere lana, kide berriak, ahalaz gazteak, beregana erakarriz.<!--:--><!--:fr--><strong>Saiak est une association loi 1901 \u00e0 but non lucratif, agr\u00e9\u00e9e au titre de l\u2019article 40 de la loi du 10\/07\/1976 relative \u00e0 la protection de la nature.<\/strong>\r\n\r\nSes objectifs sont la connaissance et la protection des rapaces par des actions d\u2019information et d\u2019intervention sur le terrain en Pays Basque. L\u2019association conserve un fort ancrage en territoires de Cize et Baigorri parmi sa cinquantaine d\u2019adh\u00e9rents.\r\n\r\nAnt\u00e9rieurement, elle a men\u00e9 des actions de communication, d\u2019information et de sensibilisation aupr\u00e8s des \u00e9leveurs et des scolaires telles que expositions et conf\u00e9rences dans les \u00e9coles et les centres de vacances dans le cadre de programmes particuliers.\r\n\r\nElles \u00e9taient r\u00e9alis\u00e9es soit par les adh\u00e9rents eux-m\u00eames, soit par des salari\u00e9s effectuant un service civil dans le cadre de l\u2019association. Elle a particip\u00e9 \u00e0 l\u2019animation de la Maison du Pastoralisme durant la saison estivale 2004 en mettant \u00e0 disposition un animateur et une exposition.\r\n\r\n<strong>Les actions de Saiak sont aujourd'hui concentr\u00e9es sur le suivi de reproduction des esp\u00e8ces suivantes : Gypa\u00e8te barbu, Vautour percnopt\u00e8re, Vautour fauve, Aigle royal, Milan royal et Faucon p\u00e8lerin. Le territoire \u00e9tudi\u00e9 est la zone de montagne basque et son pi\u00e9mont.<\/strong>\r\n\r\nL'association a organis\u00e9 son fonctionnement autour de coordinateurs Esp\u00e8ces : Gypa\u00e8te, Percnopt\u00e8re, Vautour fauve, Milan royal, Aigle royal, Faucon p\u00e8lerin, Hibou Grand-duc. Ils recueillent les informations relev\u00e9es sur le terrain, organisent la prospection et participent aux r\u00e9unions relatives aux esp\u00e8ces concern\u00e9es.\r\n\r\nSaiak transmet les donn\u00e9es recueillies \u00e0 des organismes tels que la L.P.O. ou la DIREN qui les int\u00e8grent dans les programmes nationaux, europ\u00e9ens ou internationaux qu'ils coordonnent \u00e0 l'\u00e9chelle nationale. L'association sert donc de relais local \u00e0 ces structures officielles.\r\n\r\nSaiak organise \u00e9galement le nourrissage sp\u00e9cifique du Gypa\u00e8te barbu avec la collaboration de l\u2019association HEGALALDIA, qui g\u00e8re le centre de sauvegarde de la faune sauvage \u00e0 Ustaritz. Cette action s\u2019effectue dans le cadre du Plan national de restauration de l\u2019esp\u00e8ce, coordonn\u00e9 par la Ligue pour la Protection des Oiseaux et pilot\u00e9 par les services de l\u2019Etat, en l\u2019occurrence la DIREN Aquitaine.\r\nDans ce m\u00eame contexte, l\u2019association SAIAK participe aux comptages transfrontaliers de Gypa\u00e8te barbu et ponctuellement, \u00e0 des actions d'information et de communication.<!--:-->","_et_gb_content_width":"","ngg_post_thumbnail":0,"footnotes":""},"class_list":["post-699","page","type-page","status-publish","has-post-thumbnail","hentry"],"yoast_head":"<!-- This site is optimized with the Yoast SEO plugin v27.4 - https:\/\/yoast.com\/product\/yoast-seo-wordpress\/ -->\n<title>L&#039;association Saiak &#060; SAIAK<\/title>\n<meta name=\"robots\" content=\"index, follow, max-snippet:-1, max-image-preview:large, max-video-preview:-1\" \/>\n<link rel=\"canonical\" href=\"https:\/\/saiak.com\/fr\/lassociation-saiak\/\" \/>\n<meta property=\"og:locale\" content=\"fr_FR\" \/>\n<meta property=\"og:type\" content=\"article\" \/>\n<meta property=\"og:title\" content=\"L&#039;association Saiak &#060; SAIAK\" \/>\n<meta property=\"og:description\" content=\"Saiak est une association loi 1901 \u00e0 but non lucratif, agr\u00e9\u00e9e au titre de l\u2019article 40 de la loi du 10\/07\/1976 relative \u00e0 la protection de la nature.\" \/>\n<meta property=\"og:url\" content=\"https:\/\/saiak.com\/fr\/lassociation-saiak\/\" \/>\n<meta property=\"og:site_name\" content=\"SAIAK\" \/>\n<meta property=\"article:modified_time\" content=\"2020-01-03T21:40:55+00:00\" \/>\n<meta property=\"og:image\" content=\"https:\/\/saiak.com\/files\/2011\/11\/Archive-Saiak-020-500x336.jpg\" \/>\n\t<meta property=\"og:image:width\" content=\"500\" \/>\n\t<meta property=\"og:image:height\" content=\"336\" \/>\n\t<meta property=\"og:image:type\" content=\"image\/jpeg\" \/>\n<meta name=\"twitter:label1\" content=\"Dur\u00e9e de lecture estim\u00e9e\" \/>\n\t<meta name=\"twitter:data1\" content=\"7 minutes\" \/>\n<script type=\"application\/ld+json\" class=\"yoast-schema-graph\">{\"@context\":\"https:\\\/\\\/schema.org\",\"@graph\":[{\"@type\":\"WebPage\",\"@id\":\"https:\\\/\\\/saiak.com\\\/fr\\\/lassociation-saiak\\\/\",\"url\":\"https:\\\/\\\/saiak.com\\\/fr\\\/lassociation-saiak\\\/\",\"name\":\"L'association Saiak &#060; SAIAK\",\"isPartOf\":{\"@id\":\"https:\\\/\\\/saiak.com\\\/eu\\\/#website\"},\"primaryImageOfPage\":{\"@id\":\"https:\\\/\\\/saiak.com\\\/fr\\\/lassociation-saiak\\\/#primaryimage\"},\"image\":{\"@id\":\"https:\\\/\\\/saiak.com\\\/fr\\\/lassociation-saiak\\\/#primaryimage\"},\"thumbnailUrl\":\"https:\\\/\\\/saiak.com\\\/files\\\/2011\\\/11\\\/Archive-Saiak-020.jpg\",\"datePublished\":\"2011-10-27T19:30:34+00:00\",\"dateModified\":\"2020-01-03T21:40:55+00:00\",\"breadcrumb\":{\"@id\":\"https:\\\/\\\/saiak.com\\\/fr\\\/lassociation-saiak\\\/#breadcrumb\"},\"inLanguage\":\"fr-FR\",\"potentialAction\":[{\"@type\":\"ReadAction\",\"target\":[\"https:\\\/\\\/saiak.com\\\/fr\\\/lassociation-saiak\\\/\"]}]},{\"@type\":\"ImageObject\",\"inLanguage\":\"fr-FR\",\"@id\":\"https:\\\/\\\/saiak.com\\\/fr\\\/lassociation-saiak\\\/#primaryimage\",\"url\":\"https:\\\/\\\/saiak.com\\\/files\\\/2011\\\/11\\\/Archive-Saiak-020.jpg\",\"contentUrl\":\"https:\\\/\\\/saiak.com\\\/files\\\/2011\\\/11\\\/Archive-Saiak-020.jpg\",\"width\":\"2972\",\"height\":\"2000\",\"caption\":\"Membres de Saiak sur le terrain en plein hiver (Photo : Alain Pagoaga)\"},{\"@type\":\"BreadcrumbList\",\"@id\":\"https:\\\/\\\/saiak.com\\\/fr\\\/lassociation-saiak\\\/#breadcrumb\",\"itemListElement\":[{\"@type\":\"ListItem\",\"position\":1,\"name\":\"\",\"item\":\"https:\\\/\\\/saiak.com\\\/fr\\\/\"},{\"@type\":\"ListItem\",\"position\":2,\"name\":\"L&rsquo;association Saiak\"}]},{\"@type\":\"WebSite\",\"@id\":\"https:\\\/\\\/saiak.com\\\/eu\\\/#website\",\"url\":\"https:\\\/\\\/saiak.com\\\/eu\\\/\",\"name\":\"SAIAK\",\"description\":\"Euskal Herriko harraparien ikerketa eta zainketa | \u00c9tude et protection des rapaces en Pays Basque\",\"potentialAction\":[{\"@type\":\"SearchAction\",\"target\":{\"@type\":\"EntryPoint\",\"urlTemplate\":\"https:\\\/\\\/saiak.com\\\/eu\\\/?s={search_term_string}\"},\"query-input\":{\"@type\":\"PropertyValueSpecification\",\"valueRequired\":true,\"valueName\":\"search_term_string\"}}],\"inLanguage\":\"fr-FR\"}]}<\/script>\n<!-- \/ Yoast SEO plugin. -->","yoast_head_json":{"title":"L'association Saiak &#060; SAIAK","robots":{"index":"index","follow":"follow","max-snippet":"max-snippet:-1","max-image-preview":"max-image-preview:large","max-video-preview":"max-video-preview:-1"},"canonical":"https:\/\/saiak.com\/fr\/lassociation-saiak\/","og_locale":"fr_FR","og_type":"article","og_title":"L'association Saiak &#060; SAIAK","og_description":"Saiak est une association loi 1901 \u00e0 but non lucratif, agr\u00e9\u00e9e au titre de l\u2019article 40 de la loi du 10\/07\/1976 relative \u00e0 la protection de la nature.","og_url":"https:\/\/saiak.com\/fr\/lassociation-saiak\/","og_site_name":"SAIAK","article_modified_time":"2020-01-03T21:40:55+00:00","og_image":[{"width":500,"height":336,"url":"https:\/\/saiak.com\/files\/2011\/11\/Archive-Saiak-020-500x336.jpg","type":"image\/jpeg"}],"twitter_misc":{"Dur\u00e9e de lecture estim\u00e9e":"7 minutes"},"schema":{"@context":"https:\/\/schema.org","@graph":[{"@type":"WebPage","@id":"https:\/\/saiak.com\/fr\/lassociation-saiak\/","url":"https:\/\/saiak.com\/fr\/lassociation-saiak\/","name":"L'association Saiak &#060; SAIAK","isPartOf":{"@id":"https:\/\/saiak.com\/eu\/#website"},"primaryImageOfPage":{"@id":"https:\/\/saiak.com\/fr\/lassociation-saiak\/#primaryimage"},"image":{"@id":"https:\/\/saiak.com\/fr\/lassociation-saiak\/#primaryimage"},"thumbnailUrl":"https:\/\/saiak.com\/files\/2011\/11\/Archive-Saiak-020.jpg","datePublished":"2011-10-27T19:30:34+00:00","dateModified":"2020-01-03T21:40:55+00:00","breadcrumb":{"@id":"https:\/\/saiak.com\/fr\/lassociation-saiak\/#breadcrumb"},"inLanguage":"fr-FR","potentialAction":[{"@type":"ReadAction","target":["https:\/\/saiak.com\/fr\/lassociation-saiak\/"]}]},{"@type":"ImageObject","inLanguage":"fr-FR","@id":"https:\/\/saiak.com\/fr\/lassociation-saiak\/#primaryimage","url":"https:\/\/saiak.com\/files\/2011\/11\/Archive-Saiak-020.jpg","contentUrl":"https:\/\/saiak.com\/files\/2011\/11\/Archive-Saiak-020.jpg","width":"2972","height":"2000","caption":"Membres de Saiak sur le terrain en plein hiver (Photo : Alain Pagoaga)"},{"@type":"BreadcrumbList","@id":"https:\/\/saiak.com\/fr\/lassociation-saiak\/#breadcrumb","itemListElement":[{"@type":"ListItem","position":1,"name":"","item":"https:\/\/saiak.com\/fr\/"},{"@type":"ListItem","position":2,"name":"L&rsquo;association Saiak"}]},{"@type":"WebSite","@id":"https:\/\/saiak.com\/eu\/#website","url":"https:\/\/saiak.com\/eu\/","name":"SAIAK","description":"Euskal Herriko harraparien ikerketa eta zainketa | \u00c9tude et protection des rapaces en Pays Basque","potentialAction":[{"@type":"SearchAction","target":{"@type":"EntryPoint","urlTemplate":"https:\/\/saiak.com\/eu\/?s={search_term_string}"},"query-input":{"@type":"PropertyValueSpecification","valueRequired":true,"valueName":"search_term_string"}}],"inLanguage":"fr-FR"}]}},"_links":{"self":[{"href":"https:\/\/saiak.com\/fr\/wp-json\/wp\/v2\/pages\/699\/"}],"collection":[{"href":"https:\/\/saiak.com\/fr\/wp-json\/wp\/v2\/pages\/"}],"about":[{"href":"https:\/\/saiak.com\/fr\/wp-json\/wp\/v2\/types\/page\/"}],"author":[{"embeddable":true,"href":"https:\/\/saiak.com\/fr\/wp-json\/wp\/v2\/users\/5\/"}],"replies":[{"embeddable":true,"href":"https:\/\/saiak.com\/fr\/wp-json\/wp\/v2\/comments\/?post=699"}],"version-history":[{"count":21,"href":"https:\/\/saiak.com\/fr\/wp-json\/wp\/v2\/pages\/699\/revisions\/"}],"predecessor-version":[{"id":3769,"href":"https:\/\/saiak.com\/fr\/wp-json\/wp\/v2\/pages\/699\/revisions\/3769\/"}],"wp:featuredmedia":[{"embeddable":true,"href":"https:\/\/saiak.com\/fr\/wp-json\/wp\/v2\/media\/800\/"}],"wp:attachment":[{"href":"https:\/\/saiak.com\/fr\/wp-json\/wp\/v2\/media\/?parent=699"}],"curies":[{"name":"wp","href":"https:\/\/api.w.org\/{rel}","templated":true}]}}