{"id":703,"date":"2011-10-30T20:28:39","date_gmt":"2011-10-30T20:28:39","guid":{"rendered":"https:\/\/saiak.com\/especes-etudiees-par-saiak\/"},"modified":"2011-10-30T20:28:39","modified_gmt":"2011-10-30T20:28:39","slug":"especes-etudiees-par-saiak","status":"publish","type":"page","link":"https:\/\/saiak.com\/fr\/especes-etudiees-par-saiak\/","title":{"rendered":"Esp\u00e8ces \u00e9tudi\u00e9es par Saiak"},"content":{"rendered":"<p><strong>Le Pays Basque est une terre de confluences climatiques : oc\u00e9anique, montagnarde, m\u00e9diterran\u00e9enne, continentale et atlantique. Cela lui conf\u00e8re une grande richesse environnementale, en particulier ce qui concerne les rapaces.<\/strong><\/p>\n<p>On d\u00e9nombre en effet, en Pays Basque nord (provinces du Labour, de Basse-Navarre et de Soule) pas moins de 23 esp\u00e8ces de rapaces nicheurs (diurnes et nocturnes). Par la diversit\u00e9 de sa population, le Pays Basque est l&rsquo;un des territoires les plus riches d&rsquo;Europe en mati\u00e8re de rapaces.<\/p>\n<p>Les esp\u00e8ces phares, pour ne citer que les esp\u00e8ces diurnes, sont, entre autres, le Gypa\u00e8te barbu, le Vautour fauve, le Vautour percnopt\u00e8re, l&rsquo;Aigle royal ou encore le Faucon p\u00e8lerin.<\/p>\n<p>Compte-tenu de ses moyens modestes l&rsquo;association Saiak a r\u00e9orient\u00e9 ses efforts concernant le suivi de la reproduction d&rsquo;esp\u00e8ces.<\/p>\n<p>B\u00e9n\u00e9ficient actuellement d&rsquo;un suivi r\u00e9gulier les esp\u00e8ces de rapaces diurnes les plus menac\u00e9es ou faisant l&rsquo;objet de plans de restauration.<\/p>\n<p>Concr\u00e8tement les esp\u00e8ces r\u00e9ellement \u00e9tudi\u00e9es sont:<\/p>\n<ul>\n<li><a href=\"https:\/\/wwww.saiak.com\/gypaete-barbu.html\" target=\"_self\">Le Gypa\u00e8te barbu<\/a><\/li>\n<li><a href=\"https:\/\/wwww.saiak.com\/vautour-percnoptere.html\" target=\"_self\">Le Vautour percnopt\u00e8re<\/a><\/li>\n<li><a href=\"https:\/\/wwww.saiak.com\/aigle-royal.html\" target=\"_self\">L&rsquo;Aigle royal<\/a><\/li>\n<li><a href=\"https:\/\/wwww.saiak.com\/milan-royal.html\" target=\"_self\">Le Milan royal<\/a><\/li>\n<\/ul>\n<p>Ceci n&#8217;emp\u00eache \u00e9videmment pas les membres de l&rsquo;association de mener des prospections sur d&rsquo;<a href=\"https:\/\/wwww.saiak.com\/autres-especes.html\" target=\"_self\">autres esp\u00e8ces<\/a>\u00a0, peut \u00eatre plus discr\u00e8tes (<a href=\"https:\/\/wwww.saiak.com\/le-hibou-grand-duc-au-pays-basque.html\" target=\"_self\">hibou grand-duc<\/a>\u00a0&#8230;) ou moins embl\u00e9matiques, et de collecter des donn\u00e9es \u00e0 leur sujet.<\/p>\n","protected":false},"excerpt":{"rendered":"<p>Le Pays Basque est une terre de confluences climatiques : oc\u00e9anique, montagnarde, m\u00e9diterran\u00e9enne, continentale et atlantique. Cela lui conf\u00e8re une grande richesse environnementale, en particulier ce qui concerne les rapaces. On d\u00e9nombre en effet, en Pays Basque nord (provinces du Labour, de Basse-Navarre et de Soule) pas moins de 23 esp\u00e8ces de rapaces nicheurs (diurnes [&hellip;]<\/p>\n","protected":false},"author":5,"featured_media":807,"parent":0,"menu_order":0,"comment_status":"closed","ping_status":"closed","template":"","meta":{"_et_pb_use_builder":"","_et_pb_old_content":"","_et_gb_content_width":"","ngg_post_thumbnail":0,"footnotes":""},"class_list":["post-703","page","type-page","status-publish","has-post-thumbnail","hentry"],"yoast_head":"<!-- This site is optimized with the Yoast SEO plugin v27.4 - https:\/\/yoast.com\/product\/yoast-seo-wordpress\/ -->\n<title>Esp\u00e8ces \u00e9tudi\u00e9es par Saiak &#060; SAIAK<\/title>\n<meta name=\"robots\" content=\"index, follow, max-snippet:-1, max-image-preview:large, max-video-preview:-1\" \/>\n<link rel=\"canonical\" href=\"https:\/\/saiak.com\/fr\/especes-etudiees-par-saiak\/\" \/>\n<meta property=\"og:locale\" content=\"fr_FR\" \/>\n<meta property=\"og:type\" content=\"article\" \/>\n<meta property=\"og:title\" content=\"Esp\u00e8ces \u00e9tudi\u00e9es par Saiak &#060; SAIAK\" \/>\n<meta property=\"og:description\" content=\"Le Pays Basque est une terre de confluences climatiques : oc\u00e9anique, montagnarde, m\u00e9diterran\u00e9enne, continentale et atlantique. Cela lui conf\u00e8re une grande richesse environnementale, en particulier ce qui concerne les rapaces. On d\u00e9nombre en effet, en Pays Basque nord (provinces du Labour, de Basse-Navarre et de Soule) pas moins de 23 esp\u00e8ces de rapaces nicheurs (diurnes [&hellip;]\" \/>\n<meta property=\"og:url\" content=\"https:\/\/saiak.com\/fr\/especes-etudiees-par-saiak\/\" \/>\n<meta property=\"og:site_name\" content=\"SAIAK\" \/>\n<meta property=\"og:image\" content=\"https:\/\/saiak.com\/files\/2011\/11\/Archive-Saiak-018-500x336.jpg\" \/>\n\t<meta property=\"og:image:width\" content=\"500\" \/>\n\t<meta property=\"og:image:height\" content=\"336\" \/>\n\t<meta property=\"og:image:type\" content=\"image\/jpeg\" \/>\n<meta name=\"twitter:label1\" content=\"Dur\u00e9e de lecture estim\u00e9e\" \/>\n\t<meta name=\"twitter:data1\" content=\"1 minute\" \/>\n<script type=\"application\/ld+json\" class=\"yoast-schema-graph\">{\"@context\":\"https:\\\/\\\/schema.org\",\"@graph\":[{\"@type\":\"WebPage\",\"@id\":\"https:\\\/\\\/saiak.com\\\/fr\\\/especes-etudiees-par-saiak\\\/\",\"url\":\"https:\\\/\\\/saiak.com\\\/fr\\\/especes-etudiees-par-saiak\\\/\",\"name\":\"Esp\u00e8ces \u00e9tudi\u00e9es par Saiak &#060; SAIAK\",\"isPartOf\":{\"@id\":\"https:\\\/\\\/saiak.com\\\/eu\\\/#website\"},\"primaryImageOfPage\":{\"@id\":\"https:\\\/\\\/saiak.com\\\/fr\\\/especes-etudiees-par-saiak\\\/#primaryimage\"},\"image\":{\"@id\":\"https:\\\/\\\/saiak.com\\\/fr\\\/especes-etudiees-par-saiak\\\/#primaryimage\"},\"thumbnailUrl\":\"https:\\\/\\\/saiak.com\\\/files\\\/2011\\\/11\\\/Archive-Saiak-018.jpg\",\"datePublished\":\"2011-10-30T20:28:39+00:00\",\"breadcrumb\":{\"@id\":\"https:\\\/\\\/saiak.com\\\/fr\\\/especes-etudiees-par-saiak\\\/#breadcrumb\"},\"inLanguage\":\"fr-FR\",\"potentialAction\":[{\"@type\":\"ReadAction\",\"target\":[\"https:\\\/\\\/saiak.com\\\/fr\\\/especes-etudiees-par-saiak\\\/\"]}]},{\"@type\":\"ImageObject\",\"inLanguage\":\"fr-FR\",\"@id\":\"https:\\\/\\\/saiak.com\\\/fr\\\/especes-etudiees-par-saiak\\\/#primaryimage\",\"url\":\"https:\\\/\\\/saiak.com\\\/files\\\/2011\\\/11\\\/Archive-Saiak-018.jpg\",\"contentUrl\":\"https:\\\/\\\/saiak.com\\\/files\\\/2011\\\/11\\\/Archive-Saiak-018.jpg\",\"width\":\"2972\",\"height\":\"2000\"},{\"@type\":\"BreadcrumbList\",\"@id\":\"https:\\\/\\\/saiak.com\\\/fr\\\/especes-etudiees-par-saiak\\\/#breadcrumb\",\"itemListElement\":[{\"@type\":\"ListItem\",\"position\":1,\"name\":\"\",\"item\":\"https:\\\/\\\/saiak.com\\\/fr\\\/\"},{\"@type\":\"ListItem\",\"position\":2,\"name\":\"Esp\u00e8ces \u00e9tudi\u00e9es par Saiak\"}]},{\"@type\":\"WebSite\",\"@id\":\"https:\\\/\\\/saiak.com\\\/eu\\\/#website\",\"url\":\"https:\\\/\\\/saiak.com\\\/eu\\\/\",\"name\":\"SAIAK\",\"description\":\"Euskal Herriko harraparien ikerketa eta zainketa | \u00c9tude et protection des rapaces en Pays Basque\",\"potentialAction\":[{\"@type\":\"SearchAction\",\"target\":{\"@type\":\"EntryPoint\",\"urlTemplate\":\"https:\\\/\\\/saiak.com\\\/eu\\\/?s={search_term_string}\"},\"query-input\":{\"@type\":\"PropertyValueSpecification\",\"valueRequired\":true,\"valueName\":\"search_term_string\"}}],\"inLanguage\":\"fr-FR\"}]}<\/script>\n<!-- \/ Yoast SEO plugin. -->","yoast_head_json":{"title":"Esp\u00e8ces \u00e9tudi\u00e9es par Saiak &#060; SAIAK","robots":{"index":"index","follow":"follow","max-snippet":"max-snippet:-1","max-image-preview":"max-image-preview:large","max-video-preview":"max-video-preview:-1"},"canonical":"https:\/\/saiak.com\/fr\/especes-etudiees-par-saiak\/","og_locale":"fr_FR","og_type":"article","og_title":"Esp\u00e8ces \u00e9tudi\u00e9es par Saiak &#060; SAIAK","og_description":"Le Pays Basque est une terre de confluences climatiques : oc\u00e9anique, montagnarde, m\u00e9diterran\u00e9enne, continentale et atlantique. Cela lui conf\u00e8re une grande richesse environnementale, en particulier ce qui concerne les rapaces. On d\u00e9nombre en effet, en Pays Basque nord (provinces du Labour, de Basse-Navarre et de Soule) pas moins de 23 esp\u00e8ces de rapaces nicheurs (diurnes [&hellip;]","og_url":"https:\/\/saiak.com\/fr\/especes-etudiees-par-saiak\/","og_site_name":"SAIAK","og_image":[{"width":500,"height":336,"url":"https:\/\/saiak.com\/files\/2011\/11\/Archive-Saiak-018-500x336.jpg","type":"image\/jpeg"}],"twitter_misc":{"Dur\u00e9e de lecture estim\u00e9e":"1 minute"},"schema":{"@context":"https:\/\/schema.org","@graph":[{"@type":"WebPage","@id":"https:\/\/saiak.com\/fr\/especes-etudiees-par-saiak\/","url":"https:\/\/saiak.com\/fr\/especes-etudiees-par-saiak\/","name":"Esp\u00e8ces \u00e9tudi\u00e9es par Saiak &#060; SAIAK","isPartOf":{"@id":"https:\/\/saiak.com\/eu\/#website"},"primaryImageOfPage":{"@id":"https:\/\/saiak.com\/fr\/especes-etudiees-par-saiak\/#primaryimage"},"image":{"@id":"https:\/\/saiak.com\/fr\/especes-etudiees-par-saiak\/#primaryimage"},"thumbnailUrl":"https:\/\/saiak.com\/files\/2011\/11\/Archive-Saiak-018.jpg","datePublished":"2011-10-30T20:28:39+00:00","breadcrumb":{"@id":"https:\/\/saiak.com\/fr\/especes-etudiees-par-saiak\/#breadcrumb"},"inLanguage":"fr-FR","potentialAction":[{"@type":"ReadAction","target":["https:\/\/saiak.com\/fr\/especes-etudiees-par-saiak\/"]}]},{"@type":"ImageObject","inLanguage":"fr-FR","@id":"https:\/\/saiak.com\/fr\/especes-etudiees-par-saiak\/#primaryimage","url":"https:\/\/saiak.com\/files\/2011\/11\/Archive-Saiak-018.jpg","contentUrl":"https:\/\/saiak.com\/files\/2011\/11\/Archive-Saiak-018.jpg","width":"2972","height":"2000"},{"@type":"BreadcrumbList","@id":"https:\/\/saiak.com\/fr\/especes-etudiees-par-saiak\/#breadcrumb","itemListElement":[{"@type":"ListItem","position":1,"name":"","item":"https:\/\/saiak.com\/fr\/"},{"@type":"ListItem","position":2,"name":"Esp\u00e8ces \u00e9tudi\u00e9es par Saiak"}]},{"@type":"WebSite","@id":"https:\/\/saiak.com\/eu\/#website","url":"https:\/\/saiak.com\/eu\/","name":"SAIAK","description":"Euskal Herriko harraparien ikerketa eta zainketa | \u00c9tude et protection des rapaces en Pays Basque","potentialAction":[{"@type":"SearchAction","target":{"@type":"EntryPoint","urlTemplate":"https:\/\/saiak.com\/eu\/?s={search_term_string}"},"query-input":{"@type":"PropertyValueSpecification","valueRequired":true,"valueName":"search_term_string"}}],"inLanguage":"fr-FR"}]}},"_links":{"self":[{"href":"https:\/\/saiak.com\/fr\/wp-json\/wp\/v2\/pages\/703\/"}],"collection":[{"href":"https:\/\/saiak.com\/fr\/wp-json\/wp\/v2\/pages\/"}],"about":[{"href":"https:\/\/saiak.com\/fr\/wp-json\/wp\/v2\/types\/page\/"}],"author":[{"embeddable":true,"href":"https:\/\/saiak.com\/fr\/wp-json\/wp\/v2\/users\/5\/"}],"replies":[{"embeddable":true,"href":"https:\/\/saiak.com\/fr\/wp-json\/wp\/v2\/comments\/?post=703"}],"version-history":[{"count":0,"href":"https:\/\/saiak.com\/fr\/wp-json\/wp\/v2\/pages\/703\/revisions\/"}],"wp:featuredmedia":[{"embeddable":true,"href":"https:\/\/saiak.com\/fr\/wp-json\/wp\/v2\/media\/807\/"}],"wp:attachment":[{"href":"https:\/\/saiak.com\/fr\/wp-json\/wp\/v2\/media\/?parent=703"}],"curies":[{"name":"wp","href":"https:\/\/api.w.org\/{rel}","templated":true}]}}