{"id":713,"date":"2011-11-19T20:03:26","date_gmt":"2011-11-19T20:03:26","guid":{"rendered":"https:\/\/saiak.com\/vautour-fauve\/"},"modified":"2020-01-03T19:29:37","modified_gmt":"2020-01-03T19:29:37","slug":"vautour-fauve","status":"publish","type":"page","link":"https:\/\/saiak.com\/fr\/especes-etudiees-par-saiak\/vautour-fauve\/","title":{"rendered":"Vautour fauve"},"content":{"rendered":"<p>[et_pb_section fb_built=\u00a0\u00bb1&Prime; _builder_version=\u00a0\u00bb3.19&Prime; custom_padding=\u00a0\u00bb30px|0px|30px|0px|true|false\u00a0\u00bb][et_pb_row custom_padding=\u00a0\u00bb0|0px|27px|0px|false|false\u00a0\u00bb _builder_version=\u00a0\u00bb3.19&Prime;][et_pb_column type=\u00a0\u00bb3_4&Prime; _builder_version=\u00a0\u00bb3.19&Prime; parallax=\u00a0\u00bboff\u00a0\u00bb parallax_method=\u00a0\u00bbon\u00a0\u00bb][et_pb_text _builder_version=\u00a0\u00bb3.19&Prime; _dynamic_attributes=\u00a0\u00bbcontent\u00a0\u00bb text_font=\u00a0\u00bbAcme|300|||||||\u00a0\u00bb text_text_color=\u00a0\u00bb#00333f\u00a0\u00bb text_font_size=\u00a0\u00bb36px\u00a0\u00bb text_letter_spacing=\u00a0\u00bb2px\u00a0\u00bb text_line_height_last_edited=\u00a0\u00bbon|phone\u00a0\u00bb header_font=\u00a0\u00bb||||||||\u00a0\u00bb header_text_color=\u00a0\u00bb#0c71c3&Prime; header_2_font=\u00a0\u00bb||||||||\u00a0\u00bb header_3_font=\u00a0\u00bb||||||||\u00a0\u00bb]Vautour fauve[\/et_pb_text][et_pb_text _builder_version=\u00a0\u00bb3.19&Prime; _dynamic_attributes=\u00a0\u00bbcontent\u00a0\u00bb text_font=\u00a0\u00bb|600|||||||\u00a0\u00bb text_text_color=\u00a0\u00bb#00333f\u00a0\u00bb text_font_size=\u00a0\u00bb18px\u00a0\u00bb header_font=\u00a0\u00bb||||||||\u00a0\u00bb]<\/p>\n<p>Les vautours fauves sont des rapaces charognards. Excellents planeurs, ils sont capables de parcourir des dizaines de kilom\u00e8tres sans efforts lors de leurs prospections en utilisant les ascendances thermiques. Le comportement gr\u00e9gaire du vautour fauve est gage d\u2019efficacit\u00e9. La d\u00e9couverte d\u2019un cadavre par un vautour attire tr\u00e8s rapidement ses cong\u00e9n\u00e8res \u00e0 des distance consid\u00e9rables.<\/p>\n<p>[\/et_pb_text][et_pb_image src=\u00a0\u00bbhttps:\/\/saiak.com\/files\/2019\/01\/img_7039-pagoaga-1.jpg\u00a0\u00bb alt=\u00a0\u00bbVautour fauve \u00a9 Alain Pagoaga\u00a0\u00bb title_text=\u00a0\u00bbVautour fauve \u00a9 Alain Pagoaga\u00a0\u00bb _builder_version=\u00a0\u00bb3.19.4&Prime;][\/et_pb_image][et_pb_text _builder_version=\u00a0\u00bb3.19&Prime; text_font=\u00a0\u00bb||||||||\u00a0\u00bb text_font_size=\u00a0\u00bb16px\u00a0\u00bb]Avec leur bec crochu et ac\u00e9r\u00e9, les vautours fauves ouvrent le cuir des carcasses. Gr\u00e2ce \u00e0 leur long cou d\u00e9plum\u00e9, ils atteignent les muscles et les visc\u00e8res. Pas de hi\u00e9rarchie, c\u2019est le plus affam\u00e9 qui se sert le premier. 15 minutes suffisent \u00e0 50 vautours pour transformer en squelette le cadavre d\u2019une brebis de 65 kg.<\/p>\n<p>Les vautours fauves vivent en colonie. Dans le meilleur des cas chaque couple \u00e9l\u00e8ve un jeune par an. L\u2019incubation a lieu au coeur de l\u2019hiver, l\u2019\u00e9closion au printemps et l\u2019envol du jeune en \u00e9t\u00e9, g\u00e9n\u00e9ralement en juillet.<\/p>\n<p>Dans les ann\u00e9es 70, l\u2019esp\u00e8ce \u00e9tait au bord de l\u2019extinction en France. Leur protection dans les Pyr\u00e9n\u00e9es et leur r\u00e9introduction dans les Alpes et le sud du Massif Central ont permis une nette augmentation de leurs effectifs depuis 40 ans. Les populations du vautour fauve ont m\u00eame explos\u00e9 en Espagne \u00e0 la faveur de la multiplication des d\u00e9p\u00f4ts de d\u00e9chets de viandes issus de l\u2019\u00e9levage intensif. Cette d\u00e9pendance alimentaire contre-nature s\u2019est r\u00e9v\u00e9l\u00e9e catastrophique d\u00e8s lors que les directives europ\u00e9ennes interdisant le d\u00e9p\u00f4t de cadavres ont \u00e9t\u00e9 appliqu\u00e9es sans discernement touchant aussi bien les pratiques agricoles intensives (\u00e9levages industriels\u2026) qu\u2019extensives (\u00e9levages traditionnels de moyenne et haute montagne). On a observ\u00e9 du fait de la famine engendr\u00e9e une chute dramatique des effectifs des colonies espagnoles.<\/p>\n<p>T\u00e9moins de cette crise les r\u00e9cits de vautours se nourrissant sur des animaux vivants affaiblis se sont multipli\u00e9s notamment sur les b\u00eates mettant bas.<\/p>\n<p>De l\u00e0 \u00e0 affirmer que les vautour fauves ont modifi\u00e9 leur comportement il y un pas\u2026 Ils restent du fait de leurs adaptations morphologiques (absence de serres\u2026) des n\u00e9crophages stricts, auxiliaire appr\u00e9ci\u00e9s de l\u2019\u00e9levage intensif, qui assure rapidement et gratuitement l\u2019\u00e9limination des carcasses.<\/p>\n<p>L\u2019avenir des vautours fauves dans les Pyr\u00e9n\u00e9es basques, mais aussi de l\u2019ensemble des rapaces n\u00e9crophages, d\u00e9pend essentiellement de la bonne sant\u00e9 du pastoralisme multis\u00e9culaire mais aussi d\u2019un r\u00e9ajustement des r\u00e8glements sanitaires en mati\u00e8re d\u2019\u00e9limination des cadavres issus de l\u2019\u00e9levage extensif.[\/et_pb_text][et_pb_text _builder_version=\u00a0\u00bb3.19.4&Prime; text_font=\u00a0\u00bbAcme||||||||\u00a0\u00bb text_font_size=\u00a0\u00bb22px\u00a0\u00bb header_font=\u00a0\u00bbAcme||||||||\u00a0\u00bb header_2_font=\u00a0\u00bb||||||||\u00a0\u00bb custom_margin=\u00a0\u00bb||\u00a0\u00bb custom_padding=\u00a0\u00bb20px||\u00a0\u00bb saved_tabs=\u00a0\u00bball\u00a0\u00bb]<\/p>\n<p>Photographies<\/p>\n<p>[\/et_pb_text][et_pb_gallery gallery_ids=\u00a0\u00bb2841,2799,2711,2697,2709,2657,2629,2633,2625,2531,2527,2521,2469,2471,2443&Prime; posts_number=\u00a0\u00bb14&Prime; show_title_and_caption=\u00a0\u00bboff\u00a0\u00bb show_pagination=\u00a0\u00bboff\u00a0\u00bb zoom_icon_color=\u00a0\u00bb#ffffff\u00a0\u00bb hover_overlay_color=\u00a0\u00bbrgba(0,0,0,0)\u00a0\u00bb hover_icon=\u00a0\u00bb%%51%%\u00a0\u00bb _builder_version=\u00a0\u00bb3.19.4&Prime; global_module=\u00a0\u00bb1145&Prime; saved_tabs=\u00a0\u00bball\u00a0\u00bb][\/et_pb_gallery][\/et_pb_column][et_pb_column type=\u00a0\u00bb1_4&Prime; _builder_version=\u00a0\u00bb3.19&Prime; parallax=\u00a0\u00bboff\u00a0\u00bb parallax_method=\u00a0\u00bbon\u00a0\u00bb][et_pb_text _builder_version=\u00a0\u00bb3.19.4&Prime;]<\/p>\n<h2>Fiche d\u2019identit\u00e9<\/h2>\n<p><strong>Nom scientifique :<\/strong>&nbsp;Gyps fulvus<br \/>\n<strong>Euskara :&nbsp;<\/strong>Sai arrea<br \/>\n<strong>Fran\u00e7ais :<\/strong>&nbsp;Vautour fauve<br \/>\n<strong>Espagnol :<\/strong>&nbsp;Buitre leonado<br \/>\n<strong>Anglais :&nbsp;<\/strong>Griffon vulture<\/p>\n<p><strong>Taille :<\/strong>&nbsp;85 \u2013 105 cm<br \/>\n<strong>Envergure :<\/strong>&nbsp;2m40 \u2013 2m80<br \/>\n<strong>Poids :<\/strong>&nbsp;6,2 \u2013 8,5 kg<\/p>\n<p><strong>Statut :&nbsp;<\/strong>Esp\u00e8ce prot\u00e9g\u00e9e. Class\u00e9e \u00ab&nbsp;Rare&nbsp;\u00bb sur la liste rouge des esp\u00e8ces menac\u00e9es et \u00e0 surveiller en France.[\/et_pb_text][\/et_pb_column][\/et_pb_row][\/et_pb_section]<\/p>\n","protected":false},"excerpt":{"rendered":"<p>Les vautours fauves sont des rapaces charognards. Excellents planeurs, ils sont capables de parcourir des dizaines de kilom\u00e8tres sans efforts lors de leurs prospections en utilisant les ascendances thermiques. Le comportement gr\u00e9gaire du vautour fauve est gage d\u2019efficacit\u00e9 : la d\u00e9couverte d\u2019un cadavre par un vautour attire tr\u00e8s rapidement ses cong\u00e9n\u00e8res \u00e0 des distance consid\u00e9rables.<\/p>\n","protected":false},"author":5,"featured_media":822,"parent":703,"menu_order":2,"comment_status":"closed","ping_status":"closed","template":"","meta":{"_et_pb_use_builder":"on","_et_pb_old_content":"<strong>Sai arreak harrapari haratusteljaleak dira. Hegaldari trebeak, hamarka kilometro egin ditzakete, indarrik egin gabe, aire beroen bitartez aireetan iganez. Taldean bizi da eta horretaz baliatzen da bere janariaren atxemateko: sai batek kabala hila atxeman orduko beste anitz juntatuko zaizkio urrunetik jinik ere.<\/strong>\r\n\r\nBeren moko azkarrekin haratustelen larrua urratzen dute. Beren lepo luze eta larrutuari esker, ginarriak eta erraiak jaten dituzte. Hierarkiarik ez da, gosetuena da lehenik hasten. 50 sai-arreek 15 minuta aski dituzte 65 kiloko ardi karkasa baten osoki puskatzeko.\r\n\r\nSai arreak desagertzeko zorian egon dira Frantzia aldean 1970 aldean. Pirinioetan beiratuak dira gaurregun; Alpeetan eta erdialdeko mendigunearen hegoaldean berriz sarrarazi dituzte; neurri guzi horieri esker sai-arreen kopurua goiti doa azken 40 urte hauetan.\r\n\r\nEspainian bere populazioen gorakadak izigarria izan dira abeltzaintza intensiboak eragindako haragi-ondarkin biltegiengatik. Saiak janari-iturri honi sobera lotuak egon dira. Pentsatzekoa zen bezala biltegi horien hestea pairatu dute Europako erkidegoak, kabala hilen inguruko kudeaketa-araudiak aldatu dituenean, haragi-ustela biltegi guziak debekatuz, nekazaritza intensibotik eta ohikotik (mendialdeko artzaintza\u2026) zetozenak bereizi gabe. Gosetiarengatik kopuru-apaltze handiak gertatu dira anitz kolonietan eta sai batzuk ikusiak izan dira itxura guzien arabera ahuldurik bainan bizirik ziren kabalak erasotzen (erditze garaian batez ere).<br\/>\r\n<object width=\"420\" height=\"365\" classid=\"clsid:d27cdb6e-ae6d-11cf-96b8-444553540000\" codebase=\"http:\/\/download.macromedia.com\/pub\/shockwave\/cabs\/flash\/swflash.cab#version=6,0,40,0\"><param name=\"src\" value=\"http:\/\/www.dailymotion.com\/swf\/k757tltrElvcPpGR7M&related=0\" \/><param name=\"allowfullscreen\" value=\"true\" \/><param name=\"allowscriptaccess\" value=\"always\" \/><embed width=\"420\" height=\"365\" type=\"application\/x-shockwave-flash\" src=\"http:\/\/www.dailymotion.com\/swf\/k757tltrElvcPpGR7M&related=0\" allowfullscreen=\"true\" allowscriptaccess=\"always\" \/><\/object>\r\n<em>Saiak kafira batean - Iturria: La falaise aux vautours (Aste-B\u00e9on)<\/em>\r\n\r\nAlta ez dirudi saien jokamoldea aldatu denik; ez dira egunetik egunera arrano beltzaren atzaparrez jantzi eta sarraskijalea hutsak dira oraino, ez ihiztariak.\r\n\r\nSai arreen geroa zalantzan emana badago gaurregun oroitu behar litzateke mendez mende artzainek eta saiek jakin izan dutela elkarrekin bizitzen, eta laborantza tradizionalaren eta naturaren arteko orekan datzala dudarik gabe aterabidea.\r\n<h2>Nortasun agiria<\/h2>\r\n<strong>Izen zientifikoa:<\/strong>\u00a0Gyps fulvus\r\n<strong>Euskara:\u00a0<\/strong>Sai arrea\r\n<strong>Frantsesa:<\/strong>\u00a0Vautour fauve\r\n<strong>Gaztelera:<\/strong>\u00a0Buitre leonado\r\n<strong>Inglesa:\u00a0<\/strong>Griffon vulture\r\n<strong>Handitasuna:<\/strong>\u00a085 \u2013 105 cm\r\n<strong>Hego-luzera:<\/strong>\u00a02m40 \u2013 2m80\r\n<strong>Pisua:<\/strong>\u00a06,2 \u2013 8,5 kg\r\n\r\n<strong>Kontserbazio egoera:\u00a0<\/strong>Babestua den espeziea. Frantziako zerrenda gorrian, mehatxatuak edo zaintzekoak diren harraparien artean agertzen da. \"Arriskuan\" diren espezieen artean sailkatua.\r\n<h2>Xehetasunak:<\/h2>\r\n<ul>\r\n\t<li><a href=\"http:\/\/www.pourdespyreneesvivantes.fr\/\" target=\"_self\">http:\/\/www.pourdespyreneesvivantes.fr<\/a><\/li>\r\n\t<li><a href=\"http:\/\/www.oiseaux.net\/oiseaux\/vautour.fauve.html\" target=\"_self\">http:\/\/www.oiseaux.net<\/a><\/li>\r\n<\/ul>","_et_gb_content_width":"","ngg_post_thumbnail":0,"footnotes":""},"class_list":["post-713","page","type-page","status-publish","has-post-thumbnail","hentry"],"yoast_head":"<!-- This site is optimized with the Yoast SEO plugin v27.4 - https:\/\/yoast.com\/product\/yoast-seo-wordpress\/ -->\n<title>Vautour fauve &#060; SAIAK<\/title>\n<meta name=\"robots\" content=\"index, follow, max-snippet:-1, max-image-preview:large, max-video-preview:-1\" \/>\n<link rel=\"canonical\" href=\"https:\/\/saiak.com\/fr\/especes-etudiees-par-saiak\/vautour-fauve\/\" \/>\n<meta property=\"og:locale\" content=\"fr_FR\" \/>\n<meta property=\"og:type\" content=\"article\" \/>\n<meta property=\"og:title\" content=\"Vautour fauve &#060; SAIAK\" \/>\n<meta property=\"og:description\" content=\"Les vautours fauves sont des rapaces charognards. Excellents planeurs, ils sont capables de parcourir des dizaines de kilom\u00e8tres sans efforts lors de leurs prospections en utilisant les ascendances thermiques. Le comportement gr\u00e9gaire du vautour fauve est gage d\u2019efficacit\u00e9 : la d\u00e9couverte d\u2019un cadavre par un vautour attire tr\u00e8s rapidement ses cong\u00e9n\u00e8res \u00e0 des distance consid\u00e9rables.\" \/>\n<meta property=\"og:url\" content=\"https:\/\/saiak.com\/fr\/especes-etudiees-par-saiak\/vautour-fauve\/\" \/>\n<meta property=\"og:site_name\" content=\"SAIAK\" \/>\n<meta property=\"article:modified_time\" content=\"2020-01-03T19:29:37+00:00\" \/>\n<meta property=\"og:image\" content=\"https:\/\/saiak.com\/files\/2011\/11\/VF-vol-14-jan-06-500x332.jpg\" \/>\n\t<meta property=\"og:image:width\" content=\"500\" \/>\n\t<meta property=\"og:image:height\" content=\"332\" \/>\n\t<meta property=\"og:image:type\" content=\"image\/jpeg\" \/>\n<meta name=\"twitter:label1\" content=\"Dur\u00e9e de lecture estim\u00e9e\" \/>\n\t<meta name=\"twitter:data1\" content=\"4 minutes\" \/>\n<script type=\"application\/ld+json\" class=\"yoast-schema-graph\">{\"@context\":\"https:\\\/\\\/schema.org\",\"@graph\":[{\"@type\":\"WebPage\",\"@id\":\"https:\\\/\\\/saiak.com\\\/fr\\\/especes-etudiees-par-saiak\\\/vautour-fauve\\\/\",\"url\":\"https:\\\/\\\/saiak.com\\\/fr\\\/especes-etudiees-par-saiak\\\/vautour-fauve\\\/\",\"name\":\"Vautour fauve &#060; SAIAK\",\"isPartOf\":{\"@id\":\"https:\\\/\\\/saiak.com\\\/eu\\\/#website\"},\"primaryImageOfPage\":{\"@id\":\"https:\\\/\\\/saiak.com\\\/fr\\\/especes-etudiees-par-saiak\\\/vautour-fauve\\\/#primaryimage\"},\"image\":{\"@id\":\"https:\\\/\\\/saiak.com\\\/fr\\\/especes-etudiees-par-saiak\\\/vautour-fauve\\\/#primaryimage\"},\"thumbnailUrl\":\"https:\\\/\\\/saiak.com\\\/files\\\/2011\\\/11\\\/VF-vol-14-jan-06.jpg\",\"datePublished\":\"2011-11-19T20:03:26+00:00\",\"dateModified\":\"2020-01-03T19:29:37+00:00\",\"breadcrumb\":{\"@id\":\"https:\\\/\\\/saiak.com\\\/fr\\\/especes-etudiees-par-saiak\\\/vautour-fauve\\\/#breadcrumb\"},\"inLanguage\":\"fr-FR\",\"potentialAction\":[{\"@type\":\"ReadAction\",\"target\":[\"https:\\\/\\\/saiak.com\\\/fr\\\/especes-etudiees-par-saiak\\\/vautour-fauve\\\/\"]}]},{\"@type\":\"ImageObject\",\"inLanguage\":\"fr-FR\",\"@id\":\"https:\\\/\\\/saiak.com\\\/fr\\\/especes-etudiees-par-saiak\\\/vautour-fauve\\\/#primaryimage\",\"url\":\"https:\\\/\\\/saiak.com\\\/files\\\/2011\\\/11\\\/VF-vol-14-jan-06.jpg\",\"contentUrl\":\"https:\\\/\\\/saiak.com\\\/files\\\/2011\\\/11\\\/VF-vol-14-jan-06.jpg\",\"width\":\"3008\",\"height\":\"2000\"},{\"@type\":\"BreadcrumbList\",\"@id\":\"https:\\\/\\\/saiak.com\\\/fr\\\/especes-etudiees-par-saiak\\\/vautour-fauve\\\/#breadcrumb\",\"itemListElement\":[{\"@type\":\"ListItem\",\"position\":1,\"name\":\"\",\"item\":\"https:\\\/\\\/saiak.com\\\/fr\\\/\"},{\"@type\":\"ListItem\",\"position\":2,\"name\":\"Esp\u00e8ces \u00e9tudi\u00e9es par Saiak\",\"item\":\"https:\\\/\\\/saiak.com\\\/fr\\\/especes-etudiees-par-saiak\\\/\"},{\"@type\":\"ListItem\",\"position\":3,\"name\":\"Vautour fauve\"}]},{\"@type\":\"WebSite\",\"@id\":\"https:\\\/\\\/saiak.com\\\/eu\\\/#website\",\"url\":\"https:\\\/\\\/saiak.com\\\/eu\\\/\",\"name\":\"SAIAK\",\"description\":\"Euskal Herriko harraparien ikerketa eta zainketa | \u00c9tude et protection des rapaces en Pays Basque\",\"potentialAction\":[{\"@type\":\"SearchAction\",\"target\":{\"@type\":\"EntryPoint\",\"urlTemplate\":\"https:\\\/\\\/saiak.com\\\/eu\\\/?s={search_term_string}\"},\"query-input\":{\"@type\":\"PropertyValueSpecification\",\"valueRequired\":true,\"valueName\":\"search_term_string\"}}],\"inLanguage\":\"fr-FR\"}]}<\/script>\n<!-- \/ Yoast SEO plugin. -->","yoast_head_json":{"title":"Vautour fauve &#060; SAIAK","robots":{"index":"index","follow":"follow","max-snippet":"max-snippet:-1","max-image-preview":"max-image-preview:large","max-video-preview":"max-video-preview:-1"},"canonical":"https:\/\/saiak.com\/fr\/especes-etudiees-par-saiak\/vautour-fauve\/","og_locale":"fr_FR","og_type":"article","og_title":"Vautour fauve &#060; SAIAK","og_description":"Les vautours fauves sont des rapaces charognards. Excellents planeurs, ils sont capables de parcourir des dizaines de kilom\u00e8tres sans efforts lors de leurs prospections en utilisant les ascendances thermiques. Le comportement gr\u00e9gaire du vautour fauve est gage d\u2019efficacit\u00e9 : la d\u00e9couverte d\u2019un cadavre par un vautour attire tr\u00e8s rapidement ses cong\u00e9n\u00e8res \u00e0 des distance consid\u00e9rables.","og_url":"https:\/\/saiak.com\/fr\/especes-etudiees-par-saiak\/vautour-fauve\/","og_site_name":"SAIAK","article_modified_time":"2020-01-03T19:29:37+00:00","og_image":[{"width":500,"height":332,"url":"https:\/\/saiak.com\/files\/2011\/11\/VF-vol-14-jan-06-500x332.jpg","type":"image\/jpeg"}],"twitter_misc":{"Dur\u00e9e de lecture estim\u00e9e":"4 minutes"},"schema":{"@context":"https:\/\/schema.org","@graph":[{"@type":"WebPage","@id":"https:\/\/saiak.com\/fr\/especes-etudiees-par-saiak\/vautour-fauve\/","url":"https:\/\/saiak.com\/fr\/especes-etudiees-par-saiak\/vautour-fauve\/","name":"Vautour fauve &#060; SAIAK","isPartOf":{"@id":"https:\/\/saiak.com\/eu\/#website"},"primaryImageOfPage":{"@id":"https:\/\/saiak.com\/fr\/especes-etudiees-par-saiak\/vautour-fauve\/#primaryimage"},"image":{"@id":"https:\/\/saiak.com\/fr\/especes-etudiees-par-saiak\/vautour-fauve\/#primaryimage"},"thumbnailUrl":"https:\/\/saiak.com\/files\/2011\/11\/VF-vol-14-jan-06.jpg","datePublished":"2011-11-19T20:03:26+00:00","dateModified":"2020-01-03T19:29:37+00:00","breadcrumb":{"@id":"https:\/\/saiak.com\/fr\/especes-etudiees-par-saiak\/vautour-fauve\/#breadcrumb"},"inLanguage":"fr-FR","potentialAction":[{"@type":"ReadAction","target":["https:\/\/saiak.com\/fr\/especes-etudiees-par-saiak\/vautour-fauve\/"]}]},{"@type":"ImageObject","inLanguage":"fr-FR","@id":"https:\/\/saiak.com\/fr\/especes-etudiees-par-saiak\/vautour-fauve\/#primaryimage","url":"https:\/\/saiak.com\/files\/2011\/11\/VF-vol-14-jan-06.jpg","contentUrl":"https:\/\/saiak.com\/files\/2011\/11\/VF-vol-14-jan-06.jpg","width":"3008","height":"2000"},{"@type":"BreadcrumbList","@id":"https:\/\/saiak.com\/fr\/especes-etudiees-par-saiak\/vautour-fauve\/#breadcrumb","itemListElement":[{"@type":"ListItem","position":1,"name":"","item":"https:\/\/saiak.com\/fr\/"},{"@type":"ListItem","position":2,"name":"Esp\u00e8ces \u00e9tudi\u00e9es par Saiak","item":"https:\/\/saiak.com\/fr\/especes-etudiees-par-saiak\/"},{"@type":"ListItem","position":3,"name":"Vautour fauve"}]},{"@type":"WebSite","@id":"https:\/\/saiak.com\/eu\/#website","url":"https:\/\/saiak.com\/eu\/","name":"SAIAK","description":"Euskal Herriko harraparien ikerketa eta zainketa | \u00c9tude et protection des rapaces en Pays Basque","potentialAction":[{"@type":"SearchAction","target":{"@type":"EntryPoint","urlTemplate":"https:\/\/saiak.com\/eu\/?s={search_term_string}"},"query-input":{"@type":"PropertyValueSpecification","valueRequired":true,"valueName":"search_term_string"}}],"inLanguage":"fr-FR"}]}},"_links":{"self":[{"href":"https:\/\/saiak.com\/fr\/wp-json\/wp\/v2\/pages\/713\/"}],"collection":[{"href":"https:\/\/saiak.com\/fr\/wp-json\/wp\/v2\/pages\/"}],"about":[{"href":"https:\/\/saiak.com\/fr\/wp-json\/wp\/v2\/types\/page\/"}],"author":[{"embeddable":true,"href":"https:\/\/saiak.com\/fr\/wp-json\/wp\/v2\/users\/5\/"}],"replies":[{"embeddable":true,"href":"https:\/\/saiak.com\/fr\/wp-json\/wp\/v2\/comments\/?post=713"}],"version-history":[{"count":15,"href":"https:\/\/saiak.com\/fr\/wp-json\/wp\/v2\/pages\/713\/revisions\/"}],"predecessor-version":[{"id":3777,"href":"https:\/\/saiak.com\/fr\/wp-json\/wp\/v2\/pages\/713\/revisions\/3777\/"}],"up":[{"embeddable":true,"href":"https:\/\/saiak.com\/fr\/wp-json\/wp\/v2\/pages\/703\/"}],"wp:featuredmedia":[{"embeddable":true,"href":"https:\/\/saiak.com\/fr\/wp-json\/wp\/v2\/media\/822\/"}],"wp:attachment":[{"href":"https:\/\/saiak.com\/fr\/wp-json\/wp\/v2\/media\/?parent=713"}],"curies":[{"name":"wp","href":"https:\/\/api.w.org\/{rel}","templated":true}]}}