{"id":715,"date":"2011-11-19T20:27:36","date_gmt":"2011-11-19T20:27:36","guid":{"rendered":"https:\/\/saiak.com\/aigle-royal\/"},"modified":"2020-01-03T19:33:25","modified_gmt":"2020-01-03T19:33:25","slug":"aigle-royal","status":"publish","type":"page","link":"https:\/\/saiak.com\/fr\/especes-etudiees-par-saiak\/aigle-royal\/","title":{"rendered":"Aigle royal"},"content":{"rendered":"<p>[et_pb_section fb_built=\u00a0\u00bb1&Prime; _builder_version=\u00a0\u00bb3.19&Prime; custom_padding=\u00a0\u00bb30px|0px|30px|0px|true|false\u00a0\u00bb][et_pb_row custom_padding=\u00a0\u00bb0|0px|27px|0px|false|false\u00a0\u00bb _builder_version=\u00a0\u00bb3.19&Prime;][et_pb_column type=\u00a0\u00bb3_4&Prime; _builder_version=\u00a0\u00bb3.19&Prime; parallax=\u00a0\u00bboff\u00a0\u00bb parallax_method=\u00a0\u00bbon\u00a0\u00bb][et_pb_text _builder_version=\u00a0\u00bb3.19&Prime; _dynamic_attributes=\u00a0\u00bbcontent\u00a0\u00bb text_font=\u00a0\u00bbAcme|300|||||||\u00a0\u00bb text_text_color=\u00a0\u00bb#00333f\u00a0\u00bb text_font_size=\u00a0\u00bb36px\u00a0\u00bb text_letter_spacing=\u00a0\u00bb2px\u00a0\u00bb text_line_height_tablet=\u00a0\u00bb2em\u00a0\u00bb text_line_height_phone=\u00a0\u00bb2.3em\u00a0\u00bb text_line_height_last_edited=\u00a0\u00bbon|phone\u00a0\u00bb header_font=\u00a0\u00bbAcme||||||||\u00a0\u00bb header_text_color=\u00a0\u00bb#00333f\u00a0\u00bb header_font_size=\u00a0\u00bb36px\u00a0\u00bb header_2_font=\u00a0\u00bb||||||||\u00a0\u00bb header_3_font=\u00a0\u00bb||||||||\u00a0\u00bb global_module=\u00a0\u00bb1154&Prime; saved_tabs=\u00a0\u00bball\u00a0\u00bb text_line_height__hover_enabled=\u00a0\u00bbon\u00a0\u00bb]Aigle royal[\/et_pb_text][et_pb_text _builder_version=\u00a0\u00bb3.19&Prime; _dynamic_attributes=\u00a0\u00bbcontent\u00a0\u00bb text_font=\u00a0\u00bb|600|||||||\u00a0\u00bb text_text_color=\u00a0\u00bb#00333f\u00a0\u00bb text_font_size=\u00a0\u00bb18px\u00a0\u00bb custom_margin=\u00a0\u00bb||\u00a0\u00bb custom_padding=\u00a0\u00bb||\u00a0\u00bb global_module=\u00a0\u00bb1155&Prime; saved_tabs=\u00a0\u00bball\u00a0\u00bb]<\/p>\n<p>{\u00ab\u00a0dynamic\u00a0\u00bb:true,\u00a0\u00bbcontent\u00a0\u00bb:\u00a0\u00bbpost_excerpt\u00a0\u00bb,\u00a0\u00bbsettings\u00a0\u00bb:{\u00ab\u00a0before\u00a0\u00bb:\u00a0\u00bb\u00a0\u00bb,\u00a0\u00bbafter\u00a0\u00bb:\u00a0\u00bb\u00a0\u00bb,\u00a0\u00bbwords\u00a0\u00bb:\u00a0\u00bb\u00a0\u00bb,\u00a0\u00bbread_more_label\u00a0\u00bb:\u00a0\u00bb\u00a0\u00bb}}<\/p>\n<p>[\/et_pb_text][et_pb_image src=\u00a0\u00bbhttps:\/\/saiak.com\/files\/2019\/01\/6290934199_17c7b2d271_o-pagoaga.jpg\u00a0\u00bb alt=\u00a0\u00bbAigle royal (photo : Alain Pagoaga)\u00a0\u00bb title_text=\u00a0\u00bbAigle royal (photo : Alain Pagoaga)\u00a0\u00bb _builder_version=\u00a0\u00bb3.19.4&Prime; saved_tabs=\u00a0\u00bball\u00a0\u00bb][\/et_pb_image][et_pb_text _builder_version=\u00a0\u00bb3.19.4&Prime; text_font=\u00a0\u00bb||||||||\u00a0\u00bb text_font_size=\u00a0\u00bb16px\u00a0\u00bb saved_tabs=\u00a0\u00bball\u00a0\u00bb]M\u00eame s\u2019il peut \u00e0 l\u2019occasion adopter le r\u00e9gime alimentaire des charognards, l\u2019aigle royal est avant tout un pr\u00e9dateur. Ses serres puissantes et son bec crochu indiquent un redoutable chasseur qui se nourrit pour l\u2019essentiel de micromammif\u00e8res, de lapins, renards, chevreaux, oiseaux, reptiles\u2026<\/p>\n<p>Le couple d\u2019aigles royaux utilise un vaste territoire pour s\u2019alimenter et se reproduire. Ces territoires son ardemment d\u00e9fendus contre d\u2019\u00e9ventuels concurrents. Plusieurs aires situ\u00e9es en g\u00e9n\u00e9ral sur des falaises sont successivement utilis\u00e9es.<\/p>\n<p>Les parades nuptiales des aigles royaux sont spectaculaires et compos\u00e9es de vols en feston, de prises de serres et de piqu\u00e9s.<\/p>\n<p>Au mieux un seul jeune aiglon s\u2019envolera du nid, rarement deux. On observe en effet un ph\u00e9nom\u00e8ne de ca\u00efnisme ; l\u2019ain\u00e9 provoque en g\u00e9n\u00e9ral la mort du cadet en s\u2019accaparant l\u2019essentiel des proies port\u00e9es par les adultes.<\/p>\n<p>M\u00eame si le milieu agro-pastoral du Pays Basque int\u00e9rieur n\u2019offre pas les conditions optimales pour son d\u00e9veloppement, notamment en terme de densit\u00e9 de proies moyennes (lapins\u2026) la population locale d\u2019aigles royaux semble selon nos observations en bonne sant\u00e9.&nbsp;La pr\u00e9sence d\u2019aigles royaux est aussi attest\u00e9e en Pays Basque sud dans la province d\u2019Alava (population estim\u00e9e \u00e0 8 couples en 2008).[\/et_pb_text][et_pb_text _builder_version=\u00a0\u00bb3.19&Prime; text_font=\u00a0\u00bbAcme||||||||\u00a0\u00bb text_font_size=\u00a0\u00bb22px\u00a0\u00bb header_font=\u00a0\u00bbAcme||||||||\u00a0\u00bb header_2_font=\u00a0\u00bb||||||||\u00a0\u00bb custom_margin=\u00a0\u00bb||\u00a0\u00bb custom_padding=\u00a0\u00bb20px||\u00a0\u00bb saved_tabs=\u00a0\u00bball\u00a0\u00bb]Photographies[\/et_pb_text][et_pb_gallery gallery_ids=\u00a0\u00bb2201,2197,1778,1774,1772,1748,1740,2221&Prime; posts_number=\u00a0\u00bb8&Prime; show_title_and_caption=\u00a0\u00bboff\u00a0\u00bb show_pagination=\u00a0\u00bboff\u00a0\u00bb zoom_icon_color=\u00a0\u00bb#ffffff\u00a0\u00bb hover_overlay_color=\u00a0\u00bbrgba(0,0,0,0)\u00a0\u00bb hover_icon=\u00a0\u00bb%%51%%\u00a0\u00bb _builder_version=\u00a0\u00bb3.19.4&Prime; global_module=\u00a0\u00bb1145&Prime; saved_tabs=\u00a0\u00bball\u00a0\u00bb][\/et_pb_gallery][\/et_pb_column][et_pb_column type=\u00a0\u00bb1_4&Prime; _builder_version=\u00a0\u00bb3.19&Prime; parallax=\u00a0\u00bboff\u00a0\u00bb parallax_method=\u00a0\u00bbon\u00a0\u00bb][et_pb_text _builder_version=\u00a0\u00bb3.19.4&Prime;]<\/p>\n<h2>Fiche d\u2019identit\u00e9<\/h2>\n<p><strong>Nom scientifique :<\/strong>&nbsp;Aquila chrysa\u00ebtos<br \/>\n<strong>Euskara :<\/strong>&nbsp;Arrano beltza<br \/>\n<strong>Fran\u00e7ais :<\/strong>&nbsp;Aigle royal<br \/>\n<strong>Espagnol :<\/strong>&nbsp;Aguila real<br \/>\n<strong>Anglais :<\/strong>&nbsp;Golden eagle<\/p>\n<p><strong>Taille :<\/strong>&nbsp;75 \u2013 88 cm<br \/>\n<strong>Envergure :<\/strong>&nbsp;2m05 \u2013 2m20<br \/>\n<strong>Poids :<\/strong>&nbsp;2,8 \u2013 6,7 kg&nbsp;<strong><br \/>\n<\/strong><\/p>\n<p><strong>Statut :<\/strong>&nbsp;Esp\u00e8ce prot\u00e9g\u00e9e.[\/et_pb_text][\/et_pb_column][\/et_pb_row][\/et_pb_section]<\/p>\n","protected":false},"excerpt":{"rendered":"<p>L\u2019aigle royal est l\u2019un des rapaces les plus majestueux que l\u2019on peut rencontrer au Pays Basque. Mais aussi l\u2019un des plus discrets : en effet de par l\u2019omnipr\u00e9sence des grands rapaces charognards comme les vautours fauves il peut ais\u00e9ment passer inaper\u00e7u aux yeux du n\u00e9ophyte.<\/p>\n","protected":false},"author":5,"featured_media":862,"parent":703,"menu_order":3,"comment_status":"closed","ping_status":"closed","template":"","meta":{"_et_pb_use_builder":"on","_et_pb_old_content":"<strong>Arrano beltza Euskal Herrian kausi daitekeen harrapari eder eta trebeenetarik bat da. Bainan ere diskretuenetarik bat: izan ere, saiak bezalako harrapari haundien presentzia dela eta, aditua ez denarentzat, ez da hain ezagun.<\/strong>\r\n\r\nArrano bikoteak eremu zabalaren beharra du, hazteko eta ugaltzeko. Eremuak artoski defendatzen dituzte beste bikote edo txori motenganik. Ugaltzeko toki desberdinak erabiliko dituzte, gehienetan mendi mazeletako arroketan kokatuak.\r\n\r\nUgaltze garaietan arranoek hegalaldi zoragarri eta harrigarriak egiten dituzte, elgarri lotuz eta elgar hunkituz.\r\n\r\nGehienetan ugalketa bakoitzeko ume bakarra airatuko da ohantzetik. Izan ere, bi xito izaten direnean, azkarrenak ahulena hiltzen du, bereganatuz gurasoek ekarriko dizkioten janariak.<br\/>\r\n\r\n\r\nItxura guzien arabera Euskal Herri barnekaldeko arranoen kopuruak iraunnkorrak dira azken urteetan, nahiz eta eremu horiek ez dituzten beti gaitzeko baldintzak eskaintzen bereziki janari iturrien aldetik.\r\n\r\nArrano hauen presentzia baieztatua da ere Euskal Herri Hegoaldean, hain zuzen ere Araban, gutxi edo aski 8 bikote kondatzen zirelarik 2008an.\r\n<h2>Nortasun agiria<\/h2>\r\n<strong>Izen zientifikoa:<\/strong>\u00a0Aquila chrysa\u00ebtos\r\n<strong>Euskara:<\/strong>\u00a0Arrano beltza\r\n<strong>Frantsesa:<\/strong>\u00a0Aigle royal\r\n<strong>Gaztelera:<\/strong>\u00a0Aguila real\r\n<strong>Inglesa:<\/strong>\u00a0Golden eagle\r\n\r\n<strong>Handitasuna:<\/strong>\u00a075 \u2013 88 cm\r\n<strong>Hego-luzera:<\/strong>\u00a02m05 \u2013 2m20\r\n<strong>Pisua:<\/strong>\u00a02,8 \u2013 6,7 kg\u00a0<strong>\r\n<\/strong>\r\n\r\n<strong>Kontserbazio egoera:<\/strong>\u00a0Babestua den espeziea.\r\n<h2>Xehetasunak:<\/h2>\r\n<ul>\r\n\t<li><a href=\"http:\/\/www.euskalnatura.net\/index.php?option=com_content&task=view&id=47&Itemid=611\" target=\"_self\">http:\/\/www.euskalnatura.net<\/a><\/li>\r\n<\/ul>","_et_gb_content_width":"","ngg_post_thumbnail":0,"footnotes":""},"class_list":["post-715","page","type-page","status-publish","has-post-thumbnail","hentry"],"yoast_head":"<!-- This site is optimized with the Yoast SEO plugin v27.4 - https:\/\/yoast.com\/product\/yoast-seo-wordpress\/ -->\n<title>Aigle royal &#060; SAIAK<\/title>\n<meta name=\"robots\" content=\"index, follow, max-snippet:-1, max-image-preview:large, max-video-preview:-1\" \/>\n<link rel=\"canonical\" href=\"https:\/\/saiak.com\/fr\/especes-etudiees-par-saiak\/aigle-royal\/\" \/>\n<meta property=\"og:locale\" content=\"fr_FR\" \/>\n<meta property=\"og:type\" content=\"article\" \/>\n<meta property=\"og:title\" content=\"Aigle royal &#060; SAIAK\" \/>\n<meta property=\"og:description\" content=\"L\u2019aigle royal est l\u2019un des rapaces les plus majestueux que l\u2019on peut rencontrer au Pays Basque. Mais aussi l\u2019un des plus discrets : en effet de par l\u2019omnipr\u00e9sence des grands rapaces charognards comme les vautours fauves il peut ais\u00e9ment passer inaper\u00e7u aux yeux du n\u00e9ophyte.\" \/>\n<meta property=\"og:url\" content=\"https:\/\/saiak.com\/fr\/especes-etudiees-par-saiak\/aigle-royal\/\" \/>\n<meta property=\"og:site_name\" content=\"SAIAK\" \/>\n<meta property=\"article:modified_time\" content=\"2020-01-03T19:33:25+00:00\" \/>\n<meta property=\"og:image\" content=\"https:\/\/saiak.com\/files\/2013\/09\/IMG_9957.jpg\" \/>\n\t<meta property=\"og:image:width\" content=\"2000\" \/>\n\t<meta property=\"og:image:height\" content=\"1333\" \/>\n\t<meta property=\"og:image:type\" content=\"image\/jpeg\" \/>\n<meta name=\"twitter:label1\" content=\"Dur\u00e9e de lecture estim\u00e9e\" \/>\n\t<meta name=\"twitter:data1\" content=\"3 minutes\" \/>\n<script type=\"application\/ld+json\" class=\"yoast-schema-graph\">{\"@context\":\"https:\\\/\\\/schema.org\",\"@graph\":[{\"@type\":\"WebPage\",\"@id\":\"https:\\\/\\\/saiak.com\\\/fr\\\/especes-etudiees-par-saiak\\\/aigle-royal\\\/\",\"url\":\"https:\\\/\\\/saiak.com\\\/fr\\\/especes-etudiees-par-saiak\\\/aigle-royal\\\/\",\"name\":\"Aigle royal &#060; SAIAK\",\"isPartOf\":{\"@id\":\"https:\\\/\\\/saiak.com\\\/eu\\\/#website\"},\"primaryImageOfPage\":{\"@id\":\"https:\\\/\\\/saiak.com\\\/fr\\\/especes-etudiees-par-saiak\\\/aigle-royal\\\/#primaryimage\"},\"image\":{\"@id\":\"https:\\\/\\\/saiak.com\\\/fr\\\/especes-etudiees-par-saiak\\\/aigle-royal\\\/#primaryimage\"},\"thumbnailUrl\":\"https:\\\/\\\/saiak.com\\\/files\\\/2013\\\/09\\\/IMG_9957.jpg\",\"datePublished\":\"2011-11-19T20:27:36+00:00\",\"dateModified\":\"2020-01-03T19:33:25+00:00\",\"breadcrumb\":{\"@id\":\"https:\\\/\\\/saiak.com\\\/fr\\\/especes-etudiees-par-saiak\\\/aigle-royal\\\/#breadcrumb\"},\"inLanguage\":\"fr-FR\",\"potentialAction\":[{\"@type\":\"ReadAction\",\"target\":[\"https:\\\/\\\/saiak.com\\\/fr\\\/especes-etudiees-par-saiak\\\/aigle-royal\\\/\"]}]},{\"@type\":\"ImageObject\",\"inLanguage\":\"fr-FR\",\"@id\":\"https:\\\/\\\/saiak.com\\\/fr\\\/especes-etudiees-par-saiak\\\/aigle-royal\\\/#primaryimage\",\"url\":\"https:\\\/\\\/saiak.com\\\/files\\\/2013\\\/09\\\/IMG_9957.jpg\",\"contentUrl\":\"https:\\\/\\\/saiak.com\\\/files\\\/2013\\\/09\\\/IMG_9957.jpg\",\"width\":2000,\"height\":1333,\"caption\":\"Aigle royal\"},{\"@type\":\"BreadcrumbList\",\"@id\":\"https:\\\/\\\/saiak.com\\\/fr\\\/especes-etudiees-par-saiak\\\/aigle-royal\\\/#breadcrumb\",\"itemListElement\":[{\"@type\":\"ListItem\",\"position\":1,\"name\":\"\",\"item\":\"https:\\\/\\\/saiak.com\\\/fr\\\/\"},{\"@type\":\"ListItem\",\"position\":2,\"name\":\"Esp\u00e8ces \u00e9tudi\u00e9es par Saiak\",\"item\":\"https:\\\/\\\/saiak.com\\\/fr\\\/especes-etudiees-par-saiak\\\/\"},{\"@type\":\"ListItem\",\"position\":3,\"name\":\"Aigle royal\"}]},{\"@type\":\"WebSite\",\"@id\":\"https:\\\/\\\/saiak.com\\\/eu\\\/#website\",\"url\":\"https:\\\/\\\/saiak.com\\\/eu\\\/\",\"name\":\"SAIAK\",\"description\":\"Euskal Herriko harraparien ikerketa eta zainketa | \u00c9tude et protection des rapaces en Pays Basque\",\"potentialAction\":[{\"@type\":\"SearchAction\",\"target\":{\"@type\":\"EntryPoint\",\"urlTemplate\":\"https:\\\/\\\/saiak.com\\\/eu\\\/?s={search_term_string}\"},\"query-input\":{\"@type\":\"PropertyValueSpecification\",\"valueRequired\":true,\"valueName\":\"search_term_string\"}}],\"inLanguage\":\"fr-FR\"}]}<\/script>\n<!-- \/ Yoast SEO plugin. -->","yoast_head_json":{"title":"Aigle royal &#060; SAIAK","robots":{"index":"index","follow":"follow","max-snippet":"max-snippet:-1","max-image-preview":"max-image-preview:large","max-video-preview":"max-video-preview:-1"},"canonical":"https:\/\/saiak.com\/fr\/especes-etudiees-par-saiak\/aigle-royal\/","og_locale":"fr_FR","og_type":"article","og_title":"Aigle royal &#060; SAIAK","og_description":"L\u2019aigle royal est l\u2019un des rapaces les plus majestueux que l\u2019on peut rencontrer au Pays Basque. Mais aussi l\u2019un des plus discrets : en effet de par l\u2019omnipr\u00e9sence des grands rapaces charognards comme les vautours fauves il peut ais\u00e9ment passer inaper\u00e7u aux yeux du n\u00e9ophyte.","og_url":"https:\/\/saiak.com\/fr\/especes-etudiees-par-saiak\/aigle-royal\/","og_site_name":"SAIAK","article_modified_time":"2020-01-03T19:33:25+00:00","og_image":[{"width":2000,"height":1333,"url":"https:\/\/saiak.com\/files\/2013\/09\/IMG_9957.jpg","type":"image\/jpeg"}],"twitter_misc":{"Dur\u00e9e de lecture estim\u00e9e":"3 minutes"},"schema":{"@context":"https:\/\/schema.org","@graph":[{"@type":"WebPage","@id":"https:\/\/saiak.com\/fr\/especes-etudiees-par-saiak\/aigle-royal\/","url":"https:\/\/saiak.com\/fr\/especes-etudiees-par-saiak\/aigle-royal\/","name":"Aigle royal &#060; SAIAK","isPartOf":{"@id":"https:\/\/saiak.com\/eu\/#website"},"primaryImageOfPage":{"@id":"https:\/\/saiak.com\/fr\/especes-etudiees-par-saiak\/aigle-royal\/#primaryimage"},"image":{"@id":"https:\/\/saiak.com\/fr\/especes-etudiees-par-saiak\/aigle-royal\/#primaryimage"},"thumbnailUrl":"https:\/\/saiak.com\/files\/2013\/09\/IMG_9957.jpg","datePublished":"2011-11-19T20:27:36+00:00","dateModified":"2020-01-03T19:33:25+00:00","breadcrumb":{"@id":"https:\/\/saiak.com\/fr\/especes-etudiees-par-saiak\/aigle-royal\/#breadcrumb"},"inLanguage":"fr-FR","potentialAction":[{"@type":"ReadAction","target":["https:\/\/saiak.com\/fr\/especes-etudiees-par-saiak\/aigle-royal\/"]}]},{"@type":"ImageObject","inLanguage":"fr-FR","@id":"https:\/\/saiak.com\/fr\/especes-etudiees-par-saiak\/aigle-royal\/#primaryimage","url":"https:\/\/saiak.com\/files\/2013\/09\/IMG_9957.jpg","contentUrl":"https:\/\/saiak.com\/files\/2013\/09\/IMG_9957.jpg","width":2000,"height":1333,"caption":"Aigle royal"},{"@type":"BreadcrumbList","@id":"https:\/\/saiak.com\/fr\/especes-etudiees-par-saiak\/aigle-royal\/#breadcrumb","itemListElement":[{"@type":"ListItem","position":1,"name":"","item":"https:\/\/saiak.com\/fr\/"},{"@type":"ListItem","position":2,"name":"Esp\u00e8ces \u00e9tudi\u00e9es par Saiak","item":"https:\/\/saiak.com\/fr\/especes-etudiees-par-saiak\/"},{"@type":"ListItem","position":3,"name":"Aigle royal"}]},{"@type":"WebSite","@id":"https:\/\/saiak.com\/eu\/#website","url":"https:\/\/saiak.com\/eu\/","name":"SAIAK","description":"Euskal Herriko harraparien ikerketa eta zainketa | \u00c9tude et protection des rapaces en Pays Basque","potentialAction":[{"@type":"SearchAction","target":{"@type":"EntryPoint","urlTemplate":"https:\/\/saiak.com\/eu\/?s={search_term_string}"},"query-input":{"@type":"PropertyValueSpecification","valueRequired":true,"valueName":"search_term_string"}}],"inLanguage":"fr-FR"}]}},"_links":{"self":[{"href":"https:\/\/saiak.com\/fr\/wp-json\/wp\/v2\/pages\/715\/"}],"collection":[{"href":"https:\/\/saiak.com\/fr\/wp-json\/wp\/v2\/pages\/"}],"about":[{"href":"https:\/\/saiak.com\/fr\/wp-json\/wp\/v2\/types\/page\/"}],"author":[{"embeddable":true,"href":"https:\/\/saiak.com\/fr\/wp-json\/wp\/v2\/users\/5\/"}],"replies":[{"embeddable":true,"href":"https:\/\/saiak.com\/fr\/wp-json\/wp\/v2\/comments\/?post=715"}],"version-history":[{"count":7,"href":"https:\/\/saiak.com\/fr\/wp-json\/wp\/v2\/pages\/715\/revisions\/"}],"predecessor-version":[{"id":3780,"href":"https:\/\/saiak.com\/fr\/wp-json\/wp\/v2\/pages\/715\/revisions\/3780\/"}],"up":[{"embeddable":true,"href":"https:\/\/saiak.com\/fr\/wp-json\/wp\/v2\/pages\/703\/"}],"wp:featuredmedia":[{"embeddable":true,"href":"https:\/\/saiak.com\/fr\/wp-json\/wp\/v2\/media\/862\/"}],"wp:attachment":[{"href":"https:\/\/saiak.com\/fr\/wp-json\/wp\/v2\/media\/?parent=715"}],"curies":[{"name":"wp","href":"https:\/\/api.w.org\/{rel}","templated":true}]}}