{"id":719,"date":"2011-11-20T14:07:00","date_gmt":"2011-11-20T14:07:00","guid":{"rendered":"https:\/\/saiak.com\/rapaces-et-pastoralisme\/"},"modified":"2019-01-22T13:53:09","modified_gmt":"2019-01-22T13:53:09","slug":"rapaces-et-pastoralisme","status":"publish","type":"page","link":"https:\/\/saiak.com\/fr\/rapaces-et-pastoralisme\/","title":{"rendered":"Rapaces et pastoralisme"},"content":{"rendered":"<p>[et_pb_section fb_built=\u00a0\u00bb1&Prime; _builder_version=\u00a0\u00bb3.19&Prime; custom_padding=\u00a0\u00bb30px|0px|30px|0px|true|false\u00a0\u00bb][et_pb_row custom_padding=\u00a0\u00bb0|0px|27px|0px|false|false\u00a0\u00bb _builder_version=\u00a0\u00bb3.19&Prime;][et_pb_column type=\u00a0\u00bb3_4&Prime; _builder_version=\u00a0\u00bb3.19&Prime; parallax=\u00a0\u00bboff\u00a0\u00bb parallax_method=\u00a0\u00bbon\u00a0\u00bb][et_pb_text _builder_version=\u00a0\u00bb3.19.4&Prime; text_font=\u00a0\u00bbAcme|300|||||||\u00a0\u00bb text_text_color=\u00a0\u00bb#00333f\u00a0\u00bb text_font_size=\u00a0\u00bb36px\u00a0\u00bb text_letter_spacing=\u00a0\u00bb2px\u00a0\u00bb text_line_height_last_edited=\u00a0\u00bbon|phone\u00a0\u00bb header_font=\u00a0\u00bb||||||||\u00a0\u00bb header_text_color=\u00a0\u00bb#0c71c3&Prime; header_2_font=\u00a0\u00bb||||||||\u00a0\u00bb header_3_font=\u00a0\u00bb||||||||\u00a0\u00bb]<\/p>\n<p>Rapaces et pastoralisme<\/p>\n<p>[\/et_pb_text][et_pb_text _builder_version=\u00a0\u00bb3.19.4&Prime; text_font=\u00a0\u00bb|600|||||||\u00a0\u00bb text_text_color=\u00a0\u00bb#00333f\u00a0\u00bb text_font_size=\u00a0\u00bb18px\u00a0\u00bb header_font=\u00a0\u00bb||||||||\u00a0\u00bb]Depuis des mill\u00e9naires, le pastoralisme fa\u00e7onne le paysage montagnard basque. Cette activit\u00e9 permet d\u2019entretenir de vastes espaces ouverts tels prairies, landes, pierriers.[\/et_pb_text][et_pb_image src=\u00a0\u00bbhttps:\/\/saiak.com\/files\/2019\/01\/img_5655-pagoaga-1.jpg\u00a0\u00bb alt=\u00a0\u00bbArrano sugejalea \u00a9 Alain Pagoaga\u00a0\u00bb title_text=\u00a0\u00bbArrano sugejalea \u00a9 Alain Pagoaga\u00a0\u00bb _builder_version=\u00a0\u00bb3.19.4&Prime;][\/et_pb_image][et_pb_text _builder_version=\u00a0\u00bb3.19.4&Prime; text_font=\u00a0\u00bb||||||||\u00a0\u00bb text_font_size=\u00a0\u00bb16px\u00a0\u00bb]<\/p>\n<p>Elle emp\u00eache donc la colonisation de ces terres par les arbres qui sont d\u00e9favorables \u00e0 la prospection des rapaces nettoyeurs en qu\u00eate de nourriture. En effet, le Vautour fauve, le Vautour percnopt\u00e8re, le Milan royal et le rare Gypa\u00e8te barbu inspectent ces pentes \u00e0 la recherche de cadavres, essentiellement issus du cheptel domestique puisque la montagne basque abrite peu d\u2019ongul\u00e9s sauvages comme l\u2019Isard ou le cerf.<\/p>\n<p>Le r\u00f4le de ces \u00e9quarrisseurs naturels est extr\u00eamement important car il garantit un recyclage rapide des carcasses et la non propagation des maladies. De plus, avec la disparition des grands pr\u00e9dateurs comme l\u2019Ours et le Loup, les rapaces pr\u00e9dateurs tels l\u2019Aigle royal ou les Milans, jouent un r\u00f4le indispensable dans la r\u00e9gulation des populations de petits mammif\u00e8res, rongeurs et petits carnivores qui pulluleraient. Les rapaces participent donc au maintien d\u2019un \u00e9tat sanitaire optimal des parcours.<\/p>\n<p>Le territoire pastoral offre une quantit\u00e9 et une diversit\u00e9 importantes de nourriture. De plus, le paysage montagnard basque est compos\u00e9 de for\u00eats, de falaises, de landes, de prairies, de tourbi\u00e8res qui offre diverses possibilit\u00e9s de nidification aux rapaces bien que relativement limit\u00e9es pour les rapaces rupestres car la montagne basque ne rec\u00e8le que peu de falaises. Ces facteurs d\u2019alimentation et de reproduction induisent une grande diversit\u00e9 de rapaces, certains nicheurs, d&rsquo;autres hivernants, d&rsquo;autres, migrateurs et seulement de passage.<br \/>Le pastoralisme et les rapaces n\u00e9crophages ont donc un r\u00f4le compl\u00e9mentaire dans l\u2019entretien de la montagne basque.<\/p>\n<p>[\/et_pb_text][\/et_pb_column][et_pb_column type=\u00a0\u00bb1_4&Prime; _builder_version=\u00a0\u00bb3.19&Prime; parallax=\u00a0\u00bboff\u00a0\u00bb parallax_method=\u00a0\u00bbon\u00a0\u00bb][et_pb_sidebar area=\u00a0\u00bbcs-1&Prime; _builder_version=\u00a0\u00bb3.19.4&Prime;][\/et_pb_sidebar][\/et_pb_column][\/et_pb_row][\/et_pb_section]<\/p>\n","protected":false},"excerpt":{"rendered":"<p>Mendeetan zehar artzaingoak Euskal Herriko mendiko bazterrak bere egin ditu. Artzaingoa eta abereen presentziari esker, eremu zabal eta ideki horiek landaredia eta fauna berezi baten garapena ahalegintzen dute.<\/p>\n","protected":false},"author":5,"featured_media":805,"parent":0,"menu_order":0,"comment_status":"closed","ping_status":"closed","template":"","meta":{"_et_pb_use_builder":"on","_et_pb_old_content":"<strong>Mendeetan zehar artzaingoak Euskal Herriko mendiko bazterrak bere egin ditu. Artzaingoa eta abereen presentziari esker, eremu zabal eta ideki horiek landaredia eta fauna berezi baten garapena ahalegintzen dute.<\/strong>\r\n\r\nJanari-katearen muturrean izanik xori harrapariak bizi aniztasun honen adierazleak dira. Beren izenak dioen bezala, harrapari gehienak ihiztari handiak dira. Artzaingoak sortu ekosisteman bizi diren mikrougaztunen erregulatzaileak dira. Horiek hola, nahiko errexa da mirotz zuria ikustea lursaguen ihizin. Gaua heldu delarik aldiz, hontz handi indartsua eta beste hontzen ihizi-eremuak bilakatzen dira larreak.\r\n\r\nHarrapari haratusteljakeak kabala eta abere hilak berziklatzen dituzte. Beren lana mendia nolazpeit garbitzea da, eritasunak zabal ditzaketeen abere hilak desagertaraziz : zonbait digeri-urin azkarren bidez harrapari nekrofagoak artaldeentzako lanjerosak diren birusak eta mikrobioak suntsitzeko gai dira.\r\n\r\nErroiarekin batera lau harrapari motek parte hartzen dute garbitze lan honetan, bakoitzak bere zeregina duelarik : miru gorri trebea, bere xuri-gorri koloreekin, sai xuri dotorea, xuri eta beltzez bezti, sai arrea, handia et kolore nabarrez jantzia, eta azkenik, saia bezain handia bainan arraroagoa den ugatza, lumaldi liranja eta beltz batez apaindua.\r\n\r\nBeren eginkizunak direla eta, harrapariak artzainen ezinbesteko lagunak dira : alhan erabiliak diren bortuen osasun-egoera bermatzen dute. Larreen garbitasun honek baldintzatzen du ardi esnearen kalitatea\u2026eta ondorioz hemengo ardi gasnaren gozoa!\r\n\r\nEuskal Herriko mendietan, harraparien iraganak eta geroak bat egiten dute artzaingo iraunkorrarekin.","_et_gb_content_width":"","ngg_post_thumbnail":0,"footnotes":""},"class_list":["post-719","page","type-page","status-publish","has-post-thumbnail","hentry"],"yoast_head":"<!-- This site is optimized with the Yoast SEO plugin v27.4 - https:\/\/yoast.com\/product\/yoast-seo-wordpress\/ -->\n<title>Rapaces et pastoralisme &#060; SAIAK<\/title>\n<meta name=\"robots\" content=\"index, follow, max-snippet:-1, max-image-preview:large, max-video-preview:-1\" \/>\n<link rel=\"canonical\" href=\"https:\/\/saiak.com\/fr\/rapaces-et-pastoralisme\/\" \/>\n<meta property=\"og:locale\" content=\"fr_FR\" \/>\n<meta property=\"og:type\" content=\"article\" \/>\n<meta property=\"og:title\" content=\"Rapaces et pastoralisme &#060; SAIAK\" \/>\n<meta property=\"og:description\" content=\"Mendeetan zehar artzaingoak Euskal Herriko mendiko bazterrak bere egin ditu. Artzaingoa eta abereen presentziari esker, eremu zabal eta ideki horiek landaredia eta fauna berezi baten garapena ahalegintzen dute.\" \/>\n<meta property=\"og:url\" content=\"https:\/\/saiak.com\/fr\/rapaces-et-pastoralisme\/\" \/>\n<meta property=\"og:site_name\" content=\"SAIAK\" \/>\n<meta property=\"article:modified_time\" content=\"2019-01-22T13:53:09+00:00\" \/>\n<meta property=\"og:image\" content=\"https:\/\/saiak.com\/files\/2011\/11\/A.-Pagoaga-21-500x333.jpg\" \/>\n\t<meta property=\"og:image:width\" content=\"500\" \/>\n\t<meta property=\"og:image:height\" content=\"333\" \/>\n\t<meta property=\"og:image:type\" content=\"image\/jpeg\" \/>\n<meta name=\"twitter:label1\" content=\"Dur\u00e9e de lecture estim\u00e9e\" \/>\n\t<meta name=\"twitter:data1\" content=\"2 minutes\" \/>\n<script type=\"application\/ld+json\" class=\"yoast-schema-graph\">{\"@context\":\"https:\\\/\\\/schema.org\",\"@graph\":[{\"@type\":\"WebPage\",\"@id\":\"https:\\\/\\\/saiak.com\\\/fr\\\/rapaces-et-pastoralisme\\\/\",\"url\":\"https:\\\/\\\/saiak.com\\\/fr\\\/rapaces-et-pastoralisme\\\/\",\"name\":\"Rapaces et pastoralisme &#060; SAIAK\",\"isPartOf\":{\"@id\":\"https:\\\/\\\/saiak.com\\\/eu\\\/#website\"},\"primaryImageOfPage\":{\"@id\":\"https:\\\/\\\/saiak.com\\\/fr\\\/rapaces-et-pastoralisme\\\/#primaryimage\"},\"image\":{\"@id\":\"https:\\\/\\\/saiak.com\\\/fr\\\/rapaces-et-pastoralisme\\\/#primaryimage\"},\"thumbnailUrl\":\"https:\\\/\\\/saiak.com\\\/files\\\/2011\\\/11\\\/A.-Pagoaga-21.jpg\",\"datePublished\":\"2011-11-20T14:07:00+00:00\",\"dateModified\":\"2019-01-22T13:53:09+00:00\",\"breadcrumb\":{\"@id\":\"https:\\\/\\\/saiak.com\\\/fr\\\/rapaces-et-pastoralisme\\\/#breadcrumb\"},\"inLanguage\":\"fr-FR\",\"potentialAction\":[{\"@type\":\"ReadAction\",\"target\":[\"https:\\\/\\\/saiak.com\\\/fr\\\/rapaces-et-pastoralisme\\\/\"]}]},{\"@type\":\"ImageObject\",\"inLanguage\":\"fr-FR\",\"@id\":\"https:\\\/\\\/saiak.com\\\/fr\\\/rapaces-et-pastoralisme\\\/#primaryimage\",\"url\":\"https:\\\/\\\/saiak.com\\\/files\\\/2011\\\/11\\\/A.-Pagoaga-21.jpg\",\"contentUrl\":\"https:\\\/\\\/saiak.com\\\/files\\\/2011\\\/11\\\/A.-Pagoaga-21.jpg\",\"width\":\"3504\",\"height\":\"2336\"},{\"@type\":\"BreadcrumbList\",\"@id\":\"https:\\\/\\\/saiak.com\\\/fr\\\/rapaces-et-pastoralisme\\\/#breadcrumb\",\"itemListElement\":[{\"@type\":\"ListItem\",\"position\":1,\"name\":\"\",\"item\":\"https:\\\/\\\/saiak.com\\\/fr\\\/\"},{\"@type\":\"ListItem\",\"position\":2,\"name\":\"Rapaces et pastoralisme\"}]},{\"@type\":\"WebSite\",\"@id\":\"https:\\\/\\\/saiak.com\\\/eu\\\/#website\",\"url\":\"https:\\\/\\\/saiak.com\\\/eu\\\/\",\"name\":\"SAIAK\",\"description\":\"Euskal Herriko harraparien ikerketa eta zainketa | \u00c9tude et protection des rapaces en Pays Basque\",\"potentialAction\":[{\"@type\":\"SearchAction\",\"target\":{\"@type\":\"EntryPoint\",\"urlTemplate\":\"https:\\\/\\\/saiak.com\\\/eu\\\/?s={search_term_string}\"},\"query-input\":{\"@type\":\"PropertyValueSpecification\",\"valueRequired\":true,\"valueName\":\"search_term_string\"}}],\"inLanguage\":\"fr-FR\"}]}<\/script>\n<!-- \/ Yoast SEO plugin. -->","yoast_head_json":{"title":"Rapaces et pastoralisme &#060; SAIAK","robots":{"index":"index","follow":"follow","max-snippet":"max-snippet:-1","max-image-preview":"max-image-preview:large","max-video-preview":"max-video-preview:-1"},"canonical":"https:\/\/saiak.com\/fr\/rapaces-et-pastoralisme\/","og_locale":"fr_FR","og_type":"article","og_title":"Rapaces et pastoralisme &#060; SAIAK","og_description":"Mendeetan zehar artzaingoak Euskal Herriko mendiko bazterrak bere egin ditu. Artzaingoa eta abereen presentziari esker, eremu zabal eta ideki horiek landaredia eta fauna berezi baten garapena ahalegintzen dute.","og_url":"https:\/\/saiak.com\/fr\/rapaces-et-pastoralisme\/","og_site_name":"SAIAK","article_modified_time":"2019-01-22T13:53:09+00:00","og_image":[{"width":500,"height":333,"url":"https:\/\/saiak.com\/files\/2011\/11\/A.-Pagoaga-21-500x333.jpg","type":"image\/jpeg"}],"twitter_misc":{"Dur\u00e9e de lecture estim\u00e9e":"2 minutes"},"schema":{"@context":"https:\/\/schema.org","@graph":[{"@type":"WebPage","@id":"https:\/\/saiak.com\/fr\/rapaces-et-pastoralisme\/","url":"https:\/\/saiak.com\/fr\/rapaces-et-pastoralisme\/","name":"Rapaces et pastoralisme &#060; SAIAK","isPartOf":{"@id":"https:\/\/saiak.com\/eu\/#website"},"primaryImageOfPage":{"@id":"https:\/\/saiak.com\/fr\/rapaces-et-pastoralisme\/#primaryimage"},"image":{"@id":"https:\/\/saiak.com\/fr\/rapaces-et-pastoralisme\/#primaryimage"},"thumbnailUrl":"https:\/\/saiak.com\/files\/2011\/11\/A.-Pagoaga-21.jpg","datePublished":"2011-11-20T14:07:00+00:00","dateModified":"2019-01-22T13:53:09+00:00","breadcrumb":{"@id":"https:\/\/saiak.com\/fr\/rapaces-et-pastoralisme\/#breadcrumb"},"inLanguage":"fr-FR","potentialAction":[{"@type":"ReadAction","target":["https:\/\/saiak.com\/fr\/rapaces-et-pastoralisme\/"]}]},{"@type":"ImageObject","inLanguage":"fr-FR","@id":"https:\/\/saiak.com\/fr\/rapaces-et-pastoralisme\/#primaryimage","url":"https:\/\/saiak.com\/files\/2011\/11\/A.-Pagoaga-21.jpg","contentUrl":"https:\/\/saiak.com\/files\/2011\/11\/A.-Pagoaga-21.jpg","width":"3504","height":"2336"},{"@type":"BreadcrumbList","@id":"https:\/\/saiak.com\/fr\/rapaces-et-pastoralisme\/#breadcrumb","itemListElement":[{"@type":"ListItem","position":1,"name":"","item":"https:\/\/saiak.com\/fr\/"},{"@type":"ListItem","position":2,"name":"Rapaces et pastoralisme"}]},{"@type":"WebSite","@id":"https:\/\/saiak.com\/eu\/#website","url":"https:\/\/saiak.com\/eu\/","name":"SAIAK","description":"Euskal Herriko harraparien ikerketa eta zainketa | \u00c9tude et protection des rapaces en Pays Basque","potentialAction":[{"@type":"SearchAction","target":{"@type":"EntryPoint","urlTemplate":"https:\/\/saiak.com\/eu\/?s={search_term_string}"},"query-input":{"@type":"PropertyValueSpecification","valueRequired":true,"valueName":"search_term_string"}}],"inLanguage":"fr-FR"}]}},"_links":{"self":[{"href":"https:\/\/saiak.com\/fr\/wp-json\/wp\/v2\/pages\/719\/"}],"collection":[{"href":"https:\/\/saiak.com\/fr\/wp-json\/wp\/v2\/pages\/"}],"about":[{"href":"https:\/\/saiak.com\/fr\/wp-json\/wp\/v2\/types\/page\/"}],"author":[{"embeddable":true,"href":"https:\/\/saiak.com\/fr\/wp-json\/wp\/v2\/users\/5\/"}],"replies":[{"embeddable":true,"href":"https:\/\/saiak.com\/fr\/wp-json\/wp\/v2\/comments\/?post=719"}],"version-history":[{"count":8,"href":"https:\/\/saiak.com\/fr\/wp-json\/wp\/v2\/pages\/719\/revisions\/"}],"predecessor-version":[{"id":3277,"href":"https:\/\/saiak.com\/fr\/wp-json\/wp\/v2\/pages\/719\/revisions\/3277\/"}],"wp:featuredmedia":[{"embeddable":true,"href":"https:\/\/saiak.com\/fr\/wp-json\/wp\/v2\/media\/805\/"}],"wp:attachment":[{"href":"https:\/\/saiak.com\/fr\/wp-json\/wp\/v2\/media\/?parent=719"}],"curies":[{"name":"wp","href":"https:\/\/api.w.org\/{rel}","templated":true}]}}