{"id":725,"date":"2011-11-20T14:47:18","date_gmt":"2011-11-20T14:47:18","guid":{"rendered":"https:\/\/saiak.com\/devenir-membre\/"},"modified":"2019-08-20T18:15:24","modified_gmt":"2019-08-20T18:15:24","slug":"devenir-membre","status":"publish","type":"page","link":"https:\/\/saiak.com\/fr\/lassociation-saiak\/devenir-membre\/","title":{"rendered":"Devenir membre"},"content":{"rendered":"<p>[et_pb_section fb_built=\u00a0\u00bb1&Prime; _builder_version=\u00a0\u00bb3.0.47&Prime; custom_padding=\u00a0\u00bb30px|0px|30px|0px|true|false\u00a0\u00bb][et_pb_row custom_padding=\u00a0\u00bb0|0px|27px|0px|false|false\u00a0\u00bb _builder_version=\u00a0\u00bb3.19&Prime; background_size=\u00a0\u00bbinitial\u00a0\u00bb background_position=\u00a0\u00bbtop_left\u00a0\u00bb background_repeat=\u00a0\u00bbrepeat\u00a0\u00bb][et_pb_column type=\u00a0\u00bb4_4&Prime; _builder_version=\u00a0\u00bb3.0.47&Prime; parallax=\u00a0\u00bboff\u00a0\u00bb parallax_method=\u00a0\u00bbon\u00a0\u00bb][et_pb_text _builder_version=\u00a0\u00bb3.19&Prime; _dynamic_attributes=\u00a0\u00bbcontent\u00a0\u00bb text_font=\u00a0\u00bbAcme|300|||||||\u00a0\u00bb text_text_color=\u00a0\u00bb#00333f\u00a0\u00bb text_font_size=\u00a0\u00bb36px\u00a0\u00bb text_letter_spacing=\u00a0\u00bb2px\u00a0\u00bb text_line_height_tablet=\u00a0\u00bb2em\u00a0\u00bb text_line_height_phone=\u00a0\u00bb2.3em\u00a0\u00bb text_line_height_last_edited=\u00a0\u00bbon|phone\u00a0\u00bb header_font=\u00a0\u00bbAcme||||||||\u00a0\u00bb header_text_color=\u00a0\u00bb#00333f\u00a0\u00bb header_font_size=\u00a0\u00bb36px\u00a0\u00bb header_2_font=\u00a0\u00bb||||||||\u00a0\u00bb header_3_font=\u00a0\u00bb||||||||\u00a0\u00bb global_module=\u00a0\u00bb1154&Prime; saved_tabs=\u00a0\u00bball\u00a0\u00bb text_line_height__hover_enabled=\u00a0\u00bbon\u00a0\u00bb]Devenir membre[\/et_pb_text][et_pb_text _builder_version=\u00a0\u00bb3.19&Prime; _dynamic_attributes=\u00a0\u00bbcontent\u00a0\u00bb text_font=\u00a0\u00bb|600|||||||\u00a0\u00bb text_text_color=\u00a0\u00bb#00333f\u00a0\u00bb text_font_size=\u00a0\u00bb18px\u00a0\u00bb custom_margin=\u00a0\u00bb||\u00a0\u00bb custom_padding=\u00a0\u00bb||\u00a0\u00bb global_module=\u00a0\u00bb1155&Prime; saved_tabs=\u00a0\u00bball\u00a0\u00bb]<\/p>\n<p>{\u00ab\u00a0dynamic\u00a0\u00bb:true,\u00a0\u00bbcontent\u00a0\u00bb:\u00a0\u00bbpost_excerpt\u00a0\u00bb,\u00a0\u00bbsettings\u00a0\u00bb:{\u00ab\u00a0before\u00a0\u00bb:\u00a0\u00bb\u00a0\u00bb,\u00a0\u00bbafter\u00a0\u00bb:\u00a0\u00bb\u00a0\u00bb,\u00a0\u00bbwords\u00a0\u00bb:\u00a0\u00bb\u00a0\u00bb,\u00a0\u00bbread_more_label\u00a0\u00bb:\u00a0\u00bb\u00a0\u00bb}}<\/p>\n<p>[\/et_pb_text][et_pb_text _builder_version=\u00a0\u00bb3.19&Prime; text_font=\u00a0\u00bb||||||||\u00a0\u00bb text_font_size=\u00a0\u00bb16px\u00a0\u00bb saved_tabs=\u00a0\u00bball\u00a0\u00bb]<\/p>\n<p>L\u2019association a besoin de toutes les bonnes volont\u00e9s afin de mener son travail \u00e0 bien. Le suivi des esp\u00e8ces n\u00e9cessite une pr\u00e9sence sur le terrain qui ne peut \u00eatre efficace qu\u2019au travers d\u2019un maillage du territoire efficace. Si l\u2019observation des oiseaux vous int\u00e9resse alors rejoignez-nous, quel que soit votre niveau en ornithologie !<span style=\"font-size: 16px;\">\u00a0<\/span><\/p>\n<p>Si vous souhaitez adh\u00e9rer \u00e0 SAIAK remplissez le formulaire suivant.<\/p>\n<div class=\"caldera-grid\" id=\"caldera_form_1\" data-cf-ver=\"1.9.7\" data-cf-form-id=\"CF5c2b8260ab692\"><div id=\"caldera_notices_1\" data-spinner=\"https:\/\/saiak.com\/wp-admin\/images\/spinner.gif\"><\/div><form data-instance=\"1\" class=\"CF5c2b8260ab692 caldera_forms_form cfajax-trigger\" method=\"POST\" enctype=\"multipart\/form-data\" id=\"CF5c2b8260ab692_1\" data-form-id=\"CF5c2b8260ab692\" aria-label=\"Saiak-kidetza\" data-target=\"#caldera_notices_1\" data-template=\"#cfajax_CF5c2b8260ab692-tmpl\" data-cfajax=\"CF5c2b8260ab692\" data-load-element=\"_parent\" data-load-class=\"cf_processing\" data-post-disable=\"0\" data-action=\"cf_process_ajax_submit\" data-request=\"https:\/\/saiak.com\/fr\/\/cf-api\/CF5c2b8260ab692?cf_lang=fr\" data-hiderows=\"true\">\r\n<input type=\"hidden\" id=\"_cf_verify_CF5c2b8260ab692\" name=\"_cf_verify\" value=\"933bb1511e\"  data-nonce-time=\"1776658573\" \/><input type=\"hidden\" name=\"_wp_http_referer\" value=\"\/fr\/wp-json\/wp\/v2\/pages\/725\/\" \/><div id=\"cf2-CF5c2b8260ab692_1\"><\/div><input type=\"hidden\" name=\"_cf_frm_id\" value=\"CF5c2b8260ab692\">\r\n<input type=\"hidden\" name=\"_cf_frm_ct\" value=\"1\">\r\n<input type=\"hidden\" name=\"cfajax\" value=\"CF5c2b8260ab692\">\r\n<input type=\"hidden\" name=\"_cf_cr_pst\" value=\"725\">\r\n<div class=\"hide\" style=\"display:none; overflow:hidden;height:0;width:0;\">\r\n<label>Nom<\/label><input type=\"text\" name=\"name\" value=\"\" autocomplete=\"off\">\r\n<\/div><div id=\"CF5c2b8260ab692_1-row-1\"  class=\"row  first_row\"><div  class=\"col-sm-12  single\"><div data-field-wrapper=\"fld_8768091\" class=\"form-group\" id=\"fld_8768091_1-wrap\">\r\n\t<label id=\"fld_8768091Label\" for=\"fld_8768091_1\" class=\"control-label\">Pr\u00e9nom <span aria-hidden=\"true\" role=\"presentation\" class=\"field_required\" style=\"color:#ee0000;\">*<\/span><\/label>\r\n\t<div class=\"\">\r\n\t\t<input   required type=\"text\" data-field=\"fld_8768091\" class=\" form-control\" id=\"fld_8768091_1\" name=\"fld_8768091\" value=\"\" data-type=\"text\" aria-required=\"true\"   aria-labelledby=\"fld_8768091Label\" >\t\t\t<\/div>\r\n<\/div>\r\n<div data-field-wrapper=\"fld_9970286\" class=\"form-group\" id=\"fld_9970286_1-wrap\">\r\n\t<label id=\"fld_9970286Label\" for=\"fld_9970286_1\" class=\"control-label\">Nom <span aria-hidden=\"true\" role=\"presentation\" class=\"field_required\" style=\"color:#ee0000;\">*<\/span><\/label>\r\n\t<div class=\"\">\r\n\t\t<input   required type=\"text\" data-field=\"fld_9970286\" class=\" form-control\" id=\"fld_9970286_1\" name=\"fld_9970286\" value=\"\" data-type=\"text\" aria-required=\"true\"   aria-labelledby=\"fld_9970286Label\" >\t\t\t<\/div>\r\n<\/div>\r\n<div data-field-wrapper=\"fld_6009157\" class=\"form-group\" id=\"fld_6009157_1-wrap\">\r\n\t<label id=\"fld_6009157Label\" for=\"fld_6009157_1\" class=\"control-label\">Email <span aria-hidden=\"true\" role=\"presentation\" class=\"field_required\" style=\"color:#ee0000;\">*<\/span><\/label>\r\n\t<div class=\"\">\r\n\t\t<input   required type=\"email\" data-field=\"fld_6009157\" class=\" form-control\" id=\"fld_6009157_1\" name=\"fld_6009157\" value=\"\" data-type=\"email\" aria-required=\"true\"   aria-labelledby=\"fld_6009157Label\" >\t\t\t<\/div>\r\n<\/div>\r\n<\/div><\/div><div id=\"CF5c2b8260ab692_1-row-2\"  class=\"row \"><div  class=\"col-sm-12  single\"><div data-field-wrapper=\"fld_8825604\" class=\"form-group\" id=\"fld_8825604_1-wrap\">\r\n\t<label id=\"fld_8825604Label\" for=\"fld_8825604_1\" class=\"control-label\">Adresse postale <span aria-hidden=\"true\" role=\"presentation\" class=\"field_required\" style=\"color:#ee0000;\">*<\/span><\/label>\r\n\t<div class=\"\">\r\n\t\t<textarea name=\"fld_8825604\" value=\"\" data-field=\"fld_8825604\" class=\"form-control\" id=\"fld_8825604_1\" rows=\"7\"  required=\"required\"  aria-labelledby=\"fld_8825604Label\" ><\/textarea>\n\t\t\t<\/div>\r\n<\/div>\r\n<div data-field-wrapper=\"fld_3378973\" class=\"form-group\" id=\"fld_3378973_1-wrap\">\r\n\t<label id=\"fld_3378973Label\" for=\"fld_3378973_1\" class=\"control-label\">Code postale <span aria-hidden=\"true\" role=\"presentation\" class=\"field_required\" style=\"color:#ee0000;\">*<\/span><\/label>\r\n\t<div class=\"\">\r\n\t\t<input   required type=\"text\" data-field=\"fld_3378973\" class=\" form-control\" id=\"fld_3378973_1\" name=\"fld_3378973\" value=\"\" data-type=\"text\" aria-required=\"true\"   aria-labelledby=\"fld_3378973Label\" >\t\t\t<\/div>\r\n<\/div>\r\n<div data-field-wrapper=\"fld_3626894\" class=\"form-group\" id=\"fld_3626894_1-wrap\">\r\n\t<label id=\"fld_3626894Label\" for=\"fld_3626894_1\" class=\"control-label\">Commune <span aria-hidden=\"true\" role=\"presentation\" class=\"field_required\" style=\"color:#ee0000;\">*<\/span><\/label>\r\n\t<div class=\"\">\r\n\t\t<input   required type=\"text\" data-field=\"fld_3626894\" class=\" form-control\" id=\"fld_3626894_1\" name=\"fld_3626894\" value=\"\" data-type=\"text\" aria-required=\"true\"   aria-labelledby=\"fld_3626894Label\" >\t\t\t<\/div>\r\n<\/div>\r\n<div data-field-wrapper=\"fld_2169354\" class=\"form-group\" id=\"fld_2169354_1-wrap\">\r\n<label id=\"fld_2169354Label\" for=\"fld_2169354_1\" class=\"control-label\">Type d'adh\u00e9sion <span aria-hidden=\"true\" role=\"presentation\" class=\"field_required\" style=\"color:#ee0000;\">*<\/span><\/label>\r\n<div class=\"\">\r\n\t\t\t\t\t<div class=\"radio\">\n\t\t\t\t<label data-label=\"Membre - 10 euros (cotisation annuelle minimale)\" for=\"fld_2169354_1_opt1318163\"><input type=\"radio\" id=\"fld_2169354_1_opt1318163\" data-field=\"fld_2169354\" class=\"fld_2169354_1 option-required\" name=\"fld_2169354\" value=\"Kidea - 10 euro (urteko guttieneko ordain-saria)\"   required=\"required\" data-radio-field=\"fld_2169354_1\" data-type=\"radio\" data-calc-value=\"Kidea - 10 euro (urteko guttieneko ordain-saria)\" \/>\n\t\t\tMembre - 10 euros (cotisation annuelle minimale)\t\t<\/label>\n\t\t\t\t\t<\/div>\n\t\t\t\t\t\t\t\t\t<div class=\"radio\">\n\t\t\t\t<label data-label=\"Membre bienfaiteur - 100 euros (cotisation annuelle minimale)\" for=\"fld_2169354_1_opt1730486\"><input type=\"radio\" id=\"fld_2169354_1_opt1730486\" data-field=\"fld_2169354\" class=\"fld_2169354_1 option-required\" name=\"fld_2169354\" value=\"Kide ongi egilea (100 eurotik goitiko urteko ordain-saria)\"   required=\"required\" data-radio-field=\"fld_2169354_1\" data-type=\"radio\" data-calc-value=\"Kide ongi egilea (100 eurotik goitiko urteko ordain-saria)\" \/>\n\t\t\tMembre bienfaiteur - 100 euros (cotisation annuelle minimale)\t\t<\/label>\n\t\t\t\t\t<\/div>\n\t\t\t\t<span id=\"fld_2169354Caption\" class=\"help-block\">Nous prendrons contact avec vous afin de pr\u00e9ciser les modalit\u00e9s de r\u00e8glement de la cotisation.<\/span>\r\n<\/div>\r\n<\/div>\r\n<div data-field-wrapper=\"fld_4319184\" class=\"form-group\" id=\"fld_4319184_1-wrap\">\r\n\t<label id=\"fld_4319184Label\" for=\"fld_4319184_1\" class=\"control-label\">Implication souhait\u00e9e <span aria-hidden=\"true\" role=\"presentation\" class=\"field_required\" style=\"color:#ee0000;\">*<\/span><\/label>\r\n\t<div class=\"\">\r\n\t\t\t\t\t\t\t\t\t\t\t<div class=\"checkbox\">\n\t\t\t\t\n                <label                         for=\"fld_4319184_1_opt1941200\"\n                >\n                            <input\n                                data-parsley-required=\"true\" data-parsley-group=\"fld_4319184_1\" data-parsley-multiple=\"fld_4319184_1\"                                type=\"checkbox\"\n                                data-label=\"Je souhaite participer au suivi de terrain\"\n                                data-field=\"fld_4319184\"\n                                id=\"fld_4319184_1_opt1941200\"\n                                class=\"fld_4319184_1 option-required\"\n                                name=\"fld_4319184[opt1941200]\"\n                                value=\"Parte hartu nahi dut Saiak-ek antolatu espezie segipenetan\"\n                                                                data-type=\"checkbox\"\n                                data-checkbox-field=\"fld_4319184_1\"\n                                                                data-calc-value=\"Parte hartu nahi dut Saiak-ek antolatu espezie segipenetan\"\n                            >\n                    Je souhaite participer au suivi de terrain                <\/label>\n\n                \t\t\t\t\t<\/div>\n\t\t\t\t\t\t\t\t\t\t\t\t\t\t\t\t\t<div class=\"checkbox\">\n\t\t\t\t\n                <label                         for=\"fld_4319184_1_opt1682435\"\n                >\n                            <input\n                                data-parsley-required=\"true\" data-parsley-group=\"fld_4319184_1\" data-parsley-multiple=\"fld_4319184_1\"                                type=\"checkbox\"\n                                data-label=\"Je souhaite participer \u00e0 la gestion de l&#039;association (administration, communication...)\"\n                                data-field=\"fld_4319184\"\n                                id=\"fld_4319184_1_opt1682435\"\n                                class=\"fld_4319184_1 option-required\"\n                                name=\"fld_4319184[opt1682435]\"\n                                value=\"Parte hartu nahi dut lan administratiboetan (komunikazioa, idazkaritza...)\"\n                                                                data-type=\"checkbox\"\n                                data-checkbox-field=\"fld_4319184_1\"\n                                                                data-calc-value=\"Parte hartu nahi dut lan administratiboetan (komunikazioa, idazkaritza...)\"\n                            >\n                    Je souhaite participer \u00e0 la gestion de l'association (administration, communication...)                <\/label>\n\n                \t\t\t\t\t<\/div>\n\t\t\t\t\t\t\t\t\t\t\t\t\t\t\t\t\t<div class=\"checkbox\">\n\t\t\t\t\n                <label                         for=\"fld_4319184_1_opt1329561\"\n                >\n                            <input\n                                data-parsley-required=\"true\" data-parsley-group=\"fld_4319184_1\" data-parsley-multiple=\"fld_4319184_1\"                                type=\"checkbox\"\n                                data-label=\"Je ne souhaite pas participer activement \u00e0 la vie de l&#039;association\"\n                                data-field=\"fld_4319184\"\n                                id=\"fld_4319184_1_opt1329561\"\n                                class=\"fld_4319184_1 option-required\"\n                                name=\"fld_4319184[opt1329561]\"\n                                value=\"Ez dut parte hartze aktiborik nahi\"\n                                                                data-type=\"checkbox\"\n                                data-checkbox-field=\"fld_4319184_1\"\n                                                                data-calc-value=\"Ez dut parte hartze aktiborik nahi\"\n                            >\n                    Je ne souhaite pas participer activement \u00e0 la vie de l'association                <\/label>\n\n                \t\t\t\t\t<\/div>\n\t\t\t\t\t\t\t\t\t\t\t<\/div>\r\n<\/div>\r\n<div data-field-wrapper=\"fld_3771053\" class=\"form-group\" id=\"fld_3771053_1-wrap\">\r\n\t<label id=\"fld_3771053Label\" for=\"fld_3771053_1\" class=\"control-label\">Remarques<\/label>\r\n\t<div class=\"\">\r\n\t\t<textarea name=\"fld_3771053\" value=\"\" data-field=\"fld_3771053\" class=\"form-control\" id=\"fld_3771053_1\" rows=\"4\"    aria-labelledby=\"fld_3771053Label\" ><\/textarea>\n\t\t\t<\/div>\r\n<\/div>\r\n<\/div><\/div><div id=\"CF5c2b8260ab692_1-row-3\"  class=\"row  last_row\"><div  class=\"col-sm-12  single\"><div data-field-wrapper=\"fld_3573845\" class=\"form-group\" id=\"fld_3573845_1-wrap\">\r\n\t<label id=\"fld_3573845Label\" for=\"fld_3573845_1\" class=\"control-label\">Newsletter<\/label>\r\n\t<div class=\"\">\r\n\t\t\t\t\t\t\t\t\t\t\t<div class=\"checkbox\">\n\t\t\t\t\n                <label                         for=\"fld_3573845_1_opt1175745\"\n                >\n                            <input\n                                                                type=\"checkbox\"\n                                data-label=\"En tant que membre, j&#039;accepterai de recevoir r\u00e9guli\u00e8rement des nouvelles de Saiak sur mon email par le biais d&#039;une newsletter\"\n                                data-field=\"fld_3573845\"\n                                id=\"fld_3573845_1_opt1175745\"\n                                class=\"fld_3573845_1\"\n                                name=\"fld_3573845[opt1175745]\"\n                                value=\"Kide gisa onartzen dut Saiak.com-eko berriak eskuratzea artetan newsletter baten bidez nire emailara.\"\n                                checked=\"checked\"                                data-type=\"checkbox\"\n                                data-checkbox-field=\"fld_3573845_1\"\n                                                                data-calc-value=\"Kide gisa onartzen dut Saiak.com-eko berriak eskuratzea artetan newsletter baten bidez nire emailara.\"\n                            >\n                    En tant que membre, j'accepterai de recevoir r\u00e9guli\u00e8rement des nouvelles de Saiak sur mon email par le biais d'une newsletter                <\/label>\n\n                \t\t\t\t\t<\/div>\n\t\t\t\t\t\t\t\t\t\t\t<\/div>\r\n<\/div>\r\n<div data-field-wrapper=\"fld_7908577\" class=\"form-group\" id=\"fld_7908577_1-wrap\">\r\n<div class=\"\">\r\n\t<input  class=\"btn btn-default\" type=\"submit\" name=\"fld_7908577\" id=\"fld_7908577_1\" value=\"ENVOYER\" data-field=\"fld_7908577\"  >\n<\/div>\r\n<\/div>\r\n\t<input class=\"button_trigger_1\" type=\"hidden\" name=\"fld_7908577\" id=\"fld_7908577_1_btn\" value=\"\" data-field=\"fld_7908577\"  \/>\n<\/div><\/div><\/form>\r\n<\/div>\r\n\n<p>[\/et_pb_text][et_pb_text _builder_version=\u00a0\u00bb3.0.74&Prime; background_size=\u00a0\u00bbinitial\u00a0\u00bb background_position=\u00a0\u00bbtop_left\u00a0\u00bb background_repeat=\u00a0\u00bbrepeat\u00a0\u00bb]&nbsp;<\/p>\n<p>&nbsp;[\/et_pb_text][\/et_pb_column][\/et_pb_row][\/et_pb_section]<\/p>\n","protected":false},"excerpt":{"rendered":"<p>Adh\u00e9rer \u00e0 Saiak c\u2019est participer \u00e0 la pr\u00e9servation du patrimoine naturel du Pays Basque en ayant l\u2019opportunit\u00e9 de mieux conna\u00eetre le monde fascinant des rapaces.<\/p>\n","protected":false},"author":5,"featured_media":796,"parent":699,"menu_order":3,"comment_status":"closed","ping_status":"closed","template":"","meta":{"_et_pb_use_builder":"on","_et_pb_old_content":"<p><strong>Saiak elkarteko kide izanez, parte hartzen duzu Euskal Herriko ondare naturalaren zainketan eta, bide beretik, harraparien mundu harrigarria hobeki ezagutzeko parada duzu.<\/strong><\/p><p>Saiak elkarteak denen beharra du bere ekintzen behar den bezala jarraitzeko. Ipar Euskal Herriko harrapari espezie desberdinen segipen oraino hobea burutuko dugu behatzaileen kopurua handiagoa bada. Lurralde guzietan ibiltzeak lan frango eskatzen baitu gero! Xorien behaketa gustukoa baduzu guri junta zaitez. Ez da beharrezkoa ornitologian hain aditua izatea.<\/p><p>Elkartea sustengatzen ahal duzu, oinarrizko urte saria ordainduz (3 euro urteko). Beren urte saria ordaindua duten kideak jakinean izanen dira elkartearen aktibitateez, eta parte hartzen ahalko dute urte osoan zehar antolatzen ditugun ateraldietan. Ateraldi horietan, edozeinek deskubritzen ahalko ditu Euskal Herriko harrapariak, giro goxo batean.<\/p><p>Aldiz, mehatxatuak eta bereziki zainduak diren espezien segimendu ateraldiak, kide motibatu eta jarraikienek egiten ahalko dituzte. Hala ere, erregularki parte hartu nahi luketen kide orori idekiak dira.<\/p><p>Saiak elkarteko kide izan nahi baduzu,\u00a0<a href=\"https:\/\/mediation-patrimoine.com\/saiakberria\/harremana\/\">ondoko harreman-orria bete ezazu.<\/a><\/p>","_et_gb_content_width":"","ngg_post_thumbnail":0,"footnotes":""},"class_list":["post-725","page","type-page","status-publish","has-post-thumbnail","hentry"],"yoast_head":"<!-- This site is optimized with the Yoast SEO plugin v27.4 - https:\/\/yoast.com\/product\/yoast-seo-wordpress\/ -->\n<title>Devenir membre &#060; SAIAK<\/title>\n<meta name=\"robots\" content=\"index, follow, max-snippet:-1, max-image-preview:large, max-video-preview:-1\" \/>\n<link rel=\"canonical\" href=\"https:\/\/saiak.com\/fr\/lassociation-saiak\/devenir-membre\/\" \/>\n<meta property=\"og:locale\" content=\"fr_FR\" \/>\n<meta property=\"og:type\" content=\"article\" \/>\n<meta property=\"og:title\" content=\"Devenir membre &#060; SAIAK\" \/>\n<meta property=\"og:description\" content=\"Adh\u00e9rer \u00e0 Saiak c\u2019est participer \u00e0 la pr\u00e9servation du patrimoine naturel du Pays Basque en ayant l\u2019opportunit\u00e9 de mieux conna\u00eetre le monde fascinant des rapaces.\" \/>\n<meta property=\"og:url\" content=\"https:\/\/saiak.com\/fr\/lassociation-saiak\/devenir-membre\/\" \/>\n<meta property=\"og:site_name\" content=\"SAIAK\" \/>\n<meta property=\"article:modified_time\" content=\"2019-08-20T18:15:24+00:00\" \/>\n<meta property=\"og:image\" content=\"https:\/\/saiak.com\/files\/2011\/11\/A.-Pagoaga-Saiak-4-500x333.jpg\" \/>\n\t<meta property=\"og:image:width\" content=\"500\" \/>\n\t<meta property=\"og:image:height\" content=\"333\" \/>\n\t<meta property=\"og:image:type\" content=\"image\/jpeg\" \/>\n<meta name=\"twitter:label1\" content=\"Dur\u00e9e de lecture estim\u00e9e\" \/>\n\t<meta name=\"twitter:data1\" content=\"1 minute\" \/>\n<script type=\"application\/ld+json\" class=\"yoast-schema-graph\">{\"@context\":\"https:\\\/\\\/schema.org\",\"@graph\":[{\"@type\":\"WebPage\",\"@id\":\"https:\\\/\\\/saiak.com\\\/fr\\\/lassociation-saiak\\\/devenir-membre\\\/\",\"url\":\"https:\\\/\\\/saiak.com\\\/fr\\\/lassociation-saiak\\\/devenir-membre\\\/\",\"name\":\"Devenir membre &#060; SAIAK\",\"isPartOf\":{\"@id\":\"https:\\\/\\\/saiak.com\\\/eu\\\/#website\"},\"primaryImageOfPage\":{\"@id\":\"https:\\\/\\\/saiak.com\\\/fr\\\/lassociation-saiak\\\/devenir-membre\\\/#primaryimage\"},\"image\":{\"@id\":\"https:\\\/\\\/saiak.com\\\/fr\\\/lassociation-saiak\\\/devenir-membre\\\/#primaryimage\"},\"thumbnailUrl\":\"https:\\\/\\\/saiak.com\\\/files\\\/2011\\\/11\\\/A.-Pagoaga-Saiak-4.jpg\",\"datePublished\":\"2011-11-20T14:47:18+00:00\",\"dateModified\":\"2019-08-20T18:15:24+00:00\",\"breadcrumb\":{\"@id\":\"https:\\\/\\\/saiak.com\\\/fr\\\/lassociation-saiak\\\/devenir-membre\\\/#breadcrumb\"},\"inLanguage\":\"fr-FR\",\"potentialAction\":[{\"@type\":\"ReadAction\",\"target\":[\"https:\\\/\\\/saiak.com\\\/fr\\\/lassociation-saiak\\\/devenir-membre\\\/\"]}]},{\"@type\":\"ImageObject\",\"inLanguage\":\"fr-FR\",\"@id\":\"https:\\\/\\\/saiak.com\\\/fr\\\/lassociation-saiak\\\/devenir-membre\\\/#primaryimage\",\"url\":\"https:\\\/\\\/saiak.com\\\/files\\\/2011\\\/11\\\/A.-Pagoaga-Saiak-4.jpg\",\"contentUrl\":\"https:\\\/\\\/saiak.com\\\/files\\\/2011\\\/11\\\/A.-Pagoaga-Saiak-4.jpg\",\"width\":\"3504\",\"height\":\"2336\"},{\"@type\":\"BreadcrumbList\",\"@id\":\"https:\\\/\\\/saiak.com\\\/fr\\\/lassociation-saiak\\\/devenir-membre\\\/#breadcrumb\",\"itemListElement\":[{\"@type\":\"ListItem\",\"position\":1,\"name\":\"\",\"item\":\"https:\\\/\\\/saiak.com\\\/fr\\\/\"},{\"@type\":\"ListItem\",\"position\":2,\"name\":\"L&rsquo;association Saiak\",\"item\":\"https:\\\/\\\/saiak.com\\\/fr\\\/lassociation-saiak\\\/\"},{\"@type\":\"ListItem\",\"position\":3,\"name\":\"Devenir membre\"}]},{\"@type\":\"WebSite\",\"@id\":\"https:\\\/\\\/saiak.com\\\/eu\\\/#website\",\"url\":\"https:\\\/\\\/saiak.com\\\/eu\\\/\",\"name\":\"SAIAK\",\"description\":\"Euskal Herriko harraparien ikerketa eta zainketa | \u00c9tude et protection des rapaces en Pays Basque\",\"potentialAction\":[{\"@type\":\"SearchAction\",\"target\":{\"@type\":\"EntryPoint\",\"urlTemplate\":\"https:\\\/\\\/saiak.com\\\/eu\\\/?s={search_term_string}\"},\"query-input\":{\"@type\":\"PropertyValueSpecification\",\"valueRequired\":true,\"valueName\":\"search_term_string\"}}],\"inLanguage\":\"fr-FR\"}]}<\/script>\n<!-- \/ Yoast SEO plugin. -->","yoast_head_json":{"title":"Devenir membre &#060; SAIAK","robots":{"index":"index","follow":"follow","max-snippet":"max-snippet:-1","max-image-preview":"max-image-preview:large","max-video-preview":"max-video-preview:-1"},"canonical":"https:\/\/saiak.com\/fr\/lassociation-saiak\/devenir-membre\/","og_locale":"fr_FR","og_type":"article","og_title":"Devenir membre &#060; SAIAK","og_description":"Adh\u00e9rer \u00e0 Saiak c\u2019est participer \u00e0 la pr\u00e9servation du patrimoine naturel du Pays Basque en ayant l\u2019opportunit\u00e9 de mieux conna\u00eetre le monde fascinant des rapaces.","og_url":"https:\/\/saiak.com\/fr\/lassociation-saiak\/devenir-membre\/","og_site_name":"SAIAK","article_modified_time":"2019-08-20T18:15:24+00:00","og_image":[{"width":500,"height":333,"url":"https:\/\/saiak.com\/files\/2011\/11\/A.-Pagoaga-Saiak-4-500x333.jpg","type":"image\/jpeg"}],"twitter_misc":{"Dur\u00e9e de lecture estim\u00e9e":"1 minute"},"schema":{"@context":"https:\/\/schema.org","@graph":[{"@type":"WebPage","@id":"https:\/\/saiak.com\/fr\/lassociation-saiak\/devenir-membre\/","url":"https:\/\/saiak.com\/fr\/lassociation-saiak\/devenir-membre\/","name":"Devenir membre &#060; SAIAK","isPartOf":{"@id":"https:\/\/saiak.com\/eu\/#website"},"primaryImageOfPage":{"@id":"https:\/\/saiak.com\/fr\/lassociation-saiak\/devenir-membre\/#primaryimage"},"image":{"@id":"https:\/\/saiak.com\/fr\/lassociation-saiak\/devenir-membre\/#primaryimage"},"thumbnailUrl":"https:\/\/saiak.com\/files\/2011\/11\/A.-Pagoaga-Saiak-4.jpg","datePublished":"2011-11-20T14:47:18+00:00","dateModified":"2019-08-20T18:15:24+00:00","breadcrumb":{"@id":"https:\/\/saiak.com\/fr\/lassociation-saiak\/devenir-membre\/#breadcrumb"},"inLanguage":"fr-FR","potentialAction":[{"@type":"ReadAction","target":["https:\/\/saiak.com\/fr\/lassociation-saiak\/devenir-membre\/"]}]},{"@type":"ImageObject","inLanguage":"fr-FR","@id":"https:\/\/saiak.com\/fr\/lassociation-saiak\/devenir-membre\/#primaryimage","url":"https:\/\/saiak.com\/files\/2011\/11\/A.-Pagoaga-Saiak-4.jpg","contentUrl":"https:\/\/saiak.com\/files\/2011\/11\/A.-Pagoaga-Saiak-4.jpg","width":"3504","height":"2336"},{"@type":"BreadcrumbList","@id":"https:\/\/saiak.com\/fr\/lassociation-saiak\/devenir-membre\/#breadcrumb","itemListElement":[{"@type":"ListItem","position":1,"name":"","item":"https:\/\/saiak.com\/fr\/"},{"@type":"ListItem","position":2,"name":"L&rsquo;association Saiak","item":"https:\/\/saiak.com\/fr\/lassociation-saiak\/"},{"@type":"ListItem","position":3,"name":"Devenir membre"}]},{"@type":"WebSite","@id":"https:\/\/saiak.com\/eu\/#website","url":"https:\/\/saiak.com\/eu\/","name":"SAIAK","description":"Euskal Herriko harraparien ikerketa eta zainketa | \u00c9tude et protection des rapaces en Pays Basque","potentialAction":[{"@type":"SearchAction","target":{"@type":"EntryPoint","urlTemplate":"https:\/\/saiak.com\/eu\/?s={search_term_string}"},"query-input":{"@type":"PropertyValueSpecification","valueRequired":true,"valueName":"search_term_string"}}],"inLanguage":"fr-FR"}]}},"_links":{"self":[{"href":"https:\/\/saiak.com\/fr\/wp-json\/wp\/v2\/pages\/725\/"}],"collection":[{"href":"https:\/\/saiak.com\/fr\/wp-json\/wp\/v2\/pages\/"}],"about":[{"href":"https:\/\/saiak.com\/fr\/wp-json\/wp\/v2\/types\/page\/"}],"author":[{"embeddable":true,"href":"https:\/\/saiak.com\/fr\/wp-json\/wp\/v2\/users\/5\/"}],"replies":[{"embeddable":true,"href":"https:\/\/saiak.com\/fr\/wp-json\/wp\/v2\/comments\/?post=725"}],"version-history":[{"count":16,"href":"https:\/\/saiak.com\/fr\/wp-json\/wp\/v2\/pages\/725\/revisions\/"}],"predecessor-version":[{"id":3578,"href":"https:\/\/saiak.com\/fr\/wp-json\/wp\/v2\/pages\/725\/revisions\/3578\/"}],"up":[{"embeddable":true,"href":"https:\/\/saiak.com\/fr\/wp-json\/wp\/v2\/pages\/699\/"}],"wp:featuredmedia":[{"embeddable":true,"href":"https:\/\/saiak.com\/fr\/wp-json\/wp\/v2\/media\/796\/"}],"wp:attachment":[{"href":"https:\/\/saiak.com\/fr\/wp-json\/wp\/v2\/media\/?parent=725"}],"curies":[{"name":"wp","href":"https:\/\/api.w.org\/{rel}","templated":true}]}}