{"id":729,"date":"2011-11-22T19:25:46","date_gmt":"2011-11-22T19:25:46","guid":{"rendered":"https:\/\/saiak.com\/vautour-percnoptere\/"},"modified":"2020-11-12T19:13:54","modified_gmt":"2020-11-12T19:13:54","slug":"vautour-percnoptere","status":"publish","type":"page","link":"https:\/\/saiak.com\/fr\/especes-etudiees-par-saiak\/vautour-percnoptere\/","title":{"rendered":"Vautour percnopt\u00e8re"},"content":{"rendered":"<p>[et_pb_section fb_built=\u00a0\u00bb1&Prime; _builder_version=\u00a0\u00bb3.22&Prime; custom_padding=\u00a0\u00bb30px|0px|30px|0px|true|false\u00a0\u00bb][et_pb_row _builder_version=\u00a0\u00bb3.25&Prime; custom_padding=\u00a0\u00bb0|0px|27px|0px|false|false\u00a0\u00bb column_structure=\u00a0\u00bb3_4,1_4&Prime;][et_pb_column type=\u00a0\u00bb3_4&Prime; _builder_version=\u00a0\u00bb3.25&Prime; custom_padding=\u00a0\u00bb|||\u00a0\u00bb custom_padding__hover=\u00a0\u00bb|||\u00a0\u00bb][et_pb_text _builder_version=\u00a0\u00bb3.27.4&Prime; _dynamic_attributes=\u00a0\u00bbcontent\u00a0\u00bb text_font=\u00a0\u00bbAcme|300|||||||\u00a0\u00bb text_text_color=\u00a0\u00bb#00333f\u00a0\u00bb text_font_size=\u00a0\u00bb36px\u00a0\u00bb text_letter_spacing=\u00a0\u00bb2px\u00a0\u00bb header_font=\u00a0\u00bb||||||||\u00a0\u00bb header_text_color=\u00a0\u00bb#0c71c3&Prime; header_2_font=\u00a0\u00bb||||||||\u00a0\u00bb header_3_font=\u00a0\u00bb||||||||\u00a0\u00bb text_line_height_tablet=\u00a0\u00bb\u00a0\u00bb text_line_height_phone=\u00a0\u00bb\u00a0\u00bb text_line_height_last_edited=\u00a0\u00bbon|phone\u00a0\u00bb]Vautour percnopt\u00e8re[\/et_pb_text][et_pb_text _builder_version=\u00a0\u00bb3.27.4&Prime; _dynamic_attributes=\u00a0\u00bbcontent\u00a0\u00bb text_font=\u00a0\u00bb|600|||||||\u00a0\u00bb text_text_color=\u00a0\u00bb#00333f\u00a0\u00bb text_font_size=\u00a0\u00bb18px\u00a0\u00bb header_font=\u00a0\u00bb||||||||\u00a0\u00bb]Le Vautour percnopt\u00e8re r\u00e9side dans les vall\u00e9es pyr\u00e9n\u00e9ennes de mars \u00e0 septembre. Seul vautour europ\u00e9en \u00e0 \u00eatre r\u00e9ellement migrateur, le retour de ses quartiers d\u2019hivernage sah\u00e9liens, marque chez nous, l\u2019arriv\u00e9e du printemps.[\/et_pb_text][et_pb_image src=\u00a0\u00bbhttps:\/\/saiak.com\/files\/2019\/01\/mg_9245-pagoaga-1.jpg\u00a0\u00bb alt=\u00a0\u00bbVautour percnopt\u00e8re \u00a9 Alain Pagoaga\u00a0\u00bb title_text=\u00a0\u00bbVautour percnopt\u00e8re \u00a9 Alain Pagoaga\u00a0\u00bb align_tablet=\u00a0\u00bbcenter\u00a0\u00bb align_last_edited=\u00a0\u00bbon|desktop\u00a0\u00bb _builder_version=\u00a0\u00bb3.23&Prime;][\/et_pb_image][et_pb_text _builder_version=\u00a0\u00bb3.27.4&Prime; text_font=\u00a0\u00bb||||||||\u00a0\u00bb text_font_size=\u00a0\u00bb16px\u00a0\u00bb]<\/p>\n<p>Ce n\u2019est sans doute pas un hasard si les souletins \u2013 plus pr\u00e9cis\u00e9ment les habitants d\u2019Urdatx \/ Sainte-Engr\u00e2ce &#8211; l\u2019ont surnomm\u00e9 avec po\u00e9sie \u00ab Behi bideko emazte xuria \u00bb, \u00ab la dame blanche du chemin des vaches \u00bb, annonciatrice de la prochaine mont\u00e9e en estive du b\u00e9tail. Pour les observateurs de Saiak, cette expression t\u00e9moigne aussi d\u2019un comportement fr\u00e9quent du petit vautour blanc en recherche de nourriture sur les p\u00e2tures des bovins.<\/p>\n<p>Au Pays Basque depuis 1979, le nombre de couples de vautours percnopt\u00e8re a vari\u00e9 de 15 \u00e0 20. Actuellement il y a 15 couples reproducteurs sur le Pays Basque nord.<span style=\"font-size: 16px;\">\u00a0<\/span><\/p>\n<p>[\/et_pb_text][et_pb_tabs _builder_version=\u00a0\u00bb3.19.4&Prime;][et_pb_tab title=\u00a0\u00bbDescription\u00a0\u00bb _builder_version=\u00a0\u00bb3.19.4&Prime;]<\/p>\n<ul>\n<li>Taille : 0,55 m \/ 0,65 m (la longueur du bec au bout de la queue).<\/li>\n<li>Envergure : 1,63 m \/ 1,71 m.<\/li>\n<li>Poids : 1,6 kg \/ 2,8 kg (celui-ci varie en fonction des individus et de leur \u00e9tat physiologique).<\/li>\n<li>Long\u00e9vit\u00e9 : 20 \u00e0 30 ans.<\/li>\n<li>Maturit\u00e9 sexuelle : 5 \u00e0 6 ans.<\/li>\n<li>Dimorphisme : pas de dimorphisme sexuel mais le m\u00e2le est marqu\u00e9 en \u00e9t\u00e9, par une tache plus sombre sur la peau nue de la face.<\/li>\n<li>Migrateur : pour la migration pr\u00e9nuptiale, les premi\u00e8res apparitions au Pays Basque d\u00e9butent \u00e0 la mi-f\u00e9vrier ; pour la migration postnuptiale les derniers d\u00e9parts ont \u00e9t\u00e9 enregistr\u00e9s fin septembre.<\/li>\n<\/ul>\n<p>[\/et_pb_tab][et_pb_tab title=\u00a0\u00bbStatut de conservation\u00a0\u00bb _builder_version=\u00a0\u00bb3.19.4&Prime;]<\/p>\n<ul>\n<li>Protection au niveau national (loi de protection de la Nature juillet 1976 et arr\u00eat\u00e9 du 17 avril 1981).<\/li>\n<li>Annexe I de la Directive europ\u00e9enne \u00ab Oiseau \u00bb (n\u00b0 79\/409 du 6 avril 1979). Cette directive permet la d\u00e9signation de Zones de protection sp\u00e9ciales (ZPS) destin\u00e9es \u00e0 renforcer le r\u00e9seau Natura 2000.<\/li>\n<li>UICN : le Vautour percnopt\u00e8re est class\u00e9 dans la cat\u00e9gorie EN (En danger). Ce qui signifie un risque tr\u00e8s \u00e9lev\u00e9 d\u2019extinction. Son statut de conservation europ\u00e9en est d\u00e9favorable en France et pour la majorit\u00e9 de sa population mondiale.<\/li>\n<\/ul>\n<p>Voir aussi : <a href=\"https:\/\/www.ecologique-solidaire.gouv.fr\/sites\/default\/files\/PNA_Vautour-percnoptere_2015-2024.pdf\">Crit\u00e8res d\u2019identification du Vautour percnopt\u00e8re (Neophron percnopterus) en fonction de l\u2019\u00e2ge et des caract\u00e9ristiques du plumage<\/a>\u00a0<\/p>\n<p>[\/et_pb_tab][et_pb_tab title=\u00a0\u00bbReproduction\u00a0\u00bb _builder_version=\u00a0\u00bb3.19.4&Prime;]<\/p>\n<ul>\n<li>Parades nuptiales : \u00e0 partir de mars.<\/li>\n<li>Ponte : 1 \u00e0 3 \u0153ufs pondus \u00e0 3 &#8211; 4 jours d\u2019intervalle depuis fin mars \u00e0 d\u00e9but mai\u2026 pour les plus tardifs\u2026 Les pontes de remplacement sont tr\u00e8s rares.<\/li>\n<li>Incubation : 39 \u00e0 45 jours.<\/li>\n<li>Eclosion : fin mai, d\u00e9but juin.<\/li>\n<li>Elevage : entre 69 et 113 jours pour les 1 \u00e0 2 juv\u00e9niles.<\/li>\n<li>Envol des jeunes : durant le mois d\u2019ao\u00fbt mais des envols tardifs ont m\u00eame \u00e9t\u00e9 not\u00e9s fin septembre.<\/li>\n<\/ul>\n<p>[\/et_pb_tab][\/et_pb_tabs][et_pb_testimonial portrait_url=\u00a0\u00bbhttps:\/\/saiak.com\/files\/2019\/01\/per-dsc-0299-curutcharry-pagoaga.jpg\u00a0\u00bb quote_icon=\u00a0\u00bboff\u00a0\u00bb _builder_version=\u00a0\u00bb3.19.4&Prime; global_module=\u00a0\u00bb3847&Prime; saved_tabs=\u00a0\u00bball\u00a0\u00bb]<\/p>\n<h1>Les fiches de connaissance du Vautour percnopt\u00e8re<\/h1>\n<p>L&rsquo;association SAIAK a produit six fiches t\u00e9l\u00e9chargeables gratuitement au format PDF pour mieux conna\u00eetre, par exemple, l&#8217;empreinte culturelle, la biologie ou encore la migration du vautour percnopt\u00e8re. Avec un focus sp\u00e9cifique sur la pr\u00e9sence et le suivi de cette esp\u00e8ce en Pays Basque nord.<\/p>\n<ol>\n<li><a href=\"https:\/\/saiak.com\/files\/2020\/06\/vautour-percnoptere-saiak-1.pdf\">Sur les traces du Vautour percnopt\u00e8re au Pays Basque<\/a><\/li>\n<li><a href=\"https:\/\/saiak.com\/files\/2020\/06\/vautour-percnoptere-saiak-2.pdf\">Le Vautour percnopt\u00e8re au Pays Basque<\/a><\/li>\n<li><a href=\"https:\/\/saiak.com\/files\/2020\/06\/vautour-percnoptere-saiak-3.pdf\">Les dortoirs : t\u00e9moignages de la sociabilit\u00e9 des Vautours percnopt\u00e8res<\/a><\/li>\n<li><a href=\"https:\/\/saiak.com\/files\/2020\/06\/vautour-percnoptere-saiak-4.pdf\">La migration du Vautour percnopt\u00e8re : deux voyages dangereux<\/a><\/li>\n<li><a href=\"https:\/\/saiak.com\/files\/2020\/06\/vautour-percnoptere-saiak-5.pdf\">La migration du Vautour percnopt\u00e8re, menaces lors de l\u2019hivernage<\/a><\/li>\n<li><a href=\"https:\/\/saiak.com\/files\/2020\/06\/vautour-percnoptere-saiak-6.pdf\">Le premier hivernage d\u2019Errobi, jeune Vautour percnopt\u00e8re : premi\u00e8re migration vers l\u2019Afrique\u2026<\/a><\/li>\n<\/ol>\n<p>Consultez \u00e9galement <a href=\"https:\/\/www.saiak.com\/fr\/documents\/\">les newsletters de SAIAK<\/a> afin de suivre l&rsquo;actualit\u00e9 sp\u00e9cifique du suivi de cette esp\u00e8ce.<\/p>\n<p>[\/et_pb_testimonial][et_pb_testimonial portrait_url=\u00a0\u00bbhttps:\/\/saiak.com\/files\/2019\/01\/per-dsc-0314-curutcharry-1.jpg\u00a0\u00bb quote_icon=\u00a0\u00bboff\u00a0\u00bb _builder_version=\u00a0\u00bb3.19.4&Prime;]<\/p>\n<h1><a href=\"https:\/\/saiak.com\/fr\/suivi-telemetrique-des-vautours-percnopteres-des-dortoirs-du-pays-basque\/\">Suivi t\u00e9l\u00e9m\u00e9trique des vautours percnopt\u00e8res des dortoirs du Pays Basque<\/a><\/h1>\n<p>Le Suivi t\u00e9l\u00e9m\u00e9trique des vautours percnopt\u00e8res des dortoirs du Pays Basque est un projet qui a \u00e9t\u00e9 pr\u00e9sent\u00e9 par Saiak le 13 d\u00e9cembre 2017 au Comit\u00e9 de programmation Leader Montagne basque. Notre projet comporte un triple objectif d\u00e9ploy\u00e9 sur 3 ann\u00e9es : scientifique (am\u00e9liorer la connaissance de la biologie d\u2019une esp\u00e8ce encore peu connue), de conservation (contribuer \u00e0 am\u00e9liorer sa protection), de partage de connaissance et de sensibilisation.<br \/> <a href=\"https:\/\/saiak.com\/fr\/suivi-telemetrique-des-vautours-percnopteres-des-dortoirs-du-pays-basque\/\">En savoir plus<\/a><\/p>\n<p>[\/et_pb_testimonial][et_pb_text _builder_version=\u00a0\u00bb3.27.4&Prime; text_font=\u00a0\u00bbAcme||||||||\u00a0\u00bb text_font_size=\u00a0\u00bb22px\u00a0\u00bb header_font=\u00a0\u00bbAcme||||||||\u00a0\u00bb header_2_font=\u00a0\u00bb||||||||\u00a0\u00bb custom_margin=\u00a0\u00bb||\u00a0\u00bb custom_padding=\u00a0\u00bb0px||\u00a0\u00bb saved_tabs=\u00a0\u00bball\u00a0\u00bb]<\/p>\n<p>Vid\u00e9o (digiscopie)<\/p>\n<p>[\/et_pb_text][et_pb_video src=\u00a0\u00bbhttps:\/\/vimeo.com\/365318116&Prime; image_src=\u00a0\u00bb\/\/i.vimeocdn.com\/video\/821018414_960.jpg\u00a0\u00bb _builder_version=\u00a0\u00bb3.19.4&Prime;][\/et_pb_video][et_pb_text _builder_version=\u00a0\u00bb3.27.4&Prime; text_font=\u00a0\u00bbAcme||||||||\u00a0\u00bb text_font_size=\u00a0\u00bb22px\u00a0\u00bb header_font=\u00a0\u00bbAcme||||||||\u00a0\u00bb header_2_font=\u00a0\u00bb||||||||\u00a0\u00bb custom_margin=\u00a0\u00bb||\u00a0\u00bb custom_padding=\u00a0\u00bb20px||\u00a0\u00bb saved_tabs=\u00a0\u00bball\u00a0\u00bb]Photographies[\/et_pb_text][et_pb_gallery gallery_ids=\u00a0\u00bb2915,2913,2911,2909,2907,2905,2903,2901,2899,2897,2771,2571,2569,2779,2775,2593,2579,2559&Prime; posts_number=\u00a0\u00bb22&Prime; show_title_and_caption=\u00a0\u00bboff\u00a0\u00bb show_pagination=\u00a0\u00bboff\u00a0\u00bb zoom_icon_color=\u00a0\u00bb#ffffff\u00a0\u00bb hover_overlay_color=\u00a0\u00bbrgba(0,0,0,0)\u00a0\u00bb hover_icon=\u00a0\u00bb%%51%%\u00a0\u00bb _builder_version=\u00a0\u00bb3.19&Prime; max_width=\u00a0\u00bb100%\u00a0\u00bb global_module=\u00a0\u00bb1145&Prime; saved_tabs=\u00a0\u00bball\u00a0\u00bb][\/et_pb_gallery][\/et_pb_column][et_pb_column type=\u00a0\u00bb1_4&Prime; _builder_version=\u00a0\u00bb3.25&Prime; custom_padding=\u00a0\u00bb|||\u00a0\u00bb custom_padding__hover=\u00a0\u00bb|||\u00a0\u00bb][et_pb_text _builder_version=\u00a0\u00bb3.27.4&Prime;]<\/p>\n<h2>Fiche d\u2019identit\u00e9<\/h2>\n<p><strong>Nom scientifique :<\/strong> Neophron percnopterus (Neophron \/ vautour et perknos \/ tach\u00e9 de noir et pter \/aile)<br \/> <strong>Euskara :<\/strong> Sai zuria \u2013 Zuberera (Urdatx) : Behi bideko emazte xuria<br \/> <strong>Fran\u00e7ais :<\/strong> Vautour percnopt\u00e8re ou Percnopt\u00e8re d\u2019\u00c9gypte ou Vautour d\u2019\u00c9gypte<br \/> <strong>Espagnol :<\/strong> Alimoche<br \/> <strong>Anglais :<\/strong> Egyptian vulture<\/p>\n<p><strong>Embranchement :<\/strong> Vert\u00e9br\u00e9s<br \/> <strong>Classe :<\/strong> Oiseaux<br \/> <strong>Ordre :<\/strong> Accipitriformes<br \/> <strong>Famille :<\/strong> Accipitridae<br \/> <strong>Genre :<\/strong> Neophr<br \/> <strong>Esp\u00e8ce :<\/strong> Percnopterus<\/p>\n<p><strong>Statut :<\/strong>\u00a0Esp\u00e8ce prot\u00e9g\u00e9e. Class\u00e9e \u00ab En danger \u00bb d\u2019extinction sur la liste rouge <a href=\"https:\/\/uicn.fr\/liste-rouge-france\/\">de l\u2019UICN<\/a>.<\/p>\n<h4>Il existe 3 sous-esp\u00e8ces<\/h4>\n<p><em>Neophron percnopterus percnopterus<\/em> est la sous-esp\u00e8ce que nous connaissons qui vit dans le Pal\u00e9arctique occidental.<br \/> <em>Neophron percnopterus ginginianus<\/em> occupe le continent asiatique sauf le nord-ouest et le N\u00e9pal. Il est de moindre taille avec un bec plus jaune que la sous-esp\u00e8ce pr\u00e9c\u00e9dente.<br \/> <em>Neophron percnopterus majorensis<\/em> est pr\u00e9sente dans l\u2019archipel des Canaries.<\/p>\n<p>&nbsp;<\/p>\n<p>[\/et_pb_text][\/et_pb_column][\/et_pb_row][\/et_pb_section]<\/p>\n","protected":false},"excerpt":{"rendered":"<p>Migrateur, le Vautour percnopt\u00e8re hiverne du mois d\u2019octobre \u00e0 f\u00e9vrier, en Afrique tropicale. Son retour dans les vall\u00e9es pyr\u00e9n\u00e9ennes marque le retour du Printemps. Ce n\u2019est donc pas un hasard si les souletins l\u2019ont surnomm\u00e9 \u00ab Behi bideko emazte xuria \u00bb, \u00ab La dame blanche du chemin des vaches \u00bb, annonciatrice du temps de l\u2019estive pour le b\u00e9tail.<\/p>\n","protected":false},"author":5,"featured_media":854,"parent":703,"menu_order":4,"comment_status":"closed","ping_status":"closed","template":"","meta":{"_et_pb_use_builder":"on","_et_pb_old_content":"<strong>Sai zuria Europako sairik ttipiena da. Osoki iragailea da ; Afrika tropikalean negutzen du, urritik otsailera. Zuberoako basaburuko artzainek \u00ab Behi bidetako emazte xuria \u00bb izen goitia emana diote. Izan ere tokiko laborarientzat azken elurteen eta neguko bukaeraren iragarlea da aspaldidanik.<\/strong>\r\n\r\nOndorioz sai zuria mendian agertzen zenean behiak borturako bidean ematen ahal omen ziren. Txomin Peillen etnologoak \u201cemazte xuria\u201d izendatzea \u201cMari\u201d euskaldunen jainkotsaren itxuraldaketa batekin lotzen du. Horrek azalduko luke duela gutti arte bertako biztanleek xori horrentzat \u2013 eta beste harrapari nekrofagoentzat - zuten errespetua.\r\n\r\nUdan, sai zuria han edo hemen bildu anitz porroskaz asetzen da (hilotzak, erditze hondarrak, insekto ttipiak, kakak...). Haratustel bati lotzen denean, bere moko finari esker beste harrapariek bildu ahal ez dituzten guziak garbitzen ditu.\r\n\r\nPirinioetan ez bada horrelakorik ikusi ere, hasteko Afrikan frogatu izan da harriak botatzen ahal dituela ostruken bezalako arraultzen hausteko eta haietaz elikatzeko. Tresna batez baliatzen ahal den txori arraroen taldean sartzen da ondorioz.\r\n\r\n<object width=\"420\" height=\"365\" classid=\"clsid:d27cdb6e-ae6d-11cf-96b8-444553540000\" codebase=\"http:\/\/download.macromedia.com\/pub\/shockwave\/cabs\/flash\/swflash.cab#version=6,0,40,0\"><param name=\"src\" value=\"http:\/\/www.dailymotion.com\/swf\/k1Mz1fGyKXnwwcGRM8&amp;related=0\"><param name=\"allowfullscreen\" value=\"true\"><param name=\"allowscriptaccess\" value=\"always\"><embed width=\"420\" height=\"365\" type=\"application\/x-shockwave-flash\" src=\"http:\/\/www.dailymotion.com\/swf\/k1Mz1fGyKXnwwcGRM8&amp;related=0\" allowfullscreen=\"allowfullscreen\" allowscriptaccess=\"always\"><\/object>\r\nSai zuria kafiran - Iturria: Pyr\u00e9n\u00e9es vivantes - La falaise aux Vautours (Aste-B\u00e9on)\r\n\r\nFrantzian, sai mota hau bakandua da. Gaur egun, 67 bikote zenbatuak dira Frantziako hegoaldean (Pirinioetan eta Proventza eskualdean), hauen erdia baino gehiago Pirineo Atlantiarretako departamenduan dagoelarik.\r\n\r\nBiziki arraroa eta tokiko artzaingoari lotua, espezie hau hurbiletik segitua da eta Frantziak kudeatzen duen populazioen arraberritze planean sartzen da.\r\n<h2>Nortasun agiria<\/h2>\r\n<strong>Izen zientifikoa:<\/strong>&nbsp;Neophron percnopterus\r\n<strong>Euskara:<\/strong>&nbsp;Sai zuria\r\n<strong>Frantsesa:<\/strong>&nbsp;Percnopt\u00e8re d\u2019Egypte\r\n<strong>Gaztelera:<\/strong>&nbsp;Alimoche\r\n<strong>Inglesa:<\/strong>&nbsp;Egyptian vulture\r\n\r\n<strong>Handitasuna:&nbsp;<\/strong>55 \u2013 65 cm\r\n<strong>Hego-luzera:<\/strong>&nbsp;1m55 \u2013 1m80\r\n<strong>Pisua:<\/strong>&nbsp;1,6 \u2013 2,4 kg\r\n\r\n<strong>Kontserbazio egoera:<\/strong>&nbsp;Babestua den espeziea. Frantziako zerrenda gorrian xori iraungaitzen eta zaintzekoen artean agertzen da.\r\n<h2>Xehetasunak<\/h2>\r\n<ul>\r\n \t<li><a href=\"http:\/\/www.pourdespyreneesvivantes.fr\/\" target=\"_self\">http:\/\/www.pourdespyreneesvivantes.fr<\/a><\/li>\r\n \t<li><a href=\"http:\/\/www.euskalnatura.net\/index.php?option=com_content&amp;task=view&amp;id=684&amp;Itemid=1\" target=\"_self\">http:\/\/www.euskalnatura.net<\/a><\/li>\r\n \t<li><a href=\"http:\/\/percnoptere.lpo.fr\/\" target=\"_self\">http:\/\/percnoptere.lpo.fr<\/a><\/li>\r\n<\/ul>","_et_gb_content_width":"","ngg_post_thumbnail":0,"footnotes":""},"class_list":["post-729","page","type-page","status-publish","has-post-thumbnail","hentry"],"yoast_head":"<!-- This site is optimized with the Yoast SEO plugin v27.4 - https:\/\/yoast.com\/product\/yoast-seo-wordpress\/ -->\n<title>Vautour percnopt\u00e8re &#060; SAIAK<\/title>\n<meta name=\"robots\" content=\"index, follow, max-snippet:-1, max-image-preview:large, max-video-preview:-1\" \/>\n<link rel=\"canonical\" href=\"https:\/\/saiak.com\/fr\/especes-etudiees-par-saiak\/vautour-percnoptere\/\" \/>\n<meta property=\"og:locale\" content=\"fr_FR\" \/>\n<meta property=\"og:type\" content=\"article\" \/>\n<meta property=\"og:title\" content=\"Vautour percnopt\u00e8re &#060; SAIAK\" \/>\n<meta property=\"og:description\" content=\"Migrateur, le Vautour percnopt\u00e8re hiverne du mois d\u2019octobre \u00e0 f\u00e9vrier, en Afrique tropicale. Son retour dans les vall\u00e9es pyr\u00e9n\u00e9ennes marque le retour du Printemps. Ce n\u2019est donc pas un hasard si les souletins l\u2019ont surnomm\u00e9 \u00ab Behi bideko emazte xuria \u00bb, \u00ab La dame blanche du chemin des vaches \u00bb, annonciatrice du temps de l\u2019estive pour le b\u00e9tail.\" \/>\n<meta property=\"og:url\" content=\"https:\/\/saiak.com\/fr\/especes-etudiees-par-saiak\/vautour-percnoptere\/\" \/>\n<meta property=\"og:site_name\" content=\"SAIAK\" \/>\n<meta property=\"article:modified_time\" content=\"2020-11-12T19:13:54+00:00\" \/>\n<meta property=\"og:image\" content=\"https:\/\/saiak.com\/files\/2012\/07\/perc5.jpg\" \/>\n\t<meta property=\"og:image:width\" content=\"1726\" \/>\n\t<meta property=\"og:image:height\" content=\"1181\" \/>\n\t<meta property=\"og:image:type\" content=\"image\/jpeg\" \/>\n<meta name=\"twitter:label1\" content=\"Dur\u00e9e de lecture estim\u00e9e\" \/>\n\t<meta name=\"twitter:data1\" content=\"6 minutes\" \/>\n<script type=\"application\/ld+json\" class=\"yoast-schema-graph\">{\"@context\":\"https:\\\/\\\/schema.org\",\"@graph\":[{\"@type\":\"WebPage\",\"@id\":\"https:\\\/\\\/saiak.com\\\/fr\\\/especes-etudiees-par-saiak\\\/vautour-percnoptere\\\/\",\"url\":\"https:\\\/\\\/saiak.com\\\/fr\\\/especes-etudiees-par-saiak\\\/vautour-percnoptere\\\/\",\"name\":\"Vautour percnopt\u00e8re &#060; SAIAK\",\"isPartOf\":{\"@id\":\"https:\\\/\\\/saiak.com\\\/eu\\\/#website\"},\"primaryImageOfPage\":{\"@id\":\"https:\\\/\\\/saiak.com\\\/fr\\\/especes-etudiees-par-saiak\\\/vautour-percnoptere\\\/#primaryimage\"},\"image\":{\"@id\":\"https:\\\/\\\/saiak.com\\\/fr\\\/especes-etudiees-par-saiak\\\/vautour-percnoptere\\\/#primaryimage\"},\"thumbnailUrl\":\"https:\\\/\\\/saiak.com\\\/files\\\/2012\\\/07\\\/perc5.jpg\",\"datePublished\":\"2011-11-22T19:25:46+00:00\",\"dateModified\":\"2020-11-12T19:13:54+00:00\",\"breadcrumb\":{\"@id\":\"https:\\\/\\\/saiak.com\\\/fr\\\/especes-etudiees-par-saiak\\\/vautour-percnoptere\\\/#breadcrumb\"},\"inLanguage\":\"fr-FR\",\"potentialAction\":[{\"@type\":\"ReadAction\",\"target\":[\"https:\\\/\\\/saiak.com\\\/fr\\\/especes-etudiees-par-saiak\\\/vautour-percnoptere\\\/\"]}]},{\"@type\":\"ImageObject\",\"inLanguage\":\"fr-FR\",\"@id\":\"https:\\\/\\\/saiak.com\\\/fr\\\/especes-etudiees-par-saiak\\\/vautour-percnoptere\\\/#primaryimage\",\"url\":\"https:\\\/\\\/saiak.com\\\/files\\\/2012\\\/07\\\/perc5.jpg\",\"contentUrl\":\"https:\\\/\\\/saiak.com\\\/files\\\/2012\\\/07\\\/perc5.jpg\",\"width\":\"1726\",\"height\":\"1181\"},{\"@type\":\"BreadcrumbList\",\"@id\":\"https:\\\/\\\/saiak.com\\\/fr\\\/especes-etudiees-par-saiak\\\/vautour-percnoptere\\\/#breadcrumb\",\"itemListElement\":[{\"@type\":\"ListItem\",\"position\":1,\"name\":\"\",\"item\":\"https:\\\/\\\/saiak.com\\\/fr\\\/\"},{\"@type\":\"ListItem\",\"position\":2,\"name\":\"Esp\u00e8ces \u00e9tudi\u00e9es par Saiak\",\"item\":\"https:\\\/\\\/saiak.com\\\/fr\\\/especes-etudiees-par-saiak\\\/\"},{\"@type\":\"ListItem\",\"position\":3,\"name\":\"Vautour percnopt\u00e8re\"}]},{\"@type\":\"WebSite\",\"@id\":\"https:\\\/\\\/saiak.com\\\/eu\\\/#website\",\"url\":\"https:\\\/\\\/saiak.com\\\/eu\\\/\",\"name\":\"SAIAK\",\"description\":\"Euskal Herriko harraparien ikerketa eta zainketa | \u00c9tude et protection des rapaces en Pays Basque\",\"potentialAction\":[{\"@type\":\"SearchAction\",\"target\":{\"@type\":\"EntryPoint\",\"urlTemplate\":\"https:\\\/\\\/saiak.com\\\/eu\\\/?s={search_term_string}\"},\"query-input\":{\"@type\":\"PropertyValueSpecification\",\"valueRequired\":true,\"valueName\":\"search_term_string\"}}],\"inLanguage\":\"fr-FR\"}]}<\/script>\n<!-- \/ Yoast SEO plugin. -->","yoast_head_json":{"title":"Vautour percnopt\u00e8re &#060; SAIAK","robots":{"index":"index","follow":"follow","max-snippet":"max-snippet:-1","max-image-preview":"max-image-preview:large","max-video-preview":"max-video-preview:-1"},"canonical":"https:\/\/saiak.com\/fr\/especes-etudiees-par-saiak\/vautour-percnoptere\/","og_locale":"fr_FR","og_type":"article","og_title":"Vautour percnopt\u00e8re &#060; SAIAK","og_description":"Migrateur, le Vautour percnopt\u00e8re hiverne du mois d\u2019octobre \u00e0 f\u00e9vrier, en Afrique tropicale. Son retour dans les vall\u00e9es pyr\u00e9n\u00e9ennes marque le retour du Printemps. Ce n\u2019est donc pas un hasard si les souletins l\u2019ont surnomm\u00e9 \u00ab Behi bideko emazte xuria \u00bb, \u00ab La dame blanche du chemin des vaches \u00bb, annonciatrice du temps de l\u2019estive pour le b\u00e9tail.","og_url":"https:\/\/saiak.com\/fr\/especes-etudiees-par-saiak\/vautour-percnoptere\/","og_site_name":"SAIAK","article_modified_time":"2020-11-12T19:13:54+00:00","og_image":[{"width":1726,"height":1181,"url":"https:\/\/saiak.com\/files\/2012\/07\/perc5.jpg","type":"image\/jpeg"}],"twitter_misc":{"Dur\u00e9e de lecture estim\u00e9e":"6 minutes"},"schema":{"@context":"https:\/\/schema.org","@graph":[{"@type":"WebPage","@id":"https:\/\/saiak.com\/fr\/especes-etudiees-par-saiak\/vautour-percnoptere\/","url":"https:\/\/saiak.com\/fr\/especes-etudiees-par-saiak\/vautour-percnoptere\/","name":"Vautour percnopt\u00e8re &#060; SAIAK","isPartOf":{"@id":"https:\/\/saiak.com\/eu\/#website"},"primaryImageOfPage":{"@id":"https:\/\/saiak.com\/fr\/especes-etudiees-par-saiak\/vautour-percnoptere\/#primaryimage"},"image":{"@id":"https:\/\/saiak.com\/fr\/especes-etudiees-par-saiak\/vautour-percnoptere\/#primaryimage"},"thumbnailUrl":"https:\/\/saiak.com\/files\/2012\/07\/perc5.jpg","datePublished":"2011-11-22T19:25:46+00:00","dateModified":"2020-11-12T19:13:54+00:00","breadcrumb":{"@id":"https:\/\/saiak.com\/fr\/especes-etudiees-par-saiak\/vautour-percnoptere\/#breadcrumb"},"inLanguage":"fr-FR","potentialAction":[{"@type":"ReadAction","target":["https:\/\/saiak.com\/fr\/especes-etudiees-par-saiak\/vautour-percnoptere\/"]}]},{"@type":"ImageObject","inLanguage":"fr-FR","@id":"https:\/\/saiak.com\/fr\/especes-etudiees-par-saiak\/vautour-percnoptere\/#primaryimage","url":"https:\/\/saiak.com\/files\/2012\/07\/perc5.jpg","contentUrl":"https:\/\/saiak.com\/files\/2012\/07\/perc5.jpg","width":"1726","height":"1181"},{"@type":"BreadcrumbList","@id":"https:\/\/saiak.com\/fr\/especes-etudiees-par-saiak\/vautour-percnoptere\/#breadcrumb","itemListElement":[{"@type":"ListItem","position":1,"name":"","item":"https:\/\/saiak.com\/fr\/"},{"@type":"ListItem","position":2,"name":"Esp\u00e8ces \u00e9tudi\u00e9es par Saiak","item":"https:\/\/saiak.com\/fr\/especes-etudiees-par-saiak\/"},{"@type":"ListItem","position":3,"name":"Vautour percnopt\u00e8re"}]},{"@type":"WebSite","@id":"https:\/\/saiak.com\/eu\/#website","url":"https:\/\/saiak.com\/eu\/","name":"SAIAK","description":"Euskal Herriko harraparien ikerketa eta zainketa | \u00c9tude et protection des rapaces en Pays Basque","potentialAction":[{"@type":"SearchAction","target":{"@type":"EntryPoint","urlTemplate":"https:\/\/saiak.com\/eu\/?s={search_term_string}"},"query-input":{"@type":"PropertyValueSpecification","valueRequired":true,"valueName":"search_term_string"}}],"inLanguage":"fr-FR"}]}},"_links":{"self":[{"href":"https:\/\/saiak.com\/fr\/wp-json\/wp\/v2\/pages\/729\/"}],"collection":[{"href":"https:\/\/saiak.com\/fr\/wp-json\/wp\/v2\/pages\/"}],"about":[{"href":"https:\/\/saiak.com\/fr\/wp-json\/wp\/v2\/types\/page\/"}],"author":[{"embeddable":true,"href":"https:\/\/saiak.com\/fr\/wp-json\/wp\/v2\/users\/5\/"}],"replies":[{"embeddable":true,"href":"https:\/\/saiak.com\/fr\/wp-json\/wp\/v2\/comments\/?post=729"}],"version-history":[{"count":22,"href":"https:\/\/saiak.com\/fr\/wp-json\/wp\/v2\/pages\/729\/revisions\/"}],"predecessor-version":[{"id":3876,"href":"https:\/\/saiak.com\/fr\/wp-json\/wp\/v2\/pages\/729\/revisions\/3876\/"}],"up":[{"embeddable":true,"href":"https:\/\/saiak.com\/fr\/wp-json\/wp\/v2\/pages\/703\/"}],"wp:featuredmedia":[{"embeddable":true,"href":"https:\/\/saiak.com\/fr\/wp-json\/wp\/v2\/media\/854\/"}],"wp:attachment":[{"href":"https:\/\/saiak.com\/fr\/wp-json\/wp\/v2\/media\/?parent=729"}],"curies":[{"name":"wp","href":"https:\/\/api.w.org\/{rel}","templated":true}]}}