{"id":731,"date":"2011-11-22T19:35:00","date_gmt":"2011-11-22T19:35:00","guid":{"rendered":"https:\/\/saiak.com\/milan-royal\/"},"modified":"2020-01-03T19:34:17","modified_gmt":"2020-01-03T19:34:17","slug":"milan-royal","status":"publish","type":"page","link":"https:\/\/saiak.com\/fr\/especes-etudiees-par-saiak\/milan-royal\/","title":{"rendered":"Milan royal"},"content":{"rendered":"<p>[et_pb_section fb_built=\u00a0\u00bb1&Prime; _builder_version=\u00a0\u00bb3.19&Prime; custom_padding=\u00a0\u00bb30px|0px|30px|0px|true|false\u00a0\u00bb][et_pb_row custom_padding=\u00a0\u00bb0|0px|27px|0px|false|false\u00a0\u00bb _builder_version=\u00a0\u00bb3.19&Prime;][et_pb_column type=\u00a0\u00bb3_4&Prime; _builder_version=\u00a0\u00bb3.19&Prime; parallax=\u00a0\u00bboff\u00a0\u00bb parallax_method=\u00a0\u00bbon\u00a0\u00bb][et_pb_text _builder_version=\u00a0\u00bb3.19&Prime; _dynamic_attributes=\u00a0\u00bbcontent\u00a0\u00bb text_font=\u00a0\u00bbAcme|300|||||||\u00a0\u00bb text_text_color=\u00a0\u00bb#00333f\u00a0\u00bb text_font_size=\u00a0\u00bb36px\u00a0\u00bb text_letter_spacing=\u00a0\u00bb2px\u00a0\u00bb text_line_height_last_edited=\u00a0\u00bbon|phone\u00a0\u00bb header_font=\u00a0\u00bb||||||||\u00a0\u00bb header_text_color=\u00a0\u00bb#0c71c3&Prime; header_2_font=\u00a0\u00bb||||||||\u00a0\u00bb header_3_font=\u00a0\u00bb||||||||\u00a0\u00bb]Milan royal[\/et_pb_text][et_pb_text _builder_version=\u00a0\u00bb3.19&Prime; _dynamic_attributes=\u00a0\u00bbcontent\u00a0\u00bb text_font=\u00a0\u00bb|600|||||||\u00a0\u00bb text_text_color=\u00a0\u00bb#00333f\u00a0\u00bb text_font_size=\u00a0\u00bb18px\u00a0\u00bb header_font=\u00a0\u00bb||||||||\u00a0\u00bb]Le milan royal est une esp\u00e8ce exclusivement europ\u00e9enne et un migrateur partiel : une partie seulement de ses effectifs nicheurs se d\u00e9placent en automne sur des zones d\u2019hivernage et retourne au printemps. Ainsi, les Pyr\u00e9n\u00e9es sont un lieu de passage des populations nichant au centre et au nord de l\u2019Europe.[\/et_pb_text][et_pb_image src=\u00a0\u00bbhttps:\/\/saiak.com\/files\/2019\/01\/img_0779-pagoaga-1.jpg\u00a0\u00bb alt=\u00a0\u00bbMilan royal \u00a9 Alain Pagoaga\u00a0\u00bb title_text=\u00a0\u00bbMilan royal \u00a9 Alain Pagoaga\u00a0\u00bb _builder_version=\u00a0\u00bb3.19.4&Prime;][\/et_pb_image][et_pb_text _builder_version=\u00a0\u00bb3.19.4&Prime; text_font=\u00a0\u00bb||||||||\u00a0\u00bb text_font_size=\u00a0\u00bb16px\u00a0\u00bb]De fin septembre \u00e0 d\u00e9but novembre c\u2019est en moyenne 5000 individus en migration qui sont comptabilis\u00e9s sur les cols basques. Des milliers d\u2019oiseaux hivernent aussi dans le pi\u00e9mont basque en constituant le soir venu de v\u00e9ritables dortoirs pouvant rassembler pr\u00e8s de 300 individus. La majeure partie de la population europ\u00e9enne hiverne en Espagne ou plus de 60000 individus ont \u00e9t\u00e9 d\u00e9nombr\u00e9s.<\/p>\n<p>Le milan royal est une esp\u00e8ce tr\u00e8s opportuniste et de surcro\u00eet charognard. Sa capacit\u00e9 \u00e0 grappiller les restes de repas des vautours fauves n\u2019a d\u2019\u00e9gale que la beaut\u00e9 de son plumage et la virtuosit\u00e9 de son vol. Il tire parti de tout ce qui est \u00e0 port\u00e9e de bec : vers de terre, petits rongeurs, d\u00e9chets en tout genre\u2026<\/p>\n<p>La population nicheuse du pi\u00e9mont pyr\u00e9n\u00e9en n\u2019est estim\u00e9e qu\u2019\u00e0 une centaine de couples.<\/p>\n<p>Alors qu\u2019elle \u00e9tait consid\u00e9r\u00e9e comme une esp\u00e8ce commune, depuis quelques ann\u00e9es, une baisse tr\u00e8s importante des effectifs a \u00e9t\u00e9 not\u00e9e, principalement dans le nord de la France. La baisse importante des effectifs fran\u00e7ais et europ\u00e9ens est due globalement, \u00e0 la modification des pratiques et des milieux agricoles. Cette tendance alarmante a motiv\u00e9 la mise en oeuvre d\u2019un plan national de restauration de l\u2019esp\u00e8ce.[\/et_pb_text][et_pb_text _builder_version=\u00a0\u00bb3.19.4&Prime; text_font=\u00a0\u00bbAcme||||||||\u00a0\u00bb text_font_size=\u00a0\u00bb22px\u00a0\u00bb header_font=\u00a0\u00bbAcme||||||||\u00a0\u00bb header_2_font=\u00a0\u00bb||||||||\u00a0\u00bb custom_margin=\u00a0\u00bb||\u00a0\u00bb custom_padding=\u00a0\u00bb20px||\u00a0\u00bb saved_tabs=\u00a0\u00bball\u00a0\u00bb]Photographies[\/et_pb_text][et_pb_gallery gallery_ids=\u00a0\u00bb2759,2751,2735,2733,2607,2583,2601,2447,2445,2453&Prime; posts_number=\u00a0\u00bb14&Prime; show_title_and_caption=\u00a0\u00bboff\u00a0\u00bb show_pagination=\u00a0\u00bboff\u00a0\u00bb zoom_icon_color=\u00a0\u00bb#ffffff\u00a0\u00bb hover_overlay_color=\u00a0\u00bbrgba(0,0,0,0)\u00a0\u00bb hover_icon=\u00a0\u00bb%%51%%\u00a0\u00bb _builder_version=\u00a0\u00bb3.19.4&Prime; global_module=\u00a0\u00bb1145&Prime; saved_tabs=\u00a0\u00bball\u00a0\u00bb][\/et_pb_gallery][\/et_pb_column][et_pb_column type=\u00a0\u00bb1_4&Prime; _builder_version=\u00a0\u00bb3.19&Prime; parallax=\u00a0\u00bboff\u00a0\u00bb parallax_method=\u00a0\u00bbon\u00a0\u00bb][et_pb_text _builder_version=\u00a0\u00bb3.19.4&Prime;]<\/p>\n<h2>Fiche d\u2019identit\u00e9<\/h2>\n<p><strong>Nom scientifique :<\/strong>&nbsp;Milvus milvus<br \/>\n<strong>Euskara :<\/strong>&nbsp;Miru gorria<br \/>\n<strong>Fran\u00e7ais :&nbsp;<\/strong>Milan royal<br \/>\n<strong>Espagnol :<\/strong>&nbsp;Milano real<br \/>\n<strong>Anglais :<\/strong>&nbsp;Red kite<\/p>\n<p><strong>Taille :<\/strong>&nbsp;59 \u2013 66 cm<br \/>\n<strong>Envergure :&nbsp;<\/strong>175 \u2013 195 cm<br \/>\n<strong>Poids :<\/strong>&nbsp;0,8 \u2013 1,25 kg<\/p>\n<p><strong>Statut :<\/strong>&nbsp;Esp\u00e8ce prot\u00e9g\u00e9e. L\u2019esp\u00e8ce ne figurait pas jusqu\u2019\u00e0 pr\u00e9sent sur la liste rouge des esp\u00e8ces menac\u00e9es en France mais ce classement est en r\u00e9vision compte-tenu de la baisse importante de ses effectifs.[\/et_pb_text][\/et_pb_column][\/et_pb_row][\/et_pb_section]<\/p>\n","protected":false},"excerpt":{"rendered":"<p>Le milan royal est une esp\u00e8ce exclusivement europ\u00e9enne et un migrateur partiel : une partie seulement de ses effectifs nicheurs se d\u00e9placent en automne sur des zones d\u2019hivernage et retourne au printemps. Ainsi, les Pyr\u00e9n\u00e9es sont un lieu de passage des populations nichant au centre et au nord de l\u2019Europe.<\/p>\n","protected":false},"author":5,"featured_media":840,"parent":703,"menu_order":5,"comment_status":"closed","ping_status":"closed","template":"","meta":{"_et_pb_use_builder":"on","_et_pb_old_content":"<strong>Miru gorria lapurra da. Sai-arreen apairuen hondarrak biltzeko duen gaitasuna miresgarria da. Bere lumen itxura eta hegan egiteko errextasuna bezain miresgarria. Mokoz harrapa dezazken guziak bereganatzen ditu: xixariak, horzkari ttipiak, hondarkin mota asko...<\/strong>\r\n\r\nZonbait ehun bikotek habia Pirinioetako mendixka oihantsuetan egiten baldin badute ere, oraindik gehiago dira neguan, Europa iparraldekoak Espainia eta Euskal Herrira heldu direlarik. Batez beste urte guziz 5000 miru gorri kondatuak dira pasaian Euskal Herriko mendi lepoetan. Beste batzu hemen berean negutzen dute, arrats bakoitzari buruz lotegi handiak osatuz, 300 xori arte konda ditzaketenak. Europako populazioaren parte nagusiak Espainian negutzen du.\r\n\r\n<object width=\"425\" height=\"344\" classid=\"clsid:d27cdb6e-ae6d-11cf-96b8-444553540000\" codebase=\"http:\/\/download.macromedia.com\/pub\/shockwave\/cabs\/flash\/swflash.cab#version=6,0,40,0\"><param name=\"src\" value=\"http:\/\/www.youtube.com\/v\/R1_1Ne5nnCk&hl=en&fs=1&rel=0&color1=0x3a3a3a&color2=0x999999\"><param name=\"allowfullscreen\" value=\"true\"><embed width=\"425\" height=\"344\" type=\"application\/x-shockwave-flash\" src=\"http:\/\/www.youtube.com\/v\/R1_1Ne5nnCk&hl=en&fs=1&rel=0&color1=0x3a3a3a&color2=0x999999\" allowfullscreen=\"allowfullscreen\"><\/object>\r\n<em>Iturria: ecompositeur<\/em>\r\n\r\nMiru gorria Europan bakarrik kausi daiteke, bertze inon ere ez. Azken urte hauetan, kopurua biziki ttipitu da, bereziki Frantzia iparraldean. Ondorioz, Frantzia mailan, harrapari mota honen biziberritzeko plan bat abian ezarri dute.\r\n<h2>Nortasun agiria<\/h2>\r\n<strong>Izen zientifikoa:<\/strong>\u00a0Milvus milvus\r\n<strong>Euskara:<\/strong>\u00a0Miru gorria\r\n<strong>Frantsesa:\u00a0<\/strong>Milan royal\r\n<strong>Gaztelera:<\/strong>\u00a0Milano real\r\n<strong>Inglesa:<\/strong>\u00a0Red kite\r\n\r\n<strong>Handitasuna:<\/strong>\u00a059 \u2013 66 cm\r\n<strong>Hego-luzera:\u00a0<\/strong>175 \u2013 195 cm\r\n<strong>Pisua:<\/strong>\u00a00,8 \u2013 1,25 kg\r\n\r\n<strong>Kontserbazio egoera:<\/strong>\u00a0Babestua den espeziea. Orain arte ez zen mehatxatuak diren espezieen Frantziako zerrenda gorrian agertzen bainan estatusa hori aldatzekotan dira ikusiz Miru gorriaren populazioak ttipitu direla anitz.\r\n<h2>Xehetasunak:<\/h2>\r\n<ul>\r\n \t<li><a href=\"https:\/\/mediation-patrimoine.com\/saiakberria\/files\/2011\/12\/reproduction_milan_royal_pays_basque_2011.pdf\">Miru gorriaren ugalketa Ipar Euskal Herrian<\/a>\r\n(2011, Aur\u00e9lien Andr\u00e9 - Saiak elkartea)<\/li>\r\n \t<li><a href=\"http:\/\/www.pourdespyreneesvivantes.fr\/\" target=\"_self\">http:\/\/www.pourdespyreneesvivantes.fr<\/a><\/li>\r\n \t<li><a href=\"http:\/\/www.oiseaux.net\/oiseaux\/milan.royal.html\" target=\"_self\">http:\/\/www.oiseaux.net<\/a><\/li>\r\n \t<li><a href=\"http:\/\/milan-royal.lpo.fr\/\" target=\"_self\">http:\/\/milan-royal.lpo.fr<\/a><\/li>\r\n<\/ul>","_et_gb_content_width":"","ngg_post_thumbnail":0,"footnotes":""},"class_list":["post-731","page","type-page","status-publish","has-post-thumbnail","hentry"],"yoast_head":"<!-- This site is optimized with the Yoast SEO plugin v27.4 - https:\/\/yoast.com\/product\/yoast-seo-wordpress\/ -->\n<title>Milan royal &#060; SAIAK<\/title>\n<meta name=\"robots\" content=\"index, follow, max-snippet:-1, max-image-preview:large, max-video-preview:-1\" \/>\n<link rel=\"canonical\" href=\"https:\/\/saiak.com\/fr\/especes-etudiees-par-saiak\/milan-royal\/\" \/>\n<meta property=\"og:locale\" content=\"fr_FR\" \/>\n<meta property=\"og:type\" content=\"article\" \/>\n<meta property=\"og:title\" content=\"Milan royal &#060; SAIAK\" \/>\n<meta property=\"og:description\" content=\"Le milan royal est une esp\u00e8ce exclusivement europ\u00e9enne et un migrateur partiel : une partie seulement de ses effectifs nicheurs se d\u00e9placent en automne sur des zones d\u2019hivernage et retourne au printemps. Ainsi, les Pyr\u00e9n\u00e9es sont un lieu de passage des populations nichant au centre et au nord de l\u2019Europe.\" \/>\n<meta property=\"og:url\" content=\"https:\/\/saiak.com\/fr\/especes-etudiees-par-saiak\/milan-royal\/\" \/>\n<meta property=\"og:site_name\" content=\"SAIAK\" \/>\n<meta property=\"article:modified_time\" content=\"2020-01-03T19:34:17+00:00\" \/>\n<meta property=\"og:image\" content=\"https:\/\/saiak.com\/files\/2011\/12\/MG_9224-500x333.jpg\" \/>\n\t<meta property=\"og:image:width\" content=\"500\" \/>\n\t<meta property=\"og:image:height\" content=\"333\" \/>\n\t<meta property=\"og:image:type\" content=\"image\/jpeg\" \/>\n<meta name=\"twitter:label1\" content=\"Dur\u00e9e de lecture estim\u00e9e\" \/>\n\t<meta name=\"twitter:data1\" content=\"3 minutes\" \/>\n<script type=\"application\/ld+json\" class=\"yoast-schema-graph\">{\"@context\":\"https:\\\/\\\/schema.org\",\"@graph\":[{\"@type\":\"WebPage\",\"@id\":\"https:\\\/\\\/saiak.com\\\/fr\\\/especes-etudiees-par-saiak\\\/milan-royal\\\/\",\"url\":\"https:\\\/\\\/saiak.com\\\/fr\\\/especes-etudiees-par-saiak\\\/milan-royal\\\/\",\"name\":\"Milan royal &#060; SAIAK\",\"isPartOf\":{\"@id\":\"https:\\\/\\\/saiak.com\\\/eu\\\/#website\"},\"primaryImageOfPage\":{\"@id\":\"https:\\\/\\\/saiak.com\\\/fr\\\/especes-etudiees-par-saiak\\\/milan-royal\\\/#primaryimage\"},\"image\":{\"@id\":\"https:\\\/\\\/saiak.com\\\/fr\\\/especes-etudiees-par-saiak\\\/milan-royal\\\/#primaryimage\"},\"thumbnailUrl\":\"https:\\\/\\\/saiak.com\\\/files\\\/2011\\\/12\\\/MG_9224.jpg\",\"datePublished\":\"2011-11-22T19:35:00+00:00\",\"dateModified\":\"2020-01-03T19:34:17+00:00\",\"breadcrumb\":{\"@id\":\"https:\\\/\\\/saiak.com\\\/fr\\\/especes-etudiees-par-saiak\\\/milan-royal\\\/#breadcrumb\"},\"inLanguage\":\"fr-FR\",\"potentialAction\":[{\"@type\":\"ReadAction\",\"target\":[\"https:\\\/\\\/saiak.com\\\/fr\\\/especes-etudiees-par-saiak\\\/milan-royal\\\/\"]}]},{\"@type\":\"ImageObject\",\"inLanguage\":\"fr-FR\",\"@id\":\"https:\\\/\\\/saiak.com\\\/fr\\\/especes-etudiees-par-saiak\\\/milan-royal\\\/#primaryimage\",\"url\":\"https:\\\/\\\/saiak.com\\\/files\\\/2011\\\/12\\\/MG_9224.jpg\",\"contentUrl\":\"https:\\\/\\\/saiak.com\\\/files\\\/2011\\\/12\\\/MG_9224.jpg\",\"width\":\"3504\",\"height\":\"2336\"},{\"@type\":\"BreadcrumbList\",\"@id\":\"https:\\\/\\\/saiak.com\\\/fr\\\/especes-etudiees-par-saiak\\\/milan-royal\\\/#breadcrumb\",\"itemListElement\":[{\"@type\":\"ListItem\",\"position\":1,\"name\":\"\",\"item\":\"https:\\\/\\\/saiak.com\\\/fr\\\/\"},{\"@type\":\"ListItem\",\"position\":2,\"name\":\"Esp\u00e8ces \u00e9tudi\u00e9es par Saiak\",\"item\":\"https:\\\/\\\/saiak.com\\\/fr\\\/especes-etudiees-par-saiak\\\/\"},{\"@type\":\"ListItem\",\"position\":3,\"name\":\"Milan royal\"}]},{\"@type\":\"WebSite\",\"@id\":\"https:\\\/\\\/saiak.com\\\/eu\\\/#website\",\"url\":\"https:\\\/\\\/saiak.com\\\/eu\\\/\",\"name\":\"SAIAK\",\"description\":\"Euskal Herriko harraparien ikerketa eta zainketa | \u00c9tude et protection des rapaces en Pays Basque\",\"potentialAction\":[{\"@type\":\"SearchAction\",\"target\":{\"@type\":\"EntryPoint\",\"urlTemplate\":\"https:\\\/\\\/saiak.com\\\/eu\\\/?s={search_term_string}\"},\"query-input\":{\"@type\":\"PropertyValueSpecification\",\"valueRequired\":true,\"valueName\":\"search_term_string\"}}],\"inLanguage\":\"fr-FR\"}]}<\/script>\n<!-- \/ Yoast SEO plugin. -->","yoast_head_json":{"title":"Milan royal &#060; SAIAK","robots":{"index":"index","follow":"follow","max-snippet":"max-snippet:-1","max-image-preview":"max-image-preview:large","max-video-preview":"max-video-preview:-1"},"canonical":"https:\/\/saiak.com\/fr\/especes-etudiees-par-saiak\/milan-royal\/","og_locale":"fr_FR","og_type":"article","og_title":"Milan royal &#060; SAIAK","og_description":"Le milan royal est une esp\u00e8ce exclusivement europ\u00e9enne et un migrateur partiel : une partie seulement de ses effectifs nicheurs se d\u00e9placent en automne sur des zones d\u2019hivernage et retourne au printemps. Ainsi, les Pyr\u00e9n\u00e9es sont un lieu de passage des populations nichant au centre et au nord de l\u2019Europe.","og_url":"https:\/\/saiak.com\/fr\/especes-etudiees-par-saiak\/milan-royal\/","og_site_name":"SAIAK","article_modified_time":"2020-01-03T19:34:17+00:00","og_image":[{"width":500,"height":333,"url":"https:\/\/saiak.com\/files\/2011\/12\/MG_9224-500x333.jpg","type":"image\/jpeg"}],"twitter_misc":{"Dur\u00e9e de lecture estim\u00e9e":"3 minutes"},"schema":{"@context":"https:\/\/schema.org","@graph":[{"@type":"WebPage","@id":"https:\/\/saiak.com\/fr\/especes-etudiees-par-saiak\/milan-royal\/","url":"https:\/\/saiak.com\/fr\/especes-etudiees-par-saiak\/milan-royal\/","name":"Milan royal &#060; SAIAK","isPartOf":{"@id":"https:\/\/saiak.com\/eu\/#website"},"primaryImageOfPage":{"@id":"https:\/\/saiak.com\/fr\/especes-etudiees-par-saiak\/milan-royal\/#primaryimage"},"image":{"@id":"https:\/\/saiak.com\/fr\/especes-etudiees-par-saiak\/milan-royal\/#primaryimage"},"thumbnailUrl":"https:\/\/saiak.com\/files\/2011\/12\/MG_9224.jpg","datePublished":"2011-11-22T19:35:00+00:00","dateModified":"2020-01-03T19:34:17+00:00","breadcrumb":{"@id":"https:\/\/saiak.com\/fr\/especes-etudiees-par-saiak\/milan-royal\/#breadcrumb"},"inLanguage":"fr-FR","potentialAction":[{"@type":"ReadAction","target":["https:\/\/saiak.com\/fr\/especes-etudiees-par-saiak\/milan-royal\/"]}]},{"@type":"ImageObject","inLanguage":"fr-FR","@id":"https:\/\/saiak.com\/fr\/especes-etudiees-par-saiak\/milan-royal\/#primaryimage","url":"https:\/\/saiak.com\/files\/2011\/12\/MG_9224.jpg","contentUrl":"https:\/\/saiak.com\/files\/2011\/12\/MG_9224.jpg","width":"3504","height":"2336"},{"@type":"BreadcrumbList","@id":"https:\/\/saiak.com\/fr\/especes-etudiees-par-saiak\/milan-royal\/#breadcrumb","itemListElement":[{"@type":"ListItem","position":1,"name":"","item":"https:\/\/saiak.com\/fr\/"},{"@type":"ListItem","position":2,"name":"Esp\u00e8ces \u00e9tudi\u00e9es par Saiak","item":"https:\/\/saiak.com\/fr\/especes-etudiees-par-saiak\/"},{"@type":"ListItem","position":3,"name":"Milan royal"}]},{"@type":"WebSite","@id":"https:\/\/saiak.com\/eu\/#website","url":"https:\/\/saiak.com\/eu\/","name":"SAIAK","description":"Euskal Herriko harraparien ikerketa eta zainketa | \u00c9tude et protection des rapaces en Pays Basque","potentialAction":[{"@type":"SearchAction","target":{"@type":"EntryPoint","urlTemplate":"https:\/\/saiak.com\/eu\/?s={search_term_string}"},"query-input":{"@type":"PropertyValueSpecification","valueRequired":true,"valueName":"search_term_string"}}],"inLanguage":"fr-FR"}]}},"_links":{"self":[{"href":"https:\/\/saiak.com\/fr\/wp-json\/wp\/v2\/pages\/731\/"}],"collection":[{"href":"https:\/\/saiak.com\/fr\/wp-json\/wp\/v2\/pages\/"}],"about":[{"href":"https:\/\/saiak.com\/fr\/wp-json\/wp\/v2\/types\/page\/"}],"author":[{"embeddable":true,"href":"https:\/\/saiak.com\/fr\/wp-json\/wp\/v2\/users\/5\/"}],"replies":[{"embeddable":true,"href":"https:\/\/saiak.com\/fr\/wp-json\/wp\/v2\/comments\/?post=731"}],"version-history":[{"count":9,"href":"https:\/\/saiak.com\/fr\/wp-json\/wp\/v2\/pages\/731\/revisions\/"}],"predecessor-version":[{"id":3781,"href":"https:\/\/saiak.com\/fr\/wp-json\/wp\/v2\/pages\/731\/revisions\/3781\/"}],"up":[{"embeddable":true,"href":"https:\/\/saiak.com\/fr\/wp-json\/wp\/v2\/pages\/703\/"}],"wp:featuredmedia":[{"embeddable":true,"href":"https:\/\/saiak.com\/fr\/wp-json\/wp\/v2\/media\/840\/"}],"wp:attachment":[{"href":"https:\/\/saiak.com\/fr\/wp-json\/wp\/v2\/media\/?parent=731"}],"curies":[{"name":"wp","href":"https:\/\/api.w.org\/{rel}","templated":true}]}}