{"id":735,"date":"2012-07-29T08:37:29","date_gmt":"2012-07-29T08:37:29","guid":{"rendered":"https:\/\/saiak.com\/documents\/"},"modified":"2024-01-20T15:16:14","modified_gmt":"2024-01-20T15:16:14","slug":"documents","status":"publish","type":"page","link":"https:\/\/saiak.com\/fr\/documents\/","title":{"rendered":"Documents"},"content":{"rendered":"<p>[et_pb_section fb_built=\u00a0\u00bb1&Prime; _builder_version=\u00a0\u00bb4.16&Prime; custom_padding=\u00a0\u00bb30px|0px|30px|0px|true|false\u00a0\u00bb global_colors_info=\u00a0\u00bb{}\u00a0\u00bb][et_pb_row column_structure=\u00a0\u00bb3_4,1_4&Prime; _builder_version=\u00a0\u00bb4.16&Prime; custom_padding=\u00a0\u00bb0|0px|27px|0px|false|false\u00a0\u00bb global_colors_info=\u00a0\u00bb{}\u00a0\u00bb][et_pb_column type=\u00a0\u00bb3_4&Prime; _builder_version=\u00a0\u00bb4.16&Prime; custom_padding=\u00a0\u00bb|||\u00a0\u00bb global_colors_info=\u00a0\u00bb{}\u00a0\u00bb custom_padding__hover=\u00a0\u00bb|||\u00a0\u00bb][et_pb_text _builder_version=\u00a0\u00bb4.16&Prime; text_font=\u00a0\u00bbAcme|300|||||||\u00a0\u00bb text_text_color=\u00a0\u00bb#00333f\u00a0\u00bb text_font_size=\u00a0\u00bb36px\u00a0\u00bb text_letter_spacing=\u00a0\u00bb2px\u00a0\u00bb header_font=\u00a0\u00bb||||||||\u00a0\u00bb header_text_color=\u00a0\u00bb#0c71c3&Prime; header_2_font=\u00a0\u00bb||||||||\u00a0\u00bb header_3_font=\u00a0\u00bb||||||||\u00a0\u00bb text_line_height_tablet=\u00a0\u00bb\u00a0\u00bb text_line_height_phone=\u00a0\u00bb\u00a0\u00bb text_line_height_last_edited=\u00a0\u00bbon|phone\u00a0\u00bb global_colors_info=\u00a0\u00bb{}\u00a0\u00bb]<\/p>\n<p>Documents<\/p>\n<p>[\/et_pb_text][et_pb_text _builder_version=\u00a0\u00bb4.16&Prime; text_font=\u00a0\u00bb|600|||||||\u00a0\u00bb text_text_color=\u00a0\u00bb#00333f\u00a0\u00bb text_font_size=\u00a0\u00bb18px\u00a0\u00bb header_font=\u00a0\u00bb||||||||\u00a0\u00bb global_colors_info=\u00a0\u00bb{}\u00a0\u00bb]<\/p>\n<p>Documents de synth\u00e8se et \u00e9tudes produits par l\u2019association Saiak.<\/p>\n<p>[\/et_pb_text][et_pb_text _builder_version=\u00a0\u00bb4.19.4&Prime; text_font=\u00a0\u00bb||||||||\u00a0\u00bb text_font_size=\u00a0\u00bb16px\u00a0\u00bb link_font=\u00a0\u00bb||||||||\u00a0\u00bb ul_font=\u00a0\u00bb||||||||\u00a0\u00bb global_colors_info=\u00a0\u00bb{}\u00a0\u00bb]<\/p>\n<ul>\n<li>Clouet (M.) &#8211; <a href=\"https:\/\/saiak.com\/files\/2023\/02\/suivi-telemetrique-vautour-fauve-m-clouet.pdf\">Suivi t\u00e9l\u00e9m\u00e9trique de vautours fauves au Pays Basque : mise en oeuvre et premiers r\u00e9sultats<\/a> (2022)<\/li>\n<li>Clouet (M.) &amp; Rebours (I.) 2019. &#8211; <a href=\"https:\/\/saiak.com\/files\/2020\/02\/alauda-87-pays-basque.pdf\">Grands rapaces du Pays Basque : situation actuelle<\/a>.<br \/><a href=\"https:\/\/seofalauda.wixsite.com\/seof\">Alauda<\/a> 87 (4).<\/li>\n<li>Clouet (M.), Gonzalez (L.), Laspreses (F.) &amp; Rebours (I.) 2015. &#8211; <a href=\"https:\/\/saiak.com\/files\/2019\/08\/aigle-royal-regime-pays-basque.pdf\">Le r\u00e9gime alimentaire de l&rsquo;aigle royal (Aquila chrysaetos) en p\u00e9riode de reproduction dans le nord du Pays basque<\/a>.<br \/><a href=\"https:\/\/seofalauda.wixsite.com\/seof\">Alauda<\/a> 83 : 1-6.<\/li>\n<li>Clouet (M.), Rebours (I.) &amp; Gonzalez (L.) 2017. &#8211; <a href=\"https:\/\/saiak.com\/files\/2019\/08\/aigle-royal-reproduction-pays-basque.pdf\">Param\u00e8tres de reproduction de l\u2019Aigle royal (Aquila chrysaetos) au Pays basque nord : r\u00e9sultats sur une p\u00e9riode de 12 ans (2005-2016)<\/a>.<br \/>Le Casseur d\u2019os 17 : 95-101.<\/li>\n<li><a href=\"https:\/\/saiak.com\/files\/2013\/11\/dortoir-vautour-percnoptere-2013.pdf\">\u00ab\u00a02013 \u2013 Observation des dortoirs de vautours percnopt\u00e8res au Pays basque : int\u00e9r\u00eat, limites et perspectives\u00a0\u00bb<\/a><br \/>Michel Clouet, Isabelle Rebours, Luc Gonzalez et les observateurs de l\u2019association Saiak (D\u00e9cembre 2013)<\/li>\n<li><a href=\"https:\/\/saiak.com\/files\/2013\/09\/aigle-royal-pays-basque-2013.pdf\">\u00ab\u00a02013, une ann\u00e9e exceptionnelle pour la reproduction de l\u2019Aigle royal \u00e0 l\u2019extr\u00e9mit\u00e9 occidentale des Pyr\u00e9n\u00e9es\u00a0\u00bb<\/a><br \/>Michel Clouet et les observateurs de Saiak (Septembre 2013)<\/li>\n<li><a href=\"https:\/\/saiak.com\/files\/2013\/02\/Synth%C3%A8se-Milan-royal-20121.pdf\">\u00ab\u00a0Reproduction du milan royal au Pays Basque \u2013 Synth\u00e8se 2012\u00a0\u00bb<br \/><\/a>Aur\u00e9lien Andr\u00e9 \u2013 Association Saiak (F\u00e9vrier 2013)<\/li>\n<li><a href=\"https:\/\/saiak.com\/files\/2011\/12\/reproduction_milan_royal_pays_basque_2011.pdf\">\u00ab\u00a0Reproduction du milan royal au Pays Basque \u2013 Synth\u00e8se 2011 \u2013 Bilan des connaissances\u00a0\u00bb<br \/><\/a>Aur\u00e9lien Andr\u00e9 \u2013 Association Saiak (D\u00e9cembre 2011)<\/li>\n<\/ul>\n<p>[\/et_pb_text][et_pb_testimonial portrait_url=\u00a0\u00bbhttps:\/\/saiak.com\/files\/2019\/01\/per-dsc-0299-curutcharry-pagoaga.jpg\u00a0\u00bb quote_icon=\u00a0\u00bboff\u00a0\u00bb _builder_version=\u00a0\u00bb3.19.4&Prime; global_module=\u00a0\u00bb3847&Prime; saved_tabs=\u00a0\u00bball\u00a0\u00bb global_colors_info=\u00a0\u00bb{}\u00a0\u00bb]<\/p>\n<h1>Les fiches de connaissance du Vautour percnopt\u00e8re<\/h1>\n<p>L&rsquo;association SAIAK a produit six fiches t\u00e9l\u00e9chargeables gratuitement au format PDF pour mieux conna\u00eetre, par exemple, l&#8217;empreinte culturelle, la biologie ou encore la migration du vautour percnopt\u00e8re. Avec un focus sp\u00e9cifique sur la pr\u00e9sence et le suivi de cette esp\u00e8ce en Pays Basque nord.<\/p>\n<ol>\n<li><a href=\"https:\/\/saiak.com\/files\/2020\/06\/vautour-percnoptere-saiak-1.pdf\">Sur les traces du Vautour percnopt\u00e8re au Pays Basque<\/a><\/li>\n<li><a href=\"https:\/\/saiak.com\/files\/2020\/06\/vautour-percnoptere-saiak-2.pdf\">Le Vautour percnopt\u00e8re au Pays Basque<\/a><\/li>\n<li><a href=\"https:\/\/saiak.com\/files\/2020\/06\/vautour-percnoptere-saiak-3.pdf\">Les dortoirs : t\u00e9moignages de la sociabilit\u00e9 des Vautours percnopt\u00e8res<\/a><\/li>\n<li><a href=\"https:\/\/saiak.com\/files\/2020\/06\/vautour-percnoptere-saiak-4.pdf\">La migration du Vautour percnopt\u00e8re : deux voyages dangereux<\/a><\/li>\n<li><a href=\"https:\/\/saiak.com\/files\/2020\/06\/vautour-percnoptere-saiak-5.pdf\">La migration du Vautour percnopt\u00e8re, menaces lors de l\u2019hivernage<\/a><\/li>\n<li><a href=\"https:\/\/saiak.com\/files\/2020\/06\/vautour-percnoptere-saiak-6.pdf\">Le premier hivernage d\u2019Errobi, jeune Vautour percnopt\u00e8re : premi\u00e8re migration vers l\u2019Afrique\u2026<\/a><\/li>\n<\/ol>\n<p>Consultez \u00e9galement <a href=\"https:\/\/www.saiak.com\/fr\/documents\/\">les newsletters de SAIAK<\/a> afin de suivre l&rsquo;actualit\u00e9 sp\u00e9cifique du suivi de cette esp\u00e8ce.<\/p>\n<p>[\/et_pb_testimonial][et_pb_testimonial portrait_url=\u00a0\u00bbhttps:\/\/saiak.com\/files\/2019\/01\/mg_6597-pagoaga.jpg\u00a0\u00bb quote_icon=\u00a0\u00bboff\u00a0\u00bb _builder_version=\u00a0\u00bb4.18.0&Prime; global_module=\u00a0\u00bb4067&Prime; saved_tabs=\u00a0\u00bball\u00a0\u00bb global_colors_info=\u00a0\u00bb{}\u00a0\u00bb]<\/p>\n<h1>Les fiches de connaissance du Gypa\u00e8te barbu<\/h1>\n<p>L&rsquo;association SAIAK a produit quatre fiches t\u00e9l\u00e9chargeables gratuitement au format PDF pour mieux conna\u00eetre le gypa\u00e8te barbu. Avec un focus sp\u00e9cifique sur la pr\u00e9sence et le suivi de cette esp\u00e8ce en Pays Basque nord.<\/p>\n<ol>\n<li><a href=\"https:\/\/saiak.com\/files\/2022\/11\/1-gypaete-barbu-pays-basque-2022.pdf\">Sur les traces du Gypa\u00e8te barbu au Pays Basque<\/a><\/li>\n<li><a href=\"https:\/\/saiak.com\/files\/2022\/11\/2-gypaete-barbu-pays-basque-2022.pdf\">Le Gypa\u00e8te barbu au Pays Basque<\/a><\/li>\n<li><a href=\"https:\/\/saiak.com\/files\/2022\/11\/3-gypaete-barbu-pays-basque-2022.pdf\">Le Gypa\u00e8te barbu au Pays Basque: un avenir fragile<\/a><\/li>\n<li><a href=\"https:\/\/saiak.com\/files\/2022\/11\/4-gypaete-barbu-pays-basque-2022.pdf\">Le Gypa\u00e8te barbu : coloration du plumage<\/a><\/li>\n<\/ol>\n<p>&nbsp;<\/p>\n<p>[\/et_pb_testimonial][\/et_pb_column][et_pb_column type=\u00a0\u00bb1_4&Prime; _builder_version=\u00a0\u00bb4.16&Prime; custom_padding=\u00a0\u00bb|||\u00a0\u00bb global_colors_info=\u00a0\u00bb{}\u00a0\u00bb custom_padding__hover=\u00a0\u00bb|||\u00a0\u00bb][\/et_pb_column][\/et_pb_row][\/et_pb_section]<\/p>\n","protected":false},"excerpt":{"rendered":"<p>Documents de synth\u00e8se et \u00e9tudes produits par l\u2019association Saiak.<\/p>\n","protected":false},"author":5,"featured_media":855,"parent":0,"menu_order":0,"comment_status":"closed","ping_status":"closed","template":"","meta":{"_et_pb_use_builder":"on","_et_pb_old_content":"<strong>Saiak elkarteak ekoiztu ikerlanak eta dokumentuak.<\/strong>\r\n<ul>\r\n\t<li><a href=\"https:\/\/saiak.com\/files\/2013\/11\/dortoir-vautour-percnoptere-2013.pdf\">2013 - Sai zurien lotegien behaketa Ipar Euskal Herrian: interesak, mugak eta perspesktibak<\/a>\r\nMichel Clouet, Isabelle Rebours, Luc Gonzalez eta Saiak elkarteko behatzaileak (2013ko abendua)<\/li>\r\n\t<li><a href=\"https:\/\/saiak.com\/files\/2013\/09\/aigle-royal-pays-basque-2013.pdf\">2013, urte arras berezia Pirineoetako mendebaleko muturrean Arrano beltzaren ugalketari begira (\"2013, une ann\u00e9e exceptionnelle pour la reproduction de l'Aigle royal \u00e0 l'extr\u00e9mit\u00e9 occidentale des Pyr\u00e9n\u00e9es\")<\/a>\r\nMichel Clouet & Saiak elkarteko behatzaileak (2013ko iraila)<\/li>\r\n\t<li><a href=\"https:\/\/mediation-patrimoine.com\/saiakberria\/files\/2013\/02\/Synth\u00e8se-Milan-royal-20121.pdf\">Miru gorriaren ugalketa Ipar Euskal Herrian (\"Reproduction du milan royal au Pays basque - Synth\u00e8se 2012<\/a>\r\nAur\u00e9lien Andr\u00e9 \u2013 Saiak elkartea (2013ko otsaila)<\/li>\r\n\t<li><a href=\"https:\/\/saiak.com\/files\/2011\/12\/reproduction_milan_royal_pays_basque_2011.pdf\">Miru gorriaren ugalketa Ipar Euskal Herrian (\"Reproduction du milan royal au Pays basque - Synth\u00e8se 2011 \u2013 Bilan des connaissances\")<\/a>\r\nAur\u00e9lien Andr\u00e9 \u2013 Saiak elkartea (2011ko abendua)<\/li>\r\n<\/ul>","_et_gb_content_width":"","ngg_post_thumbnail":0,"footnotes":""},"class_list":["post-735","page","type-page","status-publish","has-post-thumbnail","hentry"],"yoast_head":"<!-- This site is optimized with the Yoast SEO plugin v27.4 - https:\/\/yoast.com\/product\/yoast-seo-wordpress\/ -->\n<title>Documents &#060; SAIAK<\/title>\n<meta name=\"robots\" content=\"index, follow, max-snippet:-1, max-image-preview:large, max-video-preview:-1\" \/>\n<link rel=\"canonical\" href=\"https:\/\/saiak.com\/fr\/documents\/\" \/>\n<meta property=\"og:locale\" content=\"fr_FR\" \/>\n<meta property=\"og:type\" content=\"article\" \/>\n<meta property=\"og:title\" content=\"Documents &#060; SAIAK\" \/>\n<meta property=\"og:description\" content=\"Documents de synth\u00e8se et \u00e9tudes produits par l\u2019association Saiak.\" \/>\n<meta property=\"og:url\" content=\"https:\/\/saiak.com\/fr\/documents\/\" \/>\n<meta property=\"og:site_name\" content=\"SAIAK\" \/>\n<meta property=\"article:modified_time\" content=\"2024-01-20T15:16:14+00:00\" \/>\n<meta property=\"og:image\" content=\"https:\/\/saiak.com\/files\/2012\/07\/IMG_4087-500x333.jpg\" \/>\n\t<meta property=\"og:image:width\" content=\"500\" \/>\n\t<meta property=\"og:image:height\" content=\"333\" \/>\n\t<meta property=\"og:image:type\" content=\"image\/jpeg\" \/>\n<meta name=\"twitter:label1\" content=\"Dur\u00e9e de lecture estim\u00e9e\" \/>\n\t<meta name=\"twitter:data1\" content=\"3 minutes\" \/>\n<script type=\"application\/ld+json\" class=\"yoast-schema-graph\">{\"@context\":\"https:\\\/\\\/schema.org\",\"@graph\":[{\"@type\":\"WebPage\",\"@id\":\"https:\\\/\\\/saiak.com\\\/fr\\\/documents\\\/\",\"url\":\"https:\\\/\\\/saiak.com\\\/fr\\\/documents\\\/\",\"name\":\"Documents &#060; SAIAK\",\"isPartOf\":{\"@id\":\"https:\\\/\\\/saiak.com\\\/eu\\\/#website\"},\"primaryImageOfPage\":{\"@id\":\"https:\\\/\\\/saiak.com\\\/fr\\\/documents\\\/#primaryimage\"},\"image\":{\"@id\":\"https:\\\/\\\/saiak.com\\\/fr\\\/documents\\\/#primaryimage\"},\"thumbnailUrl\":\"https:\\\/\\\/saiak.com\\\/files\\\/2012\\\/07\\\/IMG_4087.jpg\",\"datePublished\":\"2012-07-29T08:37:29+00:00\",\"dateModified\":\"2024-01-20T15:16:14+00:00\",\"breadcrumb\":{\"@id\":\"https:\\\/\\\/saiak.com\\\/fr\\\/documents\\\/#breadcrumb\"},\"inLanguage\":\"fr-FR\",\"potentialAction\":[{\"@type\":\"ReadAction\",\"target\":[\"https:\\\/\\\/saiak.com\\\/fr\\\/documents\\\/\"]}]},{\"@type\":\"ImageObject\",\"inLanguage\":\"fr-FR\",\"@id\":\"https:\\\/\\\/saiak.com\\\/fr\\\/documents\\\/#primaryimage\",\"url\":\"https:\\\/\\\/saiak.com\\\/files\\\/2012\\\/07\\\/IMG_4087.jpg\",\"contentUrl\":\"https:\\\/\\\/saiak.com\\\/files\\\/2012\\\/07\\\/IMG_4087.jpg\",\"width\":\"3739\",\"height\":\"2493\"},{\"@type\":\"BreadcrumbList\",\"@id\":\"https:\\\/\\\/saiak.com\\\/fr\\\/documents\\\/#breadcrumb\",\"itemListElement\":[{\"@type\":\"ListItem\",\"position\":1,\"name\":\"\",\"item\":\"https:\\\/\\\/saiak.com\\\/fr\\\/\"},{\"@type\":\"ListItem\",\"position\":2,\"name\":\"Documents\"}]},{\"@type\":\"WebSite\",\"@id\":\"https:\\\/\\\/saiak.com\\\/eu\\\/#website\",\"url\":\"https:\\\/\\\/saiak.com\\\/eu\\\/\",\"name\":\"SAIAK\",\"description\":\"Euskal Herriko harraparien ikerketa eta zainketa | \u00c9tude et protection des rapaces en Pays Basque\",\"potentialAction\":[{\"@type\":\"SearchAction\",\"target\":{\"@type\":\"EntryPoint\",\"urlTemplate\":\"https:\\\/\\\/saiak.com\\\/eu\\\/?s={search_term_string}\"},\"query-input\":{\"@type\":\"PropertyValueSpecification\",\"valueRequired\":true,\"valueName\":\"search_term_string\"}}],\"inLanguage\":\"fr-FR\"}]}<\/script>\n<!-- \/ Yoast SEO plugin. -->","yoast_head_json":{"title":"Documents &#060; SAIAK","robots":{"index":"index","follow":"follow","max-snippet":"max-snippet:-1","max-image-preview":"max-image-preview:large","max-video-preview":"max-video-preview:-1"},"canonical":"https:\/\/saiak.com\/fr\/documents\/","og_locale":"fr_FR","og_type":"article","og_title":"Documents &#060; SAIAK","og_description":"Documents de synth\u00e8se et \u00e9tudes produits par l\u2019association Saiak.","og_url":"https:\/\/saiak.com\/fr\/documents\/","og_site_name":"SAIAK","article_modified_time":"2024-01-20T15:16:14+00:00","og_image":[{"width":500,"height":333,"url":"https:\/\/saiak.com\/files\/2012\/07\/IMG_4087-500x333.jpg","type":"image\/jpeg"}],"twitter_misc":{"Dur\u00e9e de lecture estim\u00e9e":"3 minutes"},"schema":{"@context":"https:\/\/schema.org","@graph":[{"@type":"WebPage","@id":"https:\/\/saiak.com\/fr\/documents\/","url":"https:\/\/saiak.com\/fr\/documents\/","name":"Documents &#060; SAIAK","isPartOf":{"@id":"https:\/\/saiak.com\/eu\/#website"},"primaryImageOfPage":{"@id":"https:\/\/saiak.com\/fr\/documents\/#primaryimage"},"image":{"@id":"https:\/\/saiak.com\/fr\/documents\/#primaryimage"},"thumbnailUrl":"https:\/\/saiak.com\/files\/2012\/07\/IMG_4087.jpg","datePublished":"2012-07-29T08:37:29+00:00","dateModified":"2024-01-20T15:16:14+00:00","breadcrumb":{"@id":"https:\/\/saiak.com\/fr\/documents\/#breadcrumb"},"inLanguage":"fr-FR","potentialAction":[{"@type":"ReadAction","target":["https:\/\/saiak.com\/fr\/documents\/"]}]},{"@type":"ImageObject","inLanguage":"fr-FR","@id":"https:\/\/saiak.com\/fr\/documents\/#primaryimage","url":"https:\/\/saiak.com\/files\/2012\/07\/IMG_4087.jpg","contentUrl":"https:\/\/saiak.com\/files\/2012\/07\/IMG_4087.jpg","width":"3739","height":"2493"},{"@type":"BreadcrumbList","@id":"https:\/\/saiak.com\/fr\/documents\/#breadcrumb","itemListElement":[{"@type":"ListItem","position":1,"name":"","item":"https:\/\/saiak.com\/fr\/"},{"@type":"ListItem","position":2,"name":"Documents"}]},{"@type":"WebSite","@id":"https:\/\/saiak.com\/eu\/#website","url":"https:\/\/saiak.com\/eu\/","name":"SAIAK","description":"Euskal Herriko harraparien ikerketa eta zainketa | \u00c9tude et protection des rapaces en Pays Basque","potentialAction":[{"@type":"SearchAction","target":{"@type":"EntryPoint","urlTemplate":"https:\/\/saiak.com\/eu\/?s={search_term_string}"},"query-input":{"@type":"PropertyValueSpecification","valueRequired":true,"valueName":"search_term_string"}}],"inLanguage":"fr-FR"}]}},"_links":{"self":[{"href":"https:\/\/saiak.com\/fr\/wp-json\/wp\/v2\/pages\/735\/"}],"collection":[{"href":"https:\/\/saiak.com\/fr\/wp-json\/wp\/v2\/pages\/"}],"about":[{"href":"https:\/\/saiak.com\/fr\/wp-json\/wp\/v2\/types\/page\/"}],"author":[{"embeddable":true,"href":"https:\/\/saiak.com\/fr\/wp-json\/wp\/v2\/users\/5\/"}],"replies":[{"embeddable":true,"href":"https:\/\/saiak.com\/fr\/wp-json\/wp\/v2\/comments\/?post=735"}],"version-history":[{"count":14,"href":"https:\/\/saiak.com\/fr\/wp-json\/wp\/v2\/pages\/735\/revisions\/"}],"predecessor-version":[{"id":4169,"href":"https:\/\/saiak.com\/fr\/wp-json\/wp\/v2\/pages\/735\/revisions\/4169\/"}],"wp:featuredmedia":[{"embeddable":true,"href":"https:\/\/saiak.com\/fr\/wp-json\/wp\/v2\/media\/855\/"}],"wp:attachment":[{"href":"https:\/\/saiak.com\/fr\/wp-json\/wp\/v2\/media\/?parent=735"}],"curies":[{"name":"wp","href":"https:\/\/api.w.org\/{rel}","templated":true}]}}